{"id":768907,"date":"2025-08-28T13:36:04","date_gmt":"2025-08-28T10:36:04","guid":{"rendered":"https:\/\/roveyayinevi.com.tr\/index.php\/urun\/coklu-krizler-golgesinde-sosyal-hizmet\/"},"modified":"2026-04-15T03:34:54","modified_gmt":"2026-04-15T00:34:54","slug":"coklu-krizler-golgesinde-sosyal-hizmet","status":"publish","type":"product","link":"https:\/\/roveyayinevi.com.tr\/index.php\/urun\/coklu-krizler-golgesinde-sosyal-hizmet\/","title":{"rendered":"\u00c7oklu Krizler G\u00f6lgesinde Sosyal Hizmet"},"content":{"rendered":"<p>Sosyal hizmet \u015fu temel soruyla y\u00fczle\u015fmelidir: Krizden krize ko\u015fan bir d\u00fcnyada bizim rol\u00fcm\u00fcz nedir? Bu soruya cevap verebilmek i\u00e7in s\u00f6z konusu krizlerin, do\u011frudan ve bariz etkilerinin \u00f6tesinde, temelde yatan nedenlerini incelemeliyiz. Neoliberal politikalar\u0131n fiyaskoyla sonu\u00e7lanmas\u0131, k\u00fcresel \u015firketlerin kontrols\u00fcz g\u00fcc\u00fc ve e\u015fitsizlik ile d\u0131\u015flanma, bu krizlerin sadece arka plan\u0131 de\u011fil bizatihi serpilip b\u00fcy\u00fcd\u00fc\u011f\u00fc topraklard\u0131r. Sosyal hizmetin sosyal adalet ve sistemik de\u011fi\u015fim y\u00f6n\u00fcnde bir kuvvete d\u00f6n\u00fc\u015fmesi bir paradigma de\u011fi\u015fimi gerektirir.  Dar bir perspektiften tek tek vakalara ve m\u00fcdahalelere odaklanmay\u0131 b\u0131rak\u0131p hizmet verdi\u011fimiz ki\u015filerin hayatlar\u0131n\u0131 \u015fekillendiren yap\u0131sal kuvvetlerle daha geni\u015f \u00e7apta etkile\u015fime girmemizi gerektirir. Bu da sosyal hizmetin siyasal boyutlar\u0131n\u0131 tan\u0131mak ve stat\u00fckoyu sorgulamaktan korkmayan daha radikal bir tav\u0131r benimsemek anlam\u0131na gelir. <\/p>\n","protected":false},"excerpt":{"rendered":"<p>Sosyal hizmet \u015fu temel soruyla y\u00fczle\u015fmelidir: Krizden krize ko\u015fan bir d\u00fcnyada bizim rol\u00fcm\u00fcz nedir? Bu soruya cevap verebilmek i\u00e7in s\u00f6z konusu krizlerin, do\u011frudan ve bariz etkilerinin<span class=\"excerpt-hellip\"> [\u2026]<\/span><\/p>\n","protected":false},"featured_media":0,"template":"","meta":{"_monsterinsights_skip_tracking":false,"_monsterinsights_sitenote_active":false,"_monsterinsights_sitenote_note":"","_monsterinsights_sitenote_category":0},"product_brand":[],"product_cat":[12835,12324],"product_tag":[],"class_list":{"0":"post-768907","1":"product","2":"type-product","3":"status-publish","5":"product_cat-genel-sosyoloji","6":"product_cat-sosyoloji","7":"pa_cilt-ciltsiz","8":"pa_tur-kitap","9":"pa_yayinevi-nika-yayinevi","10":"pa_yazar-kolektif","12":"first","13":"instock","14":"sale","15":"shipping-taxable","16":"purchasable","17":"product-type-simple"},"_links":{"self":[{"href":"https:\/\/roveyayinevi.com.tr\/index.php\/wp-json\/wp\/v2\/product\/768907","targetHints":{"allow":["GET"]}}],"collection":[{"href":"https:\/\/roveyayinevi.com.tr\/index.php\/wp-json\/wp\/v2\/product"}],"about":[{"href":"https:\/\/roveyayinevi.com.tr\/index.php\/wp-json\/wp\/v2\/types\/product"}],"wp:attachment":[{"href":"https:\/\/roveyayinevi.com.tr\/index.php\/wp-json\/wp\/v2\/media?parent=768907"}],"wp:term":[{"taxonomy":"product_brand","embeddable":true,"href":"https:\/\/roveyayinevi.com.tr\/index.php\/wp-json\/wp\/v2\/product_brand?post=768907"},{"taxonomy":"product_cat","embeddable":true,"href":"https:\/\/roveyayinevi.com.tr\/index.php\/wp-json\/wp\/v2\/product_cat?post=768907"},{"taxonomy":"product_tag","embeddable":true,"href":"https:\/\/roveyayinevi.com.tr\/index.php\/wp-json\/wp\/v2\/product_tag?post=768907"}],"curies":[{"name":"wp","href":"https:\/\/api.w.org\/{rel}","templated":true}]}}