{"id":768906,"date":"2025-08-28T13:36:02","date_gmt":"2025-08-28T10:36:02","guid":{"rendered":"https:\/\/roveyayinevi.com.tr\/index.php\/urun\/ayse-bir-oruc-mangasi\/"},"modified":"2026-01-28T03:58:28","modified_gmt":"2026-01-28T00:58:28","slug":"ayse-bir-oruc-mangasi","status":"publish","type":"product","link":"https:\/\/roveyayinevi.com.tr\/index.php\/urun\/ayse-bir-oruc-mangasi\/","title":{"rendered":"Ay\u015fe \/ Bir Oru\u00e7 Mangas\u0131"},"content":{"rendered":"<p>\u00c7ocuklar s\u0131k\u0131 durun! Bay\u0131ld\u0131\u011f\u0131n\u0131z mangalar serisine muhte\u015fem bir kitap kat\u0131l\u0131yor! Mini minicik Ay\u015fecik, Ramazan ay\u0131 geldi\u011finde annesiyle babas\u0131n\u0131n tatl\u0131 tela\u015flar\u0131n\u0131 fark ediyor. O da sahura kalmak, oru\u00e7 tutmak, iftar sofras\u0131n\u0131n ba\u015fk\u00f6\u015fesine kurulmak istiyor. Ama t\u00fcm g\u00fcn a\u00e7 kalmak hi\u00e7 kolay de\u011fil. \u00d6zellikle ortalarda g\u0131c\u0131k \u00fcvey ablas\u0131 varken! Anlay\u0131\u015fl\u0131 bir anne, sevgi dolu bir \u00fcvey baba ve g\u0131c\u0131k bir \u00fcvey abla\u2026 Bakal\u0131m Ay\u015fe tam g\u00fcn oru\u00e7 tutabilecek mi bu Ramazan\u2019da? <\/p>\n","protected":false},"excerpt":{"rendered":"<p>\u00c7ocuklar s\u0131k\u0131 durun! Bay\u0131ld\u0131\u011f\u0131n\u0131z mangalar serisine muhte\u015fem bir kitap kat\u0131l\u0131yor! Mini minicik Ay\u015fecik, Ramazan ay\u0131 geldi\u011finde annesiyle babas\u0131n\u0131n tatl\u0131 tela\u015flar\u0131n\u0131 fark ediyor. O da sahura kalmak,<span class=\"excerpt-hellip\"> [\u2026]<\/span><\/p>\n","protected":false},"featured_media":0,"template":"","meta":{"_monsterinsights_skip_tracking":false,"_monsterinsights_sitenote_active":false,"_monsterinsights_sitenote_note":"","_monsterinsights_sitenote_category":0},"product_brand":[],"product_cat":[12274,18802],"product_tag":[],"class_list":{"0":"post-768906","1":"product","2":"type-product","3":"status-publish","5":"product_cat-cocuk-ve-genclik-kitaplari","6":"product_cat-din-egitimi","7":"pa_cilt-ciltsiz","8":"pa_tur-kitap","9":"pa_yayinevi-aile-yayinlari","10":"pa_yazar-aman-wan","12":"first","13":"instock","14":"sale","15":"shipping-taxable","16":"purchasable","17":"product-type-simple"},"_links":{"self":[{"href":"https:\/\/roveyayinevi.com.tr\/index.php\/wp-json\/wp\/v2\/product\/768906","targetHints":{"allow":["GET"]}}],"collection":[{"href":"https:\/\/roveyayinevi.com.tr\/index.php\/wp-json\/wp\/v2\/product"}],"about":[{"href":"https:\/\/roveyayinevi.com.tr\/index.php\/wp-json\/wp\/v2\/types\/product"}],"wp:attachment":[{"href":"https:\/\/roveyayinevi.com.tr\/index.php\/wp-json\/wp\/v2\/media?parent=768906"}],"wp:term":[{"taxonomy":"product_brand","embeddable":true,"href":"https:\/\/roveyayinevi.com.tr\/index.php\/wp-json\/wp\/v2\/product_brand?post=768906"},{"taxonomy":"product_cat","embeddable":true,"href":"https:\/\/roveyayinevi.com.tr\/index.php\/wp-json\/wp\/v2\/product_cat?post=768906"},{"taxonomy":"product_tag","embeddable":true,"href":"https:\/\/roveyayinevi.com.tr\/index.php\/wp-json\/wp\/v2\/product_tag?post=768906"}],"curies":[{"name":"wp","href":"https:\/\/api.w.org\/{rel}","templated":true}]}}