{"id":768905,"date":"2025-08-28T13:36:00","date_gmt":"2025-08-28T10:36:00","guid":{"rendered":"https:\/\/roveyayinevi.com.tr\/index.php\/urun\/ayse-bir-namaz-mangasi\/"},"modified":"2026-01-28T03:58:28","modified_gmt":"2026-01-28T00:58:28","slug":"ayse-bir-namaz-mangasi","status":"publish","type":"product","link":"https:\/\/roveyayinevi.com.tr\/index.php\/urun\/ayse-bir-namaz-mangasi\/","title":{"rendered":"Ay\u015fe \/ Bir Namaz Mangas\u0131"},"content":{"rendered":"<p>\u00c7ocuklar s\u0131k\u0131 durun! Bay\u0131ld\u0131\u011f\u0131n\u0131z mangalar serisine muhte\u015fem bir kitap kat\u0131l\u0131yor! Mini minicik Ay\u015fecik, ailesi namaz k\u0131larken onlara kat\u0131lmak i\u00e7in b\u00fcy\u00fck bir heyecan duyuyor. Ama namaza dair pek bir \u015fey bilmiyor ve \u00f6\u011frenmek de olduk\u00e7a zor geliyor\u2026 Anlay\u0131\u015fl\u0131 bir anne, sevgi dolu bir \u00fcvey baba ve g\u0131c\u0131k bir \u00fcvey abla\u2026 Bakal\u0131m Ay\u015fe namaz k\u0131lmay\u0131 \u00f6\u011frenebilecek mi g\u00fcn\u00fcn sonunda? <\/p>\n","protected":false},"excerpt":{"rendered":"<p>\u00c7ocuklar s\u0131k\u0131 durun! Bay\u0131ld\u0131\u011f\u0131n\u0131z mangalar serisine muhte\u015fem bir kitap kat\u0131l\u0131yor! Mini minicik Ay\u015fecik, ailesi namaz k\u0131larken onlara kat\u0131lmak i\u00e7in b\u00fcy\u00fck bir heyecan duyuyor. Ama namaza dair<span class=\"excerpt-hellip\"> [\u2026]<\/span><\/p>\n","protected":false},"featured_media":0,"template":"","meta":{"_monsterinsights_skip_tracking":false,"_monsterinsights_sitenote_active":false,"_monsterinsights_sitenote_note":"","_monsterinsights_sitenote_category":0},"product_brand":[],"product_cat":[12274,18802],"product_tag":[],"class_list":{"0":"post-768905","1":"product","2":"type-product","3":"status-publish","5":"product_cat-cocuk-ve-genclik-kitaplari","6":"product_cat-din-egitimi","7":"pa_cilt-ciltsiz","8":"pa_tur-kitap","9":"pa_yayinevi-aile-yayinlari","10":"pa_yazar-aman-wan","12":"first","13":"instock","14":"sale","15":"shipping-taxable","16":"purchasable","17":"product-type-simple"},"_links":{"self":[{"href":"https:\/\/roveyayinevi.com.tr\/index.php\/wp-json\/wp\/v2\/product\/768905","targetHints":{"allow":["GET"]}}],"collection":[{"href":"https:\/\/roveyayinevi.com.tr\/index.php\/wp-json\/wp\/v2\/product"}],"about":[{"href":"https:\/\/roveyayinevi.com.tr\/index.php\/wp-json\/wp\/v2\/types\/product"}],"wp:attachment":[{"href":"https:\/\/roveyayinevi.com.tr\/index.php\/wp-json\/wp\/v2\/media?parent=768905"}],"wp:term":[{"taxonomy":"product_brand","embeddable":true,"href":"https:\/\/roveyayinevi.com.tr\/index.php\/wp-json\/wp\/v2\/product_brand?post=768905"},{"taxonomy":"product_cat","embeddable":true,"href":"https:\/\/roveyayinevi.com.tr\/index.php\/wp-json\/wp\/v2\/product_cat?post=768905"},{"taxonomy":"product_tag","embeddable":true,"href":"https:\/\/roveyayinevi.com.tr\/index.php\/wp-json\/wp\/v2\/product_tag?post=768905"}],"curies":[{"name":"wp","href":"https:\/\/api.w.org\/{rel}","templated":true}]}}