{"id":768904,"date":"2025-08-28T13:35:58","date_gmt":"2025-08-28T10:35:58","guid":{"rendered":"https:\/\/roveyayinevi.com.tr\/index.php\/urun\/ayse-bir-kuran-mangasi\/"},"modified":"2026-01-28T03:58:28","modified_gmt":"2026-01-28T00:58:28","slug":"ayse-bir-kuran-mangasi","status":"publish","type":"product","link":"https:\/\/roveyayinevi.com.tr\/index.php\/urun\/ayse-bir-kuran-mangasi\/","title":{"rendered":"Ay\u015fe \/ Bir Kur\u2019an Mangas\u0131"},"content":{"rendered":"<p>\u00c7ocuklar s\u0131k\u0131 durun! Bay\u0131ld\u0131\u011f\u0131n\u0131z mangalar serisine muhte\u015fem bir kitap kat\u0131l\u0131yor! Mini minicik Ay\u015fecik, ayn\u0131 \u00fcvey ablas\u0131 Sare gibi g\u00fczel Kur\u2019an okuyabilmek istiyor. Ama harfleri bir t\u00fcrl\u00fc akl\u0131nda tutup do\u011fru sesleri \u00e7\u0131karam\u0131yor. Neyse ki Ay\u015fe\u2019nin annesi, Ay\u015fe\u2019ye Kur\u2019an harflerini \u00f6\u011fretmek i\u00e7in \u00e7ok e\u011flenceli bir yol buluyor. Anlay\u0131\u015fl\u0131 bir anne, sevgi dolu bir \u00fcvey baba ve g\u0131c\u0131k bir \u00fcvey abla\u2026 Bakal\u0131m Ay\u015fe Kur\u2019an okumay\u0131 \u00f6\u011frenebilecek mi bu yolla? <\/p>\n","protected":false},"excerpt":{"rendered":"<p>\u00c7ocuklar s\u0131k\u0131 durun! Bay\u0131ld\u0131\u011f\u0131n\u0131z mangalar serisine muhte\u015fem bir kitap kat\u0131l\u0131yor! Mini minicik Ay\u015fecik, ayn\u0131 \u00fcvey ablas\u0131 Sare gibi g\u00fczel Kur\u2019an okuyabilmek istiyor. Ama harfleri bir t\u00fcrl\u00fc<span class=\"excerpt-hellip\"> [\u2026]<\/span><\/p>\n","protected":false},"featured_media":0,"template":"","meta":{"_monsterinsights_skip_tracking":false,"_monsterinsights_sitenote_active":false,"_monsterinsights_sitenote_note":"","_monsterinsights_sitenote_category":0},"product_brand":[],"product_cat":[12274,18802],"product_tag":[],"class_list":{"0":"post-768904","1":"product","2":"type-product","3":"status-publish","5":"product_cat-cocuk-ve-genclik-kitaplari","6":"product_cat-din-egitimi","7":"pa_cilt-ciltsiz","8":"pa_tur-kitap","9":"pa_yayinevi-aile-yayinlari","10":"pa_yazar-arsyari-adnan","12":"first","13":"instock","14":"sale","15":"shipping-taxable","16":"purchasable","17":"product-type-simple"},"_links":{"self":[{"href":"https:\/\/roveyayinevi.com.tr\/index.php\/wp-json\/wp\/v2\/product\/768904","targetHints":{"allow":["GET"]}}],"collection":[{"href":"https:\/\/roveyayinevi.com.tr\/index.php\/wp-json\/wp\/v2\/product"}],"about":[{"href":"https:\/\/roveyayinevi.com.tr\/index.php\/wp-json\/wp\/v2\/types\/product"}],"wp:attachment":[{"href":"https:\/\/roveyayinevi.com.tr\/index.php\/wp-json\/wp\/v2\/media?parent=768904"}],"wp:term":[{"taxonomy":"product_brand","embeddable":true,"href":"https:\/\/roveyayinevi.com.tr\/index.php\/wp-json\/wp\/v2\/product_brand?post=768904"},{"taxonomy":"product_cat","embeddable":true,"href":"https:\/\/roveyayinevi.com.tr\/index.php\/wp-json\/wp\/v2\/product_cat?post=768904"},{"taxonomy":"product_tag","embeddable":true,"href":"https:\/\/roveyayinevi.com.tr\/index.php\/wp-json\/wp\/v2\/product_tag?post=768904"}],"curies":[{"name":"wp","href":"https:\/\/api.w.org\/{rel}","templated":true}]}}