{"id":768903,"date":"2025-08-28T13:35:57","date_gmt":"2025-08-28T10:35:57","guid":{"rendered":"https:\/\/roveyayinevi.com.tr\/index.php\/urun\/lozan-baris-antlasmasi\/"},"modified":"2026-04-15T03:34:54","modified_gmt":"2026-04-15T00:34:54","slug":"lozan-baris-antlasmasi","status":"publish","type":"product","link":"https:\/\/roveyayinevi.com.tr\/index.php\/urun\/lozan-baris-antlasmasi\/","title":{"rendered":"Lozan Bar\u0131\u015f Antla\u015fmas\u0131"},"content":{"rendered":"<p>Lozan bir tarih\u00ee hesapla\u015fmad\u0131r. 150-200 y\u0131ld\u0131r uluslararas\u0131 g\u00fcndemi i\u015fgal eden \u015eark Meselesi\u2019nin son buldu\u011fu platformdur. Bat\u0131l\u0131lar\u0131n, Birinci D\u00fcnya Sava\u015f\u0131 (1914-18), Mondros Ate\u015fkesi (1918) ve Sevr Bar\u0131\u015f Antla\u015fmas\u0131 (1920) ile \u00e7\u00f6zd\u00fc\u011f\u00fcne inand\u0131\u011f\u0131 \u015eark Meselesi (co\u011frafyadan \u00e7\u0131karmay\u0131 ba\u015fard\u0131\u011f\u0131 Osmanl\u0131 Devleti\u2019nin ak\u0131beti) konusunda son s\u00f6z\u00fcn, Mill\u00ee M\u00fccadele (1919-22), Mudanya Ate\u015fkesi (1922) ve Lozan Bar\u0131\u015f\u0131 ile (1923) T\u00fcrkler taraf\u0131ndan s\u00f6ylendi\u011fi bir tarih\u00ee ger\u00e7ekliktir.   T\u00fcrkiye\u2019de 1914-1923 d\u00f6neminde ya\u015fanan Birinci D\u00fcnya Sava\u015f\u0131 ve akabinde giri\u015filen Mill\u00ee M\u00fccadele\u2019yi bitirip uzun bir \u201cbar\u0131\u015f devri\u201d a\u00e7an Lozan Bar\u0131\u015f Antla\u015fmas\u0131, 100 y\u0131ld\u0131r ge\u00e7erlili\u011fini korumas\u0131 bak\u0131m\u0131ndan ayr\u0131 bir \u00f6neme sahiptir. Elinizdeki kitap, Lozan\u2019a sadece T\u00fcrkiye\u2019nin de\u011fil, ayn\u0131 zamanda di\u011fer imzac\u0131 devletler ve antla\u015fmadan etkilenen \u00fclkelerin perspektifinden de bakmay\u0131 ama\u00e7l\u0131yor. Kitap, T\u00fcrkiye\u2019nin tarihsel kazan\u0131mlar\u0131n\u0131n yan\u0131 s\u0131ra \u0130ngiltere, Fransa, Yunanistan, ABD, Sovyetler Birli\u011fi, Japonya, Arap d\u00fcnyas\u0131, Bulgaristan, K\u0131br\u0131s, Irak, Ermenistan, M\u0131s\u0131r ve \u0130ran gibi pek \u00e7ok \u00fclkenin bu antla\u015fmaya bak\u0131\u015f a\u00e7\u0131lar\u0131n\u0131, d\u00f6nemin diplomatik dengelerini ve uluslararas\u0131 ili\u015fkilerini derinlemesine inceliyor. Eserde, Lozan Bar\u0131\u015f Antla\u015fmas\u0131 ile T\u00fcrkiye\u2019nin kazan\u0131m ve kay\u0131plar\u0131, T\u00fcrkiye\u2019nin verdi\u011fi diplomatik m\u00fccadele, bar\u0131\u015f\u0131n yans\u0131malar\u0131 vb. ba\u015fl\u0131klar tarih\u00e7iler, hukuk\u00e7ular, uluslararas\u0131 ili\u015fkiler ve di\u011fer sosyal bilimler uzmanlar\u0131nca ele al\u0131n\u0131yor. Lozan Bar\u0131\u015f Antla\u015fmas\u0131 &#8211; 100. Y\u0131l\u0131nda Taraflar\u0131n Bak\u0131\u015f\u0131yla adl\u0131 bu eser, Lozan Bar\u0131\u015f Antla\u015fmas\u0131\u2019n\u0131n 100. y\u0131l\u0131 an\u0131s\u0131na, uluslararas\u0131 perspektifiyle yeni bir soluk getiriyor ve tarihin bu \u00f6nemli d\u00f6n\u00fcm noktas\u0131n\u0131 daha geni\u015f bir \u00e7er\u00e7eveden de\u011ferlendirmeye olanak sa\u011fl\u0131yor. <\/p>\n","protected":false},"excerpt":{"rendered":"<p>Lozan bir tarih\u00ee hesapla\u015fmad\u0131r. 150-200 y\u0131ld\u0131r uluslararas\u0131 g\u00fcndemi i\u015fgal eden \u015eark Meselesi\u2019nin son buldu\u011fu platformdur. Bat\u0131l\u0131lar\u0131n, Birinci D\u00fcnya Sava\u015f\u0131 (1914-18), Mondros Ate\u015fkesi (1918) ve Sevr Bar\u0131\u015f<span class=\"excerpt-hellip\"> [\u2026]<\/span><\/p>\n","protected":false},"featured_media":0,"template":"","meta":{"_monsterinsights_skip_tracking":false,"_monsterinsights_sitenote_active":false,"_monsterinsights_sitenote_note":"","_monsterinsights_sitenote_category":0},"product_brand":[],"product_cat":[12304],"product_tag":[],"class_list":{"0":"post-768903","1":"product","2":"type-product","3":"status-publish","5":"product_cat-tarih","6":"pa_cilt-ciltsiz","7":"pa_tur-kitap","8":"pa_yayinevi-vakifbank-kultur-yayinlari","9":"pa_yazar-kolektif","11":"first","12":"instock","13":"sale","14":"shipping-taxable","15":"purchasable","16":"product-type-simple"},"_links":{"self":[{"href":"https:\/\/roveyayinevi.com.tr\/index.php\/wp-json\/wp\/v2\/product\/768903","targetHints":{"allow":["GET"]}}],"collection":[{"href":"https:\/\/roveyayinevi.com.tr\/index.php\/wp-json\/wp\/v2\/product"}],"about":[{"href":"https:\/\/roveyayinevi.com.tr\/index.php\/wp-json\/wp\/v2\/types\/product"}],"wp:attachment":[{"href":"https:\/\/roveyayinevi.com.tr\/index.php\/wp-json\/wp\/v2\/media?parent=768903"}],"wp:term":[{"taxonomy":"product_brand","embeddable":true,"href":"https:\/\/roveyayinevi.com.tr\/index.php\/wp-json\/wp\/v2\/product_brand?post=768903"},{"taxonomy":"product_cat","embeddable":true,"href":"https:\/\/roveyayinevi.com.tr\/index.php\/wp-json\/wp\/v2\/product_cat?post=768903"},{"taxonomy":"product_tag","embeddable":true,"href":"https:\/\/roveyayinevi.com.tr\/index.php\/wp-json\/wp\/v2\/product_tag?post=768903"}],"curies":[{"name":"wp","href":"https:\/\/api.w.org\/{rel}","templated":true}]}}