{"id":768902,"date":"2025-08-28T13:35:55","date_gmt":"2025-08-28T10:35:55","guid":{"rendered":"https:\/\/roveyayinevi.com.tr\/index.php\/urun\/kavram-tarihi-calismalari\/"},"modified":"2026-04-15T03:34:54","modified_gmt":"2026-04-15T00:34:54","slug":"kavram-tarihi-calismalari","status":"publish","type":"product","link":"https:\/\/roveyayinevi.com.tr\/index.php\/urun\/kavram-tarihi-calismalari\/","title":{"rendered":"Kavram Tarihi \u00c7al\u0131\u015fmalar\u0131"},"content":{"rendered":"<p>T\u0131pk\u0131 siyaset, toplum ya da ekonomi gibi kavramlar\u0131n da tarihi var m\u0131d\u0131r? G\u00fcn\u00fcm\u00fczde var olan, varl\u0131klar\u0131n\u0131 ve manalar\u0131n\u0131 sabit kabul etti\u011fimiz kavramlar\u0131n da tarihsel usullere uygun birer tarihleri yaz\u0131labilir mi? Kavramlar\u0131n tarih boyunca ta\u015f\u0131d\u0131\u011f\u0131 manalar nas\u0131l, ne y\u00f6nde, neden de\u011fi\u015fmi\u015ftir? Kavram Tarihi \u00c7al\u0131\u015fmalar\u0131, i\u015fte bu ve bunun gibi T\u00fcrk tarih\u00e7ili\u011finde son y\u0131llarda giderek daha \u00e7ok \u00fcst\u00fcne gidilen sorular\u0131n pe\u015fine d\u00fc\u015f\u00fcyor. Prof. Dr. Ahmet \u015eim\u015fek\u2019in edit\u00f6rl\u00fc\u011f\u00fcnde haz\u0131rlanan bu kapsaml\u0131 eser, tarihsel ba\u011flamda kavramlar\u0131n izini s\u00fcrerek okuyucuyu derin bir entelekt\u00fcel yolculu\u011fa \u00e7\u0131kar\u0131yor. T\u00fcrk tarih\u00e7ili\u011findeki kavramlar\u0131n yanl\u0131\u015f veya anakronik kullan\u0131mlar\u0131n\u0131n neden oldu\u011fu sorunlara dikkat \u00e7ekilmesiyle yola \u00e7\u0131kan bu kitap, sadece birtak\u0131m kavramlar\u0131n tarihine odaklanm\u0131yor, ayn\u0131 zamanda Osmanl\u0131 ve T\u00fcrk tarihinde bir kavram tarihi ara\u015ft\u0131rmas\u0131 i\u00e7in muayyen bir zemin haz\u0131rlamaya \u00e7al\u0131\u015f\u0131yor. Tarih\u00ee olay ve olgular\u0131 bug\u00fcn\u00fcn kavramlar\u0131yla anlamland\u0131rma temay\u00fcl\u00fcn\u00fcn tarih yaz\u0131m\u0131nda nas\u0131l sorunlar yaratt\u0131\u011f\u0131n\u0131n bilinciyle haz\u0131rlanan bu eser, sadece sundu\u011fu \u00f6rneklerle de\u011fil, \u00e7e\u015fitli metodolojik yakla\u015f\u0131mlarla da T\u00fcrk\u00e7e tarih yaz\u0131m\u0131 literat\u00fcr\u00fcnde bir\u00e7ok bo\u015flu\u011fu dolduracakt\u0131r. D\u00f6rt ana b\u00f6l\u00fcme taksim edilen bu eser, d\u00f6nem, mek\u00e2n, siyaset, bilim-e\u011fitim, devlet-b\u00fcrokrasi gibi \u00e7e\u015fitli sahalardaki 22 farkl\u0131 kavram\u0131 analiz ediyor. Kavramlar\u0131n tarihsel, toplumsal ve ideolojik ba\u011flamlarda nas\u0131l evrildi\u011fi ele al\u0131n\u0131rken, okuyucuya bir kavram\u0131n basit bir kelime tan\u0131m\u0131ndan \u00e7ok daha fazlas\u0131n\u0131 ifade etti\u011fi g\u00f6steriliyor. Bu eser, tarih yaz\u0131m\u0131nda kavramlar\u0131n \u00f6nemini ve bu kavramlar\u0131n kullan\u0131m\u0131nda g\u00f6sterilmesi gereken \u00f6zeni vurgulayan ve bu vurguyu canl\u0131 tutabilecek, ara\u015ft\u0131rma, sorgulama ve muhakeme \u00f6rnekleri sunan alan\u0131nda yeg\u00e2ne say\u0131labilecek bir ba\u015fvuru kayna\u011f\u0131d\u0131r. <\/p>\n","protected":false},"excerpt":{"rendered":"<p>T\u0131pk\u0131 siyaset, toplum ya da ekonomi gibi kavramlar\u0131n da tarihi var m\u0131d\u0131r? G\u00fcn\u00fcm\u00fczde var olan, varl\u0131klar\u0131n\u0131 ve manalar\u0131n\u0131 sabit kabul etti\u011fimiz kavramlar\u0131n da tarihsel usullere uygun<span class=\"excerpt-hellip\"> [\u2026]<\/span><\/p>\n","protected":false},"featured_media":0,"template":"","meta":{"_monsterinsights_skip_tracking":false,"_monsterinsights_sitenote_active":false,"_monsterinsights_sitenote_note":"","_monsterinsights_sitenote_category":0},"product_brand":[],"product_cat":[12304],"product_tag":[],"class_list":{"0":"post-768902","1":"product","2":"type-product","3":"status-publish","5":"product_cat-tarih","6":"pa_cilt-ciltsiz","7":"pa_tur-kitap","8":"pa_yayinevi-vakifbank-kultur-yayinlari","9":"pa_yazar-kolektif","11":"first","12":"instock","13":"sale","14":"shipping-taxable","15":"purchasable","16":"product-type-simple"},"_links":{"self":[{"href":"https:\/\/roveyayinevi.com.tr\/index.php\/wp-json\/wp\/v2\/product\/768902","targetHints":{"allow":["GET"]}}],"collection":[{"href":"https:\/\/roveyayinevi.com.tr\/index.php\/wp-json\/wp\/v2\/product"}],"about":[{"href":"https:\/\/roveyayinevi.com.tr\/index.php\/wp-json\/wp\/v2\/types\/product"}],"wp:attachment":[{"href":"https:\/\/roveyayinevi.com.tr\/index.php\/wp-json\/wp\/v2\/media?parent=768902"}],"wp:term":[{"taxonomy":"product_brand","embeddable":true,"href":"https:\/\/roveyayinevi.com.tr\/index.php\/wp-json\/wp\/v2\/product_brand?post=768902"},{"taxonomy":"product_cat","embeddable":true,"href":"https:\/\/roveyayinevi.com.tr\/index.php\/wp-json\/wp\/v2\/product_cat?post=768902"},{"taxonomy":"product_tag","embeddable":true,"href":"https:\/\/roveyayinevi.com.tr\/index.php\/wp-json\/wp\/v2\/product_tag?post=768902"}],"curies":[{"name":"wp","href":"https:\/\/api.w.org\/{rel}","templated":true}]}}