{"id":768901,"date":"2025-08-28T13:35:53","date_gmt":"2025-08-28T10:35:53","guid":{"rendered":"https:\/\/roveyayinevi.com.tr\/index.php\/urun\/bisikletle-asya-yolculugu\/"},"modified":"2026-04-15T03:34:54","modified_gmt":"2026-04-15T00:34:54","slug":"bisikletle-asya-yolculugu","status":"publish","type":"product","link":"https:\/\/roveyayinevi.com.tr\/index.php\/urun\/bisikletle-asya-yolculugu\/","title":{"rendered":"Bisikletle Asya Yolculu\u011fu"},"content":{"rendered":"<p>K\u00e2h hain kar\u0131 yolumuzdan s\u00fcp\u00fcrmek, k\u00e2h kat\u0131 buzdan kendimize basamak kesmek i\u00e7in yava\u015fl\u0131yorduk. Neredeyse zirveye dek birbirimizi ite \u00e7eke ilerledik. Bir \u00e7aresiz \u00e7aba daha derken kendimizi u\u00e7suz bucaks\u0131z, kademe kademe e\u011fim kazanan bir kar yata\u011f\u0131n\u0131n \u00fczerinde bulduk. Bu gev\u015fek y\u00fczeyi dizlerimizin \u00fczerinde h\u0131zla kayarak a\u015ft\u0131k. Sendeleyip d\u00fc\u015f\u00fcyor, sonra kalk\u0131p yeniden devam ediyorduk, ta ki nihayet bitkin bir vaziyette A\u011fr\u0131\u2019n\u0131n zirvesine varana kadar.\u201d\u00dcniversiteden mezun olduklar\u0131n\u0131n ertesi g\u00fcn\u00fc bisikletleriyle macera dolu bir d\u00fcnya turuna giri\u015fen iki gen\u00e7 adam&#8230; New York\u2019ta ba\u015flayan maceralar\u0131 \u0130ngiltere\u2019den \u0130talya\u2019ya, o d\u00f6nemki Osmanl\u0131 topraklar\u0131ndan \u00c7in diyar\u0131na, akla gelebilecek birbirinden farkl\u0131 bir\u00e7ok durakta soluklanarak \u00fc\u00e7 y\u0131lda tamamlan\u0131r. William Lewis Sachtleben ve Thomas Gaskell Allen, bisikletle gezerken tarihe de \u015fahitlik ediyor. \u00d6zellikle topraklar\u0131m\u0131zda yapt\u0131klar\u0131 yolculuklar\u0131, an\u0131lar\u0131 ve g\u00f6zlemleri hepinizi \u015fa\u015f\u0131rtacak. Bisikletle Asya Yolculu\u011fu, t\u00fcr\u00fcn\u00fcn en iyi ve \u00f6zg\u00fcn kitaplar\u0131ndan biri. Sizleri t\u00fcm bu maceralara ortak olmaya davet ediyoruz.<\/p>\n","protected":false},"excerpt":{"rendered":"<p>K\u00e2h hain kar\u0131 yolumuzdan s\u00fcp\u00fcrmek, k\u00e2h kat\u0131 buzdan kendimize basamak kesmek i\u00e7in yava\u015fl\u0131yorduk. Neredeyse zirveye dek birbirimizi ite \u00e7eke ilerledik. Bir \u00e7aresiz \u00e7aba daha derken kendimizi<span class=\"excerpt-hellip\"> [\u2026]<\/span><\/p>\n","protected":false},"featured_media":0,"template":"","meta":{"_monsterinsights_skip_tracking":false,"_monsterinsights_sitenote_active":false,"_monsterinsights_sitenote_note":"","_monsterinsights_sitenote_category":0},"product_brand":[],"product_cat":[18545,12291],"product_tag":[],"class_list":{"0":"post-768901","1":"product","2":"type-product","3":"status-publish","5":"product_cat-anlati","6":"product_cat-edebiyat","7":"pa_cilt-ciltsiz","8":"pa_tur-kitap","9":"pa_yayinevi-yitik-ulke-yayinlari","10":"pa_yazar-william-lewis-sachtleben-thomas-gaskell-allen","12":"first","13":"instock","14":"sale","15":"shipping-taxable","16":"purchasable","17":"product-type-simple"},"_links":{"self":[{"href":"https:\/\/roveyayinevi.com.tr\/index.php\/wp-json\/wp\/v2\/product\/768901","targetHints":{"allow":["GET"]}}],"collection":[{"href":"https:\/\/roveyayinevi.com.tr\/index.php\/wp-json\/wp\/v2\/product"}],"about":[{"href":"https:\/\/roveyayinevi.com.tr\/index.php\/wp-json\/wp\/v2\/types\/product"}],"wp:attachment":[{"href":"https:\/\/roveyayinevi.com.tr\/index.php\/wp-json\/wp\/v2\/media?parent=768901"}],"wp:term":[{"taxonomy":"product_brand","embeddable":true,"href":"https:\/\/roveyayinevi.com.tr\/index.php\/wp-json\/wp\/v2\/product_brand?post=768901"},{"taxonomy":"product_cat","embeddable":true,"href":"https:\/\/roveyayinevi.com.tr\/index.php\/wp-json\/wp\/v2\/product_cat?post=768901"},{"taxonomy":"product_tag","embeddable":true,"href":"https:\/\/roveyayinevi.com.tr\/index.php\/wp-json\/wp\/v2\/product_tag?post=768901"}],"curies":[{"name":"wp","href":"https:\/\/api.w.org\/{rel}","templated":true}]}}