{"id":768900,"date":"2025-08-28T13:35:52","date_gmt":"2025-08-28T10:35:52","guid":{"rendered":"https:\/\/roveyayinevi.com.tr\/index.php\/urun\/en-sevgiliye-kalpten-bir-mektup-ciltli\/"},"modified":"2026-04-15T03:34:54","modified_gmt":"2026-04-15T00:34:54","slug":"en-sevgiliye-kalpten-bir-mektup-ciltli","status":"publish","type":"product","link":"https:\/\/roveyayinevi.com.tr\/index.php\/urun\/en-sevgiliye-kalpten-bir-mektup-ciltli\/","title":{"rendered":"En Sevgili\u2019ye Kalpten Bir Mektup (Ciltli)"},"content":{"rendered":"<p>Bir \u00e7ocu\u011fun masum sorular\u0131 ve sevgi dolu s\u00f6zleriyle sevgili Peygamberimiz Hz. Muhammed\u2019in (sav) asil karakterini ke\u015ffetmeye haz\u0131r m\u0131s\u0131n\u0131z?   \u201cOna bir burger yapsam be\u011fenir miydi?\u201d \u201cI\u015f\u0131k h\u0131z\u0131nda giden Burak\u2019a binmek nas\u0131l bir histi?\u201d   Jenny Molendyk Divleli\u2019nin ger\u00e7ek bir olaydan ilham alarak yazd\u0131\u011f\u0131 ve Rumeysa Abi\u015f\u2019in e\u015fsiz resimleriyle s\u00fcsledi\u011fi En Sevgili\u2019ye Kalpten Bir Mektup, merak ve hayal g\u00fcc\u00fcn\u00fc bulu\u015fturan s\u0131cac\u0131k bir hik\u00e2ye\u2026<\/p>\n","protected":false},"excerpt":{"rendered":"<p>Bir \u00e7ocu\u011fun masum sorular\u0131 ve sevgi dolu s\u00f6zleriyle sevgili Peygamberimiz Hz. Muhammed\u2019in (sav) asil karakterini ke\u015ffetmeye haz\u0131r m\u0131s\u0131n\u0131z? \u201cOna bir burger yapsam be\u011fenir miydi?\u201d \u201cI\u015f\u0131k h\u0131z\u0131nda<span class=\"excerpt-hellip\"> [\u2026]<\/span><\/p>\n","protected":false},"featured_media":0,"template":"","meta":{"_monsterinsights_skip_tracking":false,"_monsterinsights_sitenote_active":false,"_monsterinsights_sitenote_note":"","_monsterinsights_sitenote_category":0},"product_brand":[],"product_cat":[12274,12284],"product_tag":[],"class_list":{"0":"post-768900","1":"product","2":"type-product","3":"status-publish","5":"product_cat-cocuk-ve-genclik-kitaplari","6":"product_cat-hikayeler","7":"pa_cilt-ciltli","8":"pa_tur-kitap","9":"pa_yayinevi-ketebe-yayinlari","10":"pa_yazar-jenny-moledyk-divleli","12":"first","13":"instock","14":"sale","15":"shipping-taxable","16":"purchasable","17":"product-type-simple"},"_links":{"self":[{"href":"https:\/\/roveyayinevi.com.tr\/index.php\/wp-json\/wp\/v2\/product\/768900","targetHints":{"allow":["GET"]}}],"collection":[{"href":"https:\/\/roveyayinevi.com.tr\/index.php\/wp-json\/wp\/v2\/product"}],"about":[{"href":"https:\/\/roveyayinevi.com.tr\/index.php\/wp-json\/wp\/v2\/types\/product"}],"wp:attachment":[{"href":"https:\/\/roveyayinevi.com.tr\/index.php\/wp-json\/wp\/v2\/media?parent=768900"}],"wp:term":[{"taxonomy":"product_brand","embeddable":true,"href":"https:\/\/roveyayinevi.com.tr\/index.php\/wp-json\/wp\/v2\/product_brand?post=768900"},{"taxonomy":"product_cat","embeddable":true,"href":"https:\/\/roveyayinevi.com.tr\/index.php\/wp-json\/wp\/v2\/product_cat?post=768900"},{"taxonomy":"product_tag","embeddable":true,"href":"https:\/\/roveyayinevi.com.tr\/index.php\/wp-json\/wp\/v2\/product_tag?post=768900"}],"curies":[{"name":"wp","href":"https:\/\/api.w.org\/{rel}","templated":true}]}}