{"id":768899,"date":"2025-08-28T13:35:50","date_gmt":"2025-08-28T10:35:50","guid":{"rendered":"https:\/\/roveyayinevi.com.tr\/index.php\/urun\/dinozor-itfaiyeciler\/"},"modified":"2026-04-15T03:34:54","modified_gmt":"2026-04-15T00:34:54","slug":"dinozor-itfaiyeciler","status":"publish","type":"product","link":"https:\/\/roveyayinevi.com.tr\/index.php\/urun\/dinozor-itfaiyeciler\/","title":{"rendered":"Dinozor \u0130tfaiyeciler"},"content":{"rendered":"<p>Acil durum! Dipsi, daha bebek bir Diplodokus\u2019ken itfaiyeci olmaya karar vermi\u015fti. Ancak itfaiyeci olmak hi\u00e7 de kolay de\u011fildi! Bakal\u0131m yeterince h\u0131zl\u0131, cesur ve ak\u0131ll\u0131 m\u0131yd\u0131? Hadi siz de Dipsi ve di\u011fer Dinokent itfaiyecilerine kat\u0131l\u0131n, direkten a\u015fa\u011f\u0131 kay\u0131p yard\u0131ma ihtiyac\u0131 olanlar\u0131 kurtar\u0131n! \u00c7oksatan yazar ve \u00e7izer Sarah McIntyre\u2019dan e\u011flenceli ve heyecanl\u0131 bir dinozor maceras\u0131! <\/p>\n","protected":false},"excerpt":{"rendered":"<p>Acil durum! Dipsi, daha bebek bir Diplodokus\u2019ken itfaiyeci olmaya karar vermi\u015fti. Ancak itfaiyeci olmak hi\u00e7 de kolay de\u011fildi! Bakal\u0131m yeterince h\u0131zl\u0131, cesur ve ak\u0131ll\u0131 m\u0131yd\u0131? Hadi<span class=\"excerpt-hellip\"> [\u2026]<\/span><\/p>\n","protected":false},"featured_media":0,"template":"","meta":{"_monsterinsights_skip_tracking":false,"_monsterinsights_sitenote_active":false,"_monsterinsights_sitenote_note":"","_monsterinsights_sitenote_category":0},"product_brand":[],"product_cat":[12274,12284],"product_tag":[],"class_list":{"0":"post-768899","1":"product","2":"type-product","3":"status-publish","5":"product_cat-cocuk-ve-genclik-kitaplari","6":"product_cat-hikayeler","7":"pa_cilt-ciltsiz","8":"pa_tur-kitap","9":"pa_yayinevi-ithaki-yayinlari","10":"pa_yazar-sarah-mcintyre","12":"first","13":"instock","14":"sale","15":"shipping-taxable","16":"purchasable","17":"product-type-simple"},"_links":{"self":[{"href":"https:\/\/roveyayinevi.com.tr\/index.php\/wp-json\/wp\/v2\/product\/768899","targetHints":{"allow":["GET"]}}],"collection":[{"href":"https:\/\/roveyayinevi.com.tr\/index.php\/wp-json\/wp\/v2\/product"}],"about":[{"href":"https:\/\/roveyayinevi.com.tr\/index.php\/wp-json\/wp\/v2\/types\/product"}],"wp:attachment":[{"href":"https:\/\/roveyayinevi.com.tr\/index.php\/wp-json\/wp\/v2\/media?parent=768899"}],"wp:term":[{"taxonomy":"product_brand","embeddable":true,"href":"https:\/\/roveyayinevi.com.tr\/index.php\/wp-json\/wp\/v2\/product_brand?post=768899"},{"taxonomy":"product_cat","embeddable":true,"href":"https:\/\/roveyayinevi.com.tr\/index.php\/wp-json\/wp\/v2\/product_cat?post=768899"},{"taxonomy":"product_tag","embeddable":true,"href":"https:\/\/roveyayinevi.com.tr\/index.php\/wp-json\/wp\/v2\/product_tag?post=768899"}],"curies":[{"name":"wp","href":"https:\/\/api.w.org\/{rel}","templated":true}]}}