{"id":768898,"date":"2025-08-28T13:35:47","date_gmt":"2025-08-28T10:35:47","guid":{"rendered":"https:\/\/roveyayinevi.com.tr\/index.php\/urun\/cakir-zamanlar\/"},"modified":"2026-04-15T03:34:54","modified_gmt":"2026-04-15T00:34:54","slug":"cakir-zamanlar","status":"publish","type":"product","link":"https:\/\/roveyayinevi.com.tr\/index.php\/urun\/cakir-zamanlar\/","title":{"rendered":"\u00c7ak\u0131r Zamanlar"},"content":{"rendered":"<p>\u00d6d\u00fcll\u00fc oyuncu ve yazar Nil\u00fcfer A\u00e7\u0131kal\u0131n\u2019dan \u201cb\u00fcy\u00fc bozan\u201d, \u00e2n\u0131 d\u00f6rtnala \u00f6l\u00fcms\u00fcz k\u0131lan bir \u00f6yk\u00fc kitab\u0131: \u00c7ak\u0131r Zamanlar. K\u0131r\u0131klar\u0131 yamayan, sabr\u0131 g\u00f6\u011f\u00fcsleyen, kendiyle bir bar\u0131\u015f\u0131k bir k\u00fcsk\u00fcn, hep ayakta \u2013 her an tetikte&#8230; A\u00e7\u0131kal\u0131n; hem \u00f6zg\u00fcr ve y\u0131k\u0131lmaz hem de k\u0131r\u0131lgan ve kurtulu\u015fu arayan \u00e7oksesli \u00f6yk\u00fclerini bir araya getiriyor \u00c7ak\u0131r Zamanlar\u2019da. Kaleminin durdu\u011fu en kaba u\u00e7lar\u0131 yontarak a\u015f\u0131nmaz d\u00fc\u015f surlar\u0131na gedikler a\u00e7\u0131yor. Kanatl\u0131 atlara, bildi\u011fimiz masallar\u0131n ard\u0131na, zaman\u0131n karanl\u0131k odas\u0131nda as\u0131l\u0131 kalanlara, tan\u0131d\u0131klara-yabanc\u0131lara, tertemiz gecelere ortak ediyor okuru. Fark\u0131nda bir avarelikle, g\u00f6lgelerin pe\u015finde&#8230; \u201cBuzun bardaktaki rak\u0131ya d\u00fc\u015fme sesi, mart\u0131n\u0131n denizden bal\u0131\u011f\u0131 kapma sesiyle ayn\u0131. Nerede kalm\u0131\u015ft\u0131k, daha do\u011frusu nereden geldik buraya? Aynadan ka\u00e7\u0131yordum, izmaritte uzayan k\u00fcl gibiydim evde, k\u00f6pr\u00fc alt\u0131na d\u00fc\u015f\u00fcrd\u00fcm yolumu, \u0130stanbul\u2019u da k\u00fcl tablas\u0131 yapt\u0131m kendime.\u201d <\/p>\n","protected":false},"excerpt":{"rendered":"<p>\u00d6d\u00fcll\u00fc oyuncu ve yazar Nil\u00fcfer A\u00e7\u0131kal\u0131n\u2019dan \u201cb\u00fcy\u00fc bozan\u201d, \u00e2n\u0131 d\u00f6rtnala \u00f6l\u00fcms\u00fcz k\u0131lan bir \u00f6yk\u00fc kitab\u0131: \u00c7ak\u0131r Zamanlar. K\u0131r\u0131klar\u0131 yamayan, sabr\u0131 g\u00f6\u011f\u00fcsleyen, kendiyle bir bar\u0131\u015f\u0131k bir k\u00fcsk\u00fcn,<span class=\"excerpt-hellip\"> [\u2026]<\/span><\/p>\n","protected":false},"featured_media":0,"template":"","meta":{"_monsterinsights_skip_tracking":false,"_monsterinsights_sitenote_active":false,"_monsterinsights_sitenote_note":"","_monsterinsights_sitenote_category":0},"product_brand":[],"product_cat":[12291,18202],"product_tag":[],"class_list":{"0":"post-768898","1":"product","2":"type-product","3":"status-publish","5":"product_cat-edebiyat","6":"product_cat-hikaye","7":"pa_cilt-ciltsiz","8":"pa_tur-kitap","9":"pa_yayinevi-ithaki-yayinlari","10":"pa_yazar-nilufer-acikalin","12":"first","13":"instock","14":"sale","15":"shipping-taxable","16":"purchasable","17":"product-type-simple"},"_links":{"self":[{"href":"https:\/\/roveyayinevi.com.tr\/index.php\/wp-json\/wp\/v2\/product\/768898","targetHints":{"allow":["GET"]}}],"collection":[{"href":"https:\/\/roveyayinevi.com.tr\/index.php\/wp-json\/wp\/v2\/product"}],"about":[{"href":"https:\/\/roveyayinevi.com.tr\/index.php\/wp-json\/wp\/v2\/types\/product"}],"wp:attachment":[{"href":"https:\/\/roveyayinevi.com.tr\/index.php\/wp-json\/wp\/v2\/media?parent=768898"}],"wp:term":[{"taxonomy":"product_brand","embeddable":true,"href":"https:\/\/roveyayinevi.com.tr\/index.php\/wp-json\/wp\/v2\/product_brand?post=768898"},{"taxonomy":"product_cat","embeddable":true,"href":"https:\/\/roveyayinevi.com.tr\/index.php\/wp-json\/wp\/v2\/product_cat?post=768898"},{"taxonomy":"product_tag","embeddable":true,"href":"https:\/\/roveyayinevi.com.tr\/index.php\/wp-json\/wp\/v2\/product_tag?post=768898"}],"curies":[{"name":"wp","href":"https:\/\/api.w.org\/{rel}","templated":true}]}}