{"id":768897,"date":"2025-08-28T13:35:45","date_gmt":"2025-08-28T10:35:45","guid":{"rendered":"https:\/\/roveyayinevi.com.tr\/index.php\/urun\/marry-grave-5\/"},"modified":"2026-04-15T03:34:54","modified_gmt":"2026-04-15T00:34:54","slug":"marry-grave-5","status":"publish","type":"product","link":"https:\/\/roveyayinevi.com.tr\/index.php\/urun\/marry-grave-5\/","title":{"rendered":"Marry Grave 5"},"content":{"rendered":"<p>BU H\u0130K\u00c2YE HEM ACI HEM TATLI HEM DE \u00c7ARPICI. SIRADI\u015eI KARANLIK FANTAZ\u0130 BURADA SONA ER\u0130YOR!! Sawyer \u00f6len kar\u0131s\u0131n\u0131 diriltmek i\u00e7in \u00e7\u0131kt\u0131\u011f\u0131 yasak yolculuk s\u0131ras\u0131nda onun geride b\u0131rakt\u0131\u011f\u0131 \u015fa\u015f\u0131rt\u0131c\u0131 bir \u201cmucize\u201dyi emanet al\u0131yor. Ve ard\u0131ndan \u015fimdiye dek kar\u015f\u0131la\u015ft\u0131\u011f\u0131 en k\u00f6tu\u0308, en \u015feytani du\u0308\u015fmanla \u00e7arp\u0131\u015f\u0131yor. Bu sava\u015f s\u0131ras\u0131nda, asla unutamayaca\u011f\u0131 bir dostunun neye d\u00f6nu\u0308\u015ftu\u0308\u011fu\u0308nu\u0308 g\u00f6ru\u0308yor. Zalim kadere ra\u011fmen yola devam eden kahraman\u0131m\u0131z\u0131, yolculu\u011funun sonunda acaba ne bekliyor? <\/p>\n","protected":false},"excerpt":{"rendered":"<p>BU H\u0130K\u00c2YE HEM ACI HEM TATLI HEM DE \u00c7ARPICI. SIRADI\u015eI KARANLIK FANTAZ\u0130 BURADA SONA ER\u0130YOR!! Sawyer \u00f6len kar\u0131s\u0131n\u0131 diriltmek i\u00e7in \u00e7\u0131kt\u0131\u011f\u0131 yasak yolculuk s\u0131ras\u0131nda onun geride<span class=\"excerpt-hellip\"> [\u2026]<\/span><\/p>\n","protected":false},"featured_media":0,"template":"","meta":{"_monsterinsights_skip_tracking":false,"_monsterinsights_sitenote_active":false,"_monsterinsights_sitenote_note":"","_monsterinsights_sitenote_category":0},"product_brand":[],"product_cat":[12416,12291],"product_tag":[],"class_list":{"0":"post-768897","1":"product","2":"type-product","3":"status-publish","5":"product_cat-cizgi-roman","6":"product_cat-edebiyat","7":"pa_cilt-ciltsiz","8":"pa_tur-kitap","9":"pa_yayinevi-ithaki-yayinlari","10":"pa_yazar-hidenori-yamaci","12":"first","13":"instock","14":"sale","15":"shipping-taxable","16":"purchasable","17":"product-type-simple"},"_links":{"self":[{"href":"https:\/\/roveyayinevi.com.tr\/index.php\/wp-json\/wp\/v2\/product\/768897","targetHints":{"allow":["GET"]}}],"collection":[{"href":"https:\/\/roveyayinevi.com.tr\/index.php\/wp-json\/wp\/v2\/product"}],"about":[{"href":"https:\/\/roveyayinevi.com.tr\/index.php\/wp-json\/wp\/v2\/types\/product"}],"wp:attachment":[{"href":"https:\/\/roveyayinevi.com.tr\/index.php\/wp-json\/wp\/v2\/media?parent=768897"}],"wp:term":[{"taxonomy":"product_brand","embeddable":true,"href":"https:\/\/roveyayinevi.com.tr\/index.php\/wp-json\/wp\/v2\/product_brand?post=768897"},{"taxonomy":"product_cat","embeddable":true,"href":"https:\/\/roveyayinevi.com.tr\/index.php\/wp-json\/wp\/v2\/product_cat?post=768897"},{"taxonomy":"product_tag","embeddable":true,"href":"https:\/\/roveyayinevi.com.tr\/index.php\/wp-json\/wp\/v2\/product_tag?post=768897"}],"curies":[{"name":"wp","href":"https:\/\/api.w.org\/{rel}","templated":true}]}}