{"id":768896,"date":"2025-08-28T13:35:43","date_gmt":"2025-08-28T10:35:43","guid":{"rendered":"https:\/\/roveyayinevi.com.tr\/index.php\/urun\/kayip-yarim\/"},"modified":"2026-04-15T03:34:54","modified_gmt":"2026-04-15T00:34:54","slug":"kayip-yarim","status":"publish","type":"product","link":"https:\/\/roveyayinevi.com.tr\/index.php\/urun\/kayip-yarim\/","title":{"rendered":"Kay\u0131p Yar\u0131m"},"content":{"rendered":"<p>2020\u2019de The New York Times, The Washington Post, NPR, People, Time, Vanity Fair, Glamour taraf\u0131ndan y\u0131l\u0131n kitaplar\u0131 aras\u0131nda ilan edildi \u2022 Barack Obama\u2019n\u0131n okuma listesindeydi \u2022 The New York Times okurlar\u0131 taraf\u0131ndan 21. yu\u0308zy\u0131l\u0131n en iyi kitaplar\u0131 aras\u0131nda g\u00f6sterildi \u2022 2021\u2019de Women\u2019s Prize finalisti oldu \u2022 2022\u2019de Goodreads Okurlar\u0131 \u00d6du\u0308lleri\u2019nde En \u0130yi Tarihi Roman se\u00e7ildi. \u0130lk roman\u0131 Anneler ile dikkat \u00e7eken, Ulusal Kitap Vakf\u0131 taraf\u0131ndan 35 Ya\u015f Alt\u0131 5 Yazar aras\u0131nda g\u00f6sterilen Brit Bennett\u2019\u0131n ikinci roman\u0131 Kay\u0131p Yar\u0131m, ger\u00e7eklerden \u00e7ok alg\u0131lar\u0131n etkili oldu\u011fu \u0131rksal yaftalar u\u0308zerine \u00e7arp\u0131c\u0131 bir yap\u0131t. 1950\u2019lerden 1990\u2019lara Amerikan tarihindeki d\u00f6nu\u0308\u015fu\u0308mleri de g\u00f6steren, Gu\u0308ney\u2019in derinliklerinden California\u2019ya \u0131rk ve cinsiyet meselelerinin farkl\u0131 boyutlar\u0131n\u0131 yans\u0131tan, e\u011flenceli ve kurnazca kurgulanm\u0131\u015f bir anlat\u0131. A\u00e7\u0131k tenli ama siyahi Vignard ikizleri, 16 ya\u015f\u0131na geldiklerinde beraber evden ka\u00e7\u0131p birbirlerinden ayr\u0131ld\u0131ktan sonra her biri kendi yoluna gitti\u011finde, biri siyahlar\u0131n cemaati i\u00e7inde kal\u0131rken \u00f6tekisi bir beyazla evlilik yaparak beyazlar\u0131n cemaatine kar\u0131\u015f\u0131r. Kendi ailelerini kuran bu ikizlerin kaderleri, y\u0131llar sonra \u00e7ocuklar\u0131 u\u0308zerinden yeniden kesi\u015fti\u011finde, kimin asl\u0131nda kim oldu\u011funun anla\u015f\u0131lmas\u0131 ger\u00e7eklerle yu\u0308zle\u015fmeyi gerektirecektir. Peki alg\u0131larla oynanabildi\u011fi kadar kaderle de oynanabilir mi?     \u201cBeyazd\u0131, siyahiydi, s\u0131n\u0131r\u0131 ge\u00e7er ge\u00e7mez yeni bir insan oluyordu. Hayat\u0131n\u0131 su\u0308rekli yeniden yarat\u0131yordu.\u201d \u201cKay\u0131p Yar\u0131m tamam\u0131yla bu\u0308yu\u0308leyici bir roman, beni ilk kelimesinden sonuna kadar etkisi alt\u0131nda tuttu. Edebi yetene\u011fiyle cezbediyor, nefes kesici y\u00f6n de\u011fi\u015fiklikleriyle \u015fa\u015f\u0131rt\u0131yor, psikolojik i\u00e7g\u00f6ru\u0308leriyle keyiflendiriyor ve farkl\u0131 cemaatler ve bireylerin ya\u015fam\u0131 u\u0308zerinde \u0131rk\u00e7\u0131l\u0131\u011f\u0131n \u00e7u\u0308ru\u0308tu\u0308cu\u0308 sonu\u00e7lar\u0131n\u0131 du\u0308\u015fu\u0308nmeye sevk ediyor.\u201d \u2014Bernardine Evaristo \u201cBennett\u2019\u0131n tonu ve tarz\u0131 James Baldwin\u2019i ve Jacqueline Woodson\u2019u \u00e7a\u011fr\u0131\u015ft\u0131r\u0131yor ama \u00f6zellikle Toni Morrison\u2019\u0131n 1970\u2019deki ilk roman\u0131 En Mavi G\u00f6z\u2019u\u0308 and\u0131r\u0131yor.\u201d \u2014Wall Street Journal <\/p>\n","protected":false},"excerpt":{"rendered":"<p>2020\u2019de The New York Times, The Washington Post, NPR, People, Time, Vanity Fair, Glamour taraf\u0131ndan y\u0131l\u0131n kitaplar\u0131 aras\u0131nda ilan edildi \u2022 Barack Obama\u2019n\u0131n okuma listesindeydi \u2022<span class=\"excerpt-hellip\"> [\u2026]<\/span><\/p>\n","protected":false},"featured_media":0,"template":"","meta":{"_monsterinsights_skip_tracking":false,"_monsterinsights_sitenote_active":false,"_monsterinsights_sitenote_note":"","_monsterinsights_sitenote_category":0},"product_brand":[],"product_cat":[12291,12711],"product_tag":[],"class_list":{"0":"post-768896","1":"product","2":"type-product","3":"status-publish","5":"product_cat-edebiyat","6":"product_cat-roman-oyku","7":"pa_cilt-ciltsiz","8":"pa_tur-kitap","9":"pa_yayinevi-ithaki-yayinlari","10":"pa_yazar-brit-bennett","12":"first","13":"instock","14":"sale","15":"shipping-taxable","16":"purchasable","17":"product-type-simple"},"_links":{"self":[{"href":"https:\/\/roveyayinevi.com.tr\/index.php\/wp-json\/wp\/v2\/product\/768896","targetHints":{"allow":["GET"]}}],"collection":[{"href":"https:\/\/roveyayinevi.com.tr\/index.php\/wp-json\/wp\/v2\/product"}],"about":[{"href":"https:\/\/roveyayinevi.com.tr\/index.php\/wp-json\/wp\/v2\/types\/product"}],"wp:attachment":[{"href":"https:\/\/roveyayinevi.com.tr\/index.php\/wp-json\/wp\/v2\/media?parent=768896"}],"wp:term":[{"taxonomy":"product_brand","embeddable":true,"href":"https:\/\/roveyayinevi.com.tr\/index.php\/wp-json\/wp\/v2\/product_brand?post=768896"},{"taxonomy":"product_cat","embeddable":true,"href":"https:\/\/roveyayinevi.com.tr\/index.php\/wp-json\/wp\/v2\/product_cat?post=768896"},{"taxonomy":"product_tag","embeddable":true,"href":"https:\/\/roveyayinevi.com.tr\/index.php\/wp-json\/wp\/v2\/product_tag?post=768896"}],"curies":[{"name":"wp","href":"https:\/\/api.w.org\/{rel}","templated":true}]}}