{"id":768895,"date":"2025-08-28T13:35:41","date_gmt":"2025-08-28T10:35:41","guid":{"rendered":"https:\/\/roveyayinevi.com.tr\/index.php\/urun\/kuklalarin-yasaminda\/"},"modified":"2026-04-15T03:34:54","modified_gmt":"2026-04-15T00:34:54","slug":"kuklalarin-yasaminda","status":"publish","type":"product","link":"https:\/\/roveyayinevi.com.tr\/index.php\/urun\/kuklalarin-yasaminda\/","title":{"rendered":"Kuklalar\u0131n Ya\u015fam\u0131nda"},"content":{"rendered":"<p>2023 GOODREADS OKUR \u00d6D\u00dcLLER\u0130 EN \u0130Y\u0130 B\u0130L\u0130MKURGU ROMANI  Collodi&#8217;nin Pinokyo\u2019su ile Asimov\u2019un robot \u00f6yk\u00fclerinden esinlenen Kuklalar\u0131n Ya\u015fam\u0131nda son zamanlar\u0131n en dikkat \u00e7eken bilimkurgu romanlar\u0131ndan biri.  Bir a\u011fa\u00e7 korusunun dallar\u0131 aras\u0131na in\u015fa edilmi\u015f tuhaf, k\u00fc\u00e7\u00fck bir evde \u00fc\u00e7 robot ya\u015fard\u0131 \u2013 babacan mucit android Giovanni Lawson, sadist bir makine hem\u015fire ve sevgiye muhta\u00e7 k\u00fc\u00e7\u00fck bir robot s\u00fcp\u00fcrge. Bir insan olan Victor Lawson da orada ya\u015famaktayd\u0131. G\u00fczel, kendi h\u00e2linde bir aileydiler.  \u201cHAP\u201d etiketli yabanc\u0131 bir androidi kurtar\u0131p eve getirdi\u011fi ve onard\u0131\u011f\u0131 g\u00fcn, Hap ve Gio\u2019nun ge\u00e7mi\u015findeki karanl\u0131k bir detay\u0131 \u00f6\u011frenir: \u0130nsan avlad\u0131klar\u0131n\u0131.  Hap istemeden de olsa Gio&#8217;nun eski karanl\u0131k ya\u015fam\u0131ndaki robotlara yerlerini a\u00e7\u0131k edince, aile art\u0131k sakl\u0131 ve g\u00fcvende de\u011fildir. Gio yakalan\u0131r ve Elektrikli D\u00fc\u015fler \u015eehri&#8217;ndeki eski laboratuvar\u0131na geri g\u00f6t\u00fcr\u00fcl\u00fcr. Vic&#8217;in bir araya getirdi\u011fi ailesinin geri kalan\u0131, Gio&#8217;yu hizmet d\u0131\u015f\u0131 b\u0131rak\u0131lmaktan ya da daha k\u00f6t\u00fcs\u00fc yeniden programlanmaktan kurtarmak i\u00e7in ac\u0131mas\u0131z bir \u00fclkede tehlikeli bir yolculu\u011fa \u00e7\u0131kmak zorunda kalacakt\u0131r.   \u201cKuklalar\u0131n Ya\u015fam\u0131nda ola\u011fan\u00fcst\u00fc robotlar\u0131n d\u00fcnyas\u0131nda son derece e\u011flenceli ve heyecan verici bir yolculuk. Buradaki karakterler \u00e7ok canl\u0131 ve hik\u00e2ye, a\u015fk denen duygunun insanlar\u0131n d\u00fcnyas\u0131n\u0131n \u00e7ok \u00f6tesine uzand\u0131\u011f\u0131n\u0131 kan\u0131tl\u0131yor.\u201d \u2013Chuck Tingle  <\/p>\n","protected":false},"excerpt":{"rendered":"<p>2023 GOODREADS OKUR \u00d6D\u00dcLLER\u0130 EN \u0130Y\u0130 B\u0130L\u0130MKURGU ROMANI Collodi&#8217;nin Pinokyo\u2019su ile Asimov\u2019un robot \u00f6yk\u00fclerinden esinlenen Kuklalar\u0131n Ya\u015fam\u0131nda son zamanlar\u0131n en dikkat \u00e7eken bilimkurgu romanlar\u0131ndan biri. Bir<span class=\"excerpt-hellip\"> [\u2026]<\/span><\/p>\n","protected":false},"featured_media":0,"template":"","meta":{"_monsterinsights_skip_tracking":false,"_monsterinsights_sitenote_active":false,"_monsterinsights_sitenote_note":"","_monsterinsights_sitenote_category":0},"product_brand":[],"product_cat":[12540,12291],"product_tag":[],"class_list":{"0":"post-768895","1":"product","2":"type-product","3":"status-publish","5":"product_cat-bilim-kurgu","6":"product_cat-edebiyat","7":"pa_cilt-ciltsiz","8":"pa_tur-kitap","9":"pa_yayinevi-ithaki-yayinlari","10":"pa_yazar-t-j-klune","12":"first","13":"instock","14":"sale","15":"shipping-taxable","16":"purchasable","17":"product-type-simple"},"_links":{"self":[{"href":"https:\/\/roveyayinevi.com.tr\/index.php\/wp-json\/wp\/v2\/product\/768895","targetHints":{"allow":["GET"]}}],"collection":[{"href":"https:\/\/roveyayinevi.com.tr\/index.php\/wp-json\/wp\/v2\/product"}],"about":[{"href":"https:\/\/roveyayinevi.com.tr\/index.php\/wp-json\/wp\/v2\/types\/product"}],"wp:attachment":[{"href":"https:\/\/roveyayinevi.com.tr\/index.php\/wp-json\/wp\/v2\/media?parent=768895"}],"wp:term":[{"taxonomy":"product_brand","embeddable":true,"href":"https:\/\/roveyayinevi.com.tr\/index.php\/wp-json\/wp\/v2\/product_brand?post=768895"},{"taxonomy":"product_cat","embeddable":true,"href":"https:\/\/roveyayinevi.com.tr\/index.php\/wp-json\/wp\/v2\/product_cat?post=768895"},{"taxonomy":"product_tag","embeddable":true,"href":"https:\/\/roveyayinevi.com.tr\/index.php\/wp-json\/wp\/v2\/product_tag?post=768895"}],"curies":[{"name":"wp","href":"https:\/\/api.w.org\/{rel}","templated":true}]}}