{"id":768893,"date":"2025-08-28T13:35:37","date_gmt":"2025-08-28T10:35:37","guid":{"rendered":"https:\/\/roveyayinevi.com.tr\/index.php\/urun\/beklenen-istanbul-depremi\/"},"modified":"2026-04-15T03:34:54","modified_gmt":"2026-04-15T00:34:54","slug":"beklenen-istanbul-depremi","status":"publish","type":"product","link":"https:\/\/roveyayinevi.com.tr\/index.php\/urun\/beklenen-istanbul-depremi\/","title":{"rendered":"Beklenen \u0130stanbul Depremi"},"content":{"rendered":"<p>Deprem diren\u00e7li kent mutlu kenttir!   \u00dclkemizde depremlerin tarihi yakla\u015f\u0131k 16,3 milyon sene \u00f6ncesindeki Neo-Tektonik d\u00f6neme dayan\u0131r. Bu tarih \u00f6n\u00fcm\u00fczde uzanan gelece\u011fin de habercisidir. Depremleri durdurma g\u00fcc\u00fcm\u00fcz yok, onlar\u0131 engelleyemiyoruz ama her depremde binlerce insan\u0131m\u0131z\u0131 topra\u011fa verecek kadar \u00e2ciz miyiz? Hay\u0131r. 21. y\u00fczy\u0131lda depreme bu kadar kurban vermek a\u00e7\u0131klanabilir bir durum de\u011fildir. \u00c7a\u011fda\u015f \u00fclkeler, yani bilim toplumlar\u0131, bir depremde bu kadar \u00e7ok insan kaybeden \u00fclkeleri \u201c\u00e7\u00fcr\u00fcm\u00fc\u015f\u201d toplumlar olarak niteler. Depremden sonra a\u00e7\u0131lan davalarda bu \u00e7\u00fcr\u00fcm\u00fc\u015fl\u00fc\u011f\u00fcn izleri g\u00f6r\u00fclmektedir: M\u00fcteahhitlerin yapt\u0131\u011f\u0131 \u00e7\u00fcr\u00fck evler, kalite ve malzeme yolsuzlu\u011fu, denetim eksikli\u011fi&#8230;   Alp-Himalaya Da\u011f Ku\u015fa\u011f\u0131 \u00fczerinde yer alan \u00fclkemiz i\u00e7in deprem ger\u00e7ek bir beka meselesidir. Nesillerimizin bu topraklar \u00fczerinde g\u00fcvenli, sa\u011fl\u0131kl\u0131, ekonomik olarak g\u00fc\u00e7l\u00fc ve ba\u011f\u0131ms\u0131z bir ya\u015fam s\u00fcrd\u00fcrebilmesi i\u00e7in deprem sorununun bir an \u00f6nce \u00e7\u00f6z\u00fcme kavu\u015fturulmas\u0131 gerekir. Bu da ancak ve ancak deprem diren\u00e7li yerle\u015fim alanlar\u0131 yaratmakla m\u00fcmk\u00fcnd\u00fcr.   Beklenen \u0130stanbul depremine kar\u015f\u0131 devlet-yerel y\u00f6netim, sivil toplum ve yurtta\u015f ekseninde deprem diren\u00e7li bir \u0130stanbul\u2019u nas\u0131l yaratabilece\u011fimizin ana hatlar\u0131n\u0131 a\u00e7\u0131klayan Prof. Dr. Naci G\u00f6r\u00fcr\u2019den yerel y\u00f6netimler, altyap\u0131dan sorumlu kurumlar, yurtta\u015flar ve \u0130stanbul\u2019a g\u00f6n\u00fcl vermi\u015f herkes i\u00e7in bir el kitab\u0131. <\/p>\n","protected":false},"excerpt":{"rendered":"<p>Deprem diren\u00e7li kent mutlu kenttir! \u00dclkemizde depremlerin tarihi yakla\u015f\u0131k 16,3 milyon sene \u00f6ncesindeki Neo-Tektonik d\u00f6neme dayan\u0131r. Bu tarih \u00f6n\u00fcm\u00fczde uzanan gelece\u011fin de habercisidir. Depremleri durdurma g\u00fcc\u00fcm\u00fcz<span class=\"excerpt-hellip\"> [\u2026]<\/span><\/p>\n","protected":false},"featured_media":0,"template":"","meta":{"_monsterinsights_skip_tracking":false,"_monsterinsights_sitenote_active":false,"_monsterinsights_sitenote_note":"","_monsterinsights_sitenote_category":0},"product_brand":[],"product_cat":[13005,37328],"product_tag":[],"class_list":{"0":"post-768893","1":"product","2":"type-product","3":"status-publish","5":"product_cat-bilim-muhendislik","6":"product_cat-diger-bilim-muhendislik","7":"pa_cilt-ciltsiz","8":"pa_tur-kitap","9":"pa_yayinevi-dogan-kitap","10":"pa_yazar-naci-gorur","12":"first","13":"instock","14":"sale","15":"shipping-taxable","16":"purchasable","17":"product-type-simple"},"_links":{"self":[{"href":"https:\/\/roveyayinevi.com.tr\/index.php\/wp-json\/wp\/v2\/product\/768893","targetHints":{"allow":["GET"]}}],"collection":[{"href":"https:\/\/roveyayinevi.com.tr\/index.php\/wp-json\/wp\/v2\/product"}],"about":[{"href":"https:\/\/roveyayinevi.com.tr\/index.php\/wp-json\/wp\/v2\/types\/product"}],"wp:attachment":[{"href":"https:\/\/roveyayinevi.com.tr\/index.php\/wp-json\/wp\/v2\/media?parent=768893"}],"wp:term":[{"taxonomy":"product_brand","embeddable":true,"href":"https:\/\/roveyayinevi.com.tr\/index.php\/wp-json\/wp\/v2\/product_brand?post=768893"},{"taxonomy":"product_cat","embeddable":true,"href":"https:\/\/roveyayinevi.com.tr\/index.php\/wp-json\/wp\/v2\/product_cat?post=768893"},{"taxonomy":"product_tag","embeddable":true,"href":"https:\/\/roveyayinevi.com.tr\/index.php\/wp-json\/wp\/v2\/product_tag?post=768893"}],"curies":[{"name":"wp","href":"https:\/\/api.w.org\/{rel}","templated":true}]}}