{"id":768892,"date":"2025-08-28T13:35:36","date_gmt":"2025-08-28T10:35:36","guid":{"rendered":"https:\/\/roveyayinevi.com.tr\/index.php\/urun\/melankoliye-ovgu\/"},"modified":"2026-04-13T03:30:50","modified_gmt":"2026-04-13T00:30:50","slug":"melankoliye-ovgu","status":"publish","type":"product","link":"https:\/\/roveyayinevi.com.tr\/index.php\/urun\/melankoliye-ovgu\/","title":{"rendered":"Melankoliye \u00d6vg\u00fc"},"content":{"rendered":"<p>Melankoliye \u00d6vg\u00fc, mutlulu\u011fun tek se\u00e7enek olarak sunuldu\u011fu modern d\u00fcnyaya cesur bir meydan okuma.   Eric G. Wilson\u2019a g\u00f6re melankoli, insan ruhunun g\u00f6lgede kalan y\u00fcz\u00fc de\u011fil, anlam ve derinlik kazand\u0131\u011f\u0131 bir alan. Bu kitap, korkular\u0131m\u0131zdan ka\u00e7mak yerine onlarla y\u00fczle\u015ferek insan ruhunun en derin noktalar\u0131na ula\u015fman\u0131n yollar\u0131n\u0131 g\u00f6steriyor.   Wilson, okuru melankoliyi bir zay\u0131fl\u0131k olarak g\u00f6rmekten vazge\u00e7ip onun d\u00f6n\u00fc\u015ft\u00fcr\u00fcc\u00fc g\u00fcc\u00fcn\u00fc anlamaya \u00e7a\u011f\u0131r\u0131yor. Tarih boyunca melankolinin sanat\u0131, edebiyat\u0131 ve insan d\u00fc\u015f\u00fcncesini nas\u0131l \u015fekillendirdi\u011fini \u00e7arp\u0131c\u0131 \u00f6rneklerle anlat\u0131yor. Beethoven\u2019\u0131n ezgilerinden van Gogh\u2019un f\u0131r\u00e7a darbelerine, John Lennon\u2019\u0131n \u015fark\u0131 s\u00f6zlerinden Sylvia Plath\u2019\u0131n dizelerine kadar bir\u00e7ok yarat\u0131c\u0131 dehan\u0131n ilham kayna\u011f\u0131 olarak melankoliyi i\u015faret ediyor. Yarat\u0131c\u0131 bir ruh hali olan melankolinin, bazen ne\u015feyle bazen de ac\u0131yla insan\u0131 daha y\u00fcksek bir fark\u0131ndal\u0131\u011fa ta\u015f\u0131yabilece\u011fini vurguluyor.   Melankoliye \u00d6vg\u00fc, antidepresanlar\u0131n h\u0131zla t\u00fcketildi\u011fi bir d\u00fcnyada, ruhun derinliklerini ke\u015ffetmek isteyenler i\u00e7in bir manifesto. Bu kitap, okuruna melankolinin karanl\u0131k taraf\u0131nda sakl\u0131 olan \u0131\u015f\u0131\u011f\u0131 bulmay\u0131 ve bunu bir ya\u015fam rehberi haline getirmeyi \u00f6neriyor.   \u201cEric G. Wilson, ruhun karanl\u0131k gecesini savunarak modern d\u00fcnyan\u0131n ne\u015feye olan tak\u0131nt\u0131s\u0131na hak etti\u011fi ele\u015ftiriyi getiriyor. Eserin, bu anlam aray\u0131\u015f\u0131 ve zarif kar\u015f\u0131tl\u0131klarla dolu yakla\u015f\u0131m\u0131, adeta ruhu y\u00fcceltiyor.\u201d   \u2013 Colin McGinn, The Wall Street Journal <\/p>\n","protected":false},"excerpt":{"rendered":"<p>Melankoliye \u00d6vg\u00fc, mutlulu\u011fun tek se\u00e7enek olarak sunuldu\u011fu modern d\u00fcnyaya cesur bir meydan okuma. Eric G. Wilson\u2019a g\u00f6re melankoli, insan ruhunun g\u00f6lgede kalan y\u00fcz\u00fc de\u011fil, anlam ve<span class=\"excerpt-hellip\"> [\u2026]<\/span><\/p>\n","protected":false},"featured_media":0,"template":"","meta":{"_monsterinsights_skip_tracking":false,"_monsterinsights_sitenote_active":false,"_monsterinsights_sitenote_note":"","_monsterinsights_sitenote_category":0},"product_brand":[],"product_cat":[12364,12376],"product_tag":[],"class_list":{"0":"post-768892","1":"product","2":"type-product","3":"status-publish","5":"product_cat-genel-konular","6":"product_cat-kisisel-gelisim","7":"pa_cilt-ciltsiz","8":"pa_tur-kitap","9":"pa_yayinevi-dogan-kitap","10":"pa_yazar-eric-g-wilson","12":"first","13":"instock","14":"sale","15":"shipping-taxable","16":"purchasable","17":"product-type-simple"},"_links":{"self":[{"href":"https:\/\/roveyayinevi.com.tr\/index.php\/wp-json\/wp\/v2\/product\/768892","targetHints":{"allow":["GET"]}}],"collection":[{"href":"https:\/\/roveyayinevi.com.tr\/index.php\/wp-json\/wp\/v2\/product"}],"about":[{"href":"https:\/\/roveyayinevi.com.tr\/index.php\/wp-json\/wp\/v2\/types\/product"}],"wp:attachment":[{"href":"https:\/\/roveyayinevi.com.tr\/index.php\/wp-json\/wp\/v2\/media?parent=768892"}],"wp:term":[{"taxonomy":"product_brand","embeddable":true,"href":"https:\/\/roveyayinevi.com.tr\/index.php\/wp-json\/wp\/v2\/product_brand?post=768892"},{"taxonomy":"product_cat","embeddable":true,"href":"https:\/\/roveyayinevi.com.tr\/index.php\/wp-json\/wp\/v2\/product_cat?post=768892"},{"taxonomy":"product_tag","embeddable":true,"href":"https:\/\/roveyayinevi.com.tr\/index.php\/wp-json\/wp\/v2\/product_tag?post=768892"}],"curies":[{"name":"wp","href":"https:\/\/api.w.org\/{rel}","templated":true}]}}