{"id":768890,"date":"2025-08-28T13:35:33","date_gmt":"2025-08-28T10:35:33","guid":{"rendered":"https:\/\/roveyayinevi.com.tr\/index.php\/urun\/sinir-var-sinir-yok\/"},"modified":"2026-04-15T03:34:53","modified_gmt":"2026-04-15T00:34:53","slug":"sinir-var-sinir-yok","status":"publish","type":"product","link":"https:\/\/roveyayinevi.com.tr\/index.php\/urun\/sinir-var-sinir-yok\/","title":{"rendered":"S\u0131n\u0131r Var Sinir Yok"},"content":{"rendered":"<p>M\u00fckemmel anne baba yoktur,ama yeterince iyi olmak m\u00fcmk\u00fcn!   Hepimizin iste\u011fi mutlu, \u201cd\u00fcnya ya\u015fan\u0131labilir adil bir yerdir\u201d inanc\u0131 geli\u015ftirmi\u015f, kendi ayaklar\u0131 \u00fczerinde durabilen, kar\u015f\u0131la\u015ft\u0131\u011f\u0131 problemleri medeni yollarla \u00e7\u00f6zebilen, tatmink\u00e2r, ahlakl\u0131, nazik, merhametli ve sayg\u0131l\u0131 \u00e7ocuklar yeti\u015ftirmek\u2026   Peki bu hayali nas\u0131l ger\u00e7e\u011fe d\u00f6n\u00fc\u015ft\u00fcrece\u011fiz? Hi\u00e7 ba\u011f\u0131rmayacak m\u0131y\u0131z? Ceza vermeyecek miyiz? \u00d6d\u00fcllendirmeyecek miyiz? O zaman \u00e7ocuk, s\u0131n\u0131rlar\u0131n\u0131 nas\u0131l bilecek?   S\u0131n\u0131r Var Sinir Yok, disiplin ve s\u0131n\u0131rlar konusunda kafas\u0131ndaki sorulara cevap bulamam\u0131\u015f t\u00fcm anne baba ve e\u011fitimciler i\u00e7in yaz\u0131ld\u0131. Akademisyen Anne Saniye Bencik Kangal, kendi hayat\u0131ndan ve G\u00f6z\u00fcb\u00fcy\u00fck Ailesi\u2019nden \u00e7arp\u0131c\u0131 \u00f6rneklerle, \u00e7ocuk geli\u015fiminin inceliklerini ve s\u0131n\u0131rlar\u0131n \u00f6nemini anlat\u0131yor. \u00c7ocuklar\u0131n geli\u015fimsel ihtiya\u00e7lar\u0131yla uyumlu s\u0131n\u0131rlar koymak, onlara anlay\u0131\u015fla rehberlik etmek ve krizleri sakince a\u015fmak i\u00e7in ad\u0131m ad\u0131m bir yol haritas\u0131 \u00e7iziyor.   \u201c\u0130nsan\u0131z biz, sinirlerimizi ald\u0131rm\u0131\u015f gibi ya\u015fayamay\u0131z\u201d diyenler burada m\u0131s\u0131n\u0131z? Akademisyen Anne Saniye Bencik Kangal\u2019la ufuk a\u00e7\u0131c\u0131 bir yolculuk sizi bekliyor! <\/p>\n","protected":false},"excerpt":{"rendered":"<p>M\u00fckemmel anne baba yoktur,ama yeterince iyi olmak m\u00fcmk\u00fcn! Hepimizin iste\u011fi mutlu, \u201cd\u00fcnya ya\u015fan\u0131labilir adil bir yerdir\u201d inanc\u0131 geli\u015ftirmi\u015f, kendi ayaklar\u0131 \u00fczerinde durabilen, kar\u015f\u0131la\u015ft\u0131\u011f\u0131 problemleri medeni yollarla<span class=\"excerpt-hellip\"> [\u2026]<\/span><\/p>\n","protected":false},"featured_media":0,"template":"","meta":{"_monsterinsights_skip_tracking":false,"_monsterinsights_sitenote_active":false,"_monsterinsights_sitenote_note":"","_monsterinsights_sitenote_category":0},"product_brand":[],"product_cat":[12679,12357],"product_tag":[],"class_list":{"0":"post-768890","1":"product","2":"type-product","3":"status-publish","5":"product_cat-cocuk-psikolojisi","6":"product_cat-psikoloji","7":"pa_cilt-ciltsiz","8":"pa_tur-kitap","9":"pa_yayinevi-dogan-kitap","10":"pa_yazar-saniye-bencik-kangal","12":"first","13":"instock","14":"sale","15":"shipping-taxable","16":"purchasable","17":"product-type-simple"},"_links":{"self":[{"href":"https:\/\/roveyayinevi.com.tr\/index.php\/wp-json\/wp\/v2\/product\/768890","targetHints":{"allow":["GET"]}}],"collection":[{"href":"https:\/\/roveyayinevi.com.tr\/index.php\/wp-json\/wp\/v2\/product"}],"about":[{"href":"https:\/\/roveyayinevi.com.tr\/index.php\/wp-json\/wp\/v2\/types\/product"}],"wp:attachment":[{"href":"https:\/\/roveyayinevi.com.tr\/index.php\/wp-json\/wp\/v2\/media?parent=768890"}],"wp:term":[{"taxonomy":"product_brand","embeddable":true,"href":"https:\/\/roveyayinevi.com.tr\/index.php\/wp-json\/wp\/v2\/product_brand?post=768890"},{"taxonomy":"product_cat","embeddable":true,"href":"https:\/\/roveyayinevi.com.tr\/index.php\/wp-json\/wp\/v2\/product_cat?post=768890"},{"taxonomy":"product_tag","embeddable":true,"href":"https:\/\/roveyayinevi.com.tr\/index.php\/wp-json\/wp\/v2\/product_tag?post=768890"}],"curies":[{"name":"wp","href":"https:\/\/api.w.org\/{rel}","templated":true}]}}