{"id":768889,"date":"2025-08-28T13:35:32","date_gmt":"2025-08-28T10:35:32","guid":{"rendered":"https:\/\/roveyayinevi.com.tr\/index.php\/urun\/beni-sorarsan-yuvamdayim-iste-yer-alti-kitap-ve-yapboz-seti\/"},"modified":"2026-04-15T03:34:53","modified_gmt":"2026-04-15T00:34:53","slug":"beni-sorarsan-yuvamdayim-iste-yer-alti-kitap-ve-yapboz-seti","status":"publish","type":"product","link":"https:\/\/roveyayinevi.com.tr\/index.php\/urun\/beni-sorarsan-yuvamdayim-iste-yer-alti-kitap-ve-yapboz-seti\/","title":{"rendered":"Beni Sorarsan Yuvamday\u0131m-\u0130\u015fte Yer Alt\u0131! (Kitap ve Yapboz Seti)"},"content":{"rendered":"<p>\u0130\u015fte yer alt\u0131 maceras\u0131 ba\u015fl\u0131yooor!Haydi \u015fimdi tamamlayal\u0131m puzzle\u2019\u0131, g\u00f6relim t\u00fcm yuvalar\u0131.Okuyal\u0131m Sincap Loni\u2019nin misafirlik maceralar\u0131n\u0131\u2026<\/p>\n","protected":false},"excerpt":{"rendered":"<p>\u0130\u015fte yer alt\u0131 maceras\u0131 ba\u015fl\u0131yooor!Haydi \u015fimdi tamamlayal\u0131m puzzle\u2019\u0131, g\u00f6relim t\u00fcm yuvalar\u0131.Okuyal\u0131m Sincap Loni\u2019nin misafirlik maceralar\u0131n\u0131\u2026<\/p>\n","protected":false},"featured_media":0,"template":"","meta":{"_monsterinsights_skip_tracking":false,"_monsterinsights_sitenote_active":false,"_monsterinsights_sitenote_note":"","_monsterinsights_sitenote_category":0},"product_brand":[],"product_cat":[15192,12274],"product_tag":[],"class_list":{"0":"post-768889","1":"product","2":"type-product","3":"status-publish","5":"product_cat-1-3-yas-kitaplari","6":"product_cat-cocuk-ve-genclik-kitaplari","7":"pa_cilt-set","8":"pa_tur-kitap","9":"pa_yayinevi-bi-kutu-oyun","10":"pa_yazar-zehra-kandemir","12":"first","13":"instock","14":"sale","15":"shipping-taxable","16":"purchasable","17":"product-type-simple"},"_links":{"self":[{"href":"https:\/\/roveyayinevi.com.tr\/index.php\/wp-json\/wp\/v2\/product\/768889","targetHints":{"allow":["GET"]}}],"collection":[{"href":"https:\/\/roveyayinevi.com.tr\/index.php\/wp-json\/wp\/v2\/product"}],"about":[{"href":"https:\/\/roveyayinevi.com.tr\/index.php\/wp-json\/wp\/v2\/types\/product"}],"wp:attachment":[{"href":"https:\/\/roveyayinevi.com.tr\/index.php\/wp-json\/wp\/v2\/media?parent=768889"}],"wp:term":[{"taxonomy":"product_brand","embeddable":true,"href":"https:\/\/roveyayinevi.com.tr\/index.php\/wp-json\/wp\/v2\/product_brand?post=768889"},{"taxonomy":"product_cat","embeddable":true,"href":"https:\/\/roveyayinevi.com.tr\/index.php\/wp-json\/wp\/v2\/product_cat?post=768889"},{"taxonomy":"product_tag","embeddable":true,"href":"https:\/\/roveyayinevi.com.tr\/index.php\/wp-json\/wp\/v2\/product_tag?post=768889"}],"curies":[{"name":"wp","href":"https:\/\/api.w.org\/{rel}","templated":true}]}}