{"id":768886,"date":"2025-08-28T13:35:26","date_gmt":"2025-08-28T10:35:26","guid":{"rendered":"https:\/\/roveyayinevi.com.tr\/index.php\/urun\/kapiyi-acan-kim-bir-hadis-cizgi-romani\/"},"modified":"2026-04-15T03:34:53","modified_gmt":"2026-04-15T00:34:53","slug":"kapiyi-acan-kim-bir-hadis-cizgi-romani","status":"publish","type":"product","link":"https:\/\/roveyayinevi.com.tr\/index.php\/urun\/kapiyi-acan-kim-bir-hadis-cizgi-romani\/","title":{"rendered":"Kap\u0131y\u0131 A\u00e7an Kim? Bir Hadis \u00c7izgi Roman\u0131"},"content":{"rendered":"<p>T\u00fcm bunlar alarm\u0131 kapat\u0131p uyumaya devam etti\u011fim i\u00e7in ba\u015f\u0131m\u0131za geldi. \u0130\u015fte ya\u015fananlar\u0131n \u00f6zeti: \u2022 Yaramaz bir kedi\u2022 Tozlu bir depo\u2022 Hurda bir araba\u2022 Gizemli bir harita\u2022 As\u0131rlar\u0131 a\u015fan bir hadis hik\u00e2yesi Mahallenin t\u00fcyl\u00fc, sevimli ve biraz da merakl\u0131 kedisi Papyon&#8217;la tan\u0131\u015faca\u011f\u0131n\u0131z bu dostluk hik\u00e2yesi, sizin de y\u00fcz\u00fcn\u00fcz\u00fc g\u00fcld\u00fcrecek. Bu arada Papyon nerede? Bak yine ortadan kayboldu. Kim bilir nerelerdedir?  Papyoooon!  <\/p>\n","protected":false},"excerpt":{"rendered":"<p>T\u00fcm bunlar alarm\u0131 kapat\u0131p uyumaya devam etti\u011fim i\u00e7in ba\u015f\u0131m\u0131za geldi. \u0130\u015fte ya\u015fananlar\u0131n \u00f6zeti: \u2022 Yaramaz bir kedi\u2022 Tozlu bir depo\u2022 Hurda bir araba\u2022 Gizemli bir harita\u2022<span class=\"excerpt-hellip\"> [\u2026]<\/span><\/p>\n","protected":false},"featured_media":0,"template":"","meta":{"_monsterinsights_skip_tracking":false,"_monsterinsights_sitenote_active":false,"_monsterinsights_sitenote_note":"","_monsterinsights_sitenote_category":0},"product_brand":[],"product_cat":[12274,18802],"product_tag":[],"class_list":{"0":"post-768886","1":"product","2":"type-product","3":"status-publish","5":"product_cat-cocuk-ve-genclik-kitaplari","6":"product_cat-din-egitimi","7":"pa_cilt-ciltsiz","8":"pa_tur-kitap","9":"pa_yayinevi-gulce-kitap","10":"pa_yazar-yagmur-karacan","12":"first","13":"instock","14":"sale","15":"shipping-taxable","16":"purchasable","17":"product-type-simple"},"_links":{"self":[{"href":"https:\/\/roveyayinevi.com.tr\/index.php\/wp-json\/wp\/v2\/product\/768886","targetHints":{"allow":["GET"]}}],"collection":[{"href":"https:\/\/roveyayinevi.com.tr\/index.php\/wp-json\/wp\/v2\/product"}],"about":[{"href":"https:\/\/roveyayinevi.com.tr\/index.php\/wp-json\/wp\/v2\/types\/product"}],"wp:attachment":[{"href":"https:\/\/roveyayinevi.com.tr\/index.php\/wp-json\/wp\/v2\/media?parent=768886"}],"wp:term":[{"taxonomy":"product_brand","embeddable":true,"href":"https:\/\/roveyayinevi.com.tr\/index.php\/wp-json\/wp\/v2\/product_brand?post=768886"},{"taxonomy":"product_cat","embeddable":true,"href":"https:\/\/roveyayinevi.com.tr\/index.php\/wp-json\/wp\/v2\/product_cat?post=768886"},{"taxonomy":"product_tag","embeddable":true,"href":"https:\/\/roveyayinevi.com.tr\/index.php\/wp-json\/wp\/v2\/product_tag?post=768886"}],"curies":[{"name":"wp","href":"https:\/\/api.w.org\/{rel}","templated":true}]}}