{"id":768885,"date":"2025-08-28T13:35:24","date_gmt":"2025-08-28T10:35:24","guid":{"rendered":"https:\/\/roveyayinevi.com.tr\/index.php\/urun\/disney-karlar-ulkesi-elsa-nerede-ara-ve-bul-faaliyet-kitabi-ciltli\/"},"modified":"2026-04-15T03:34:53","modified_gmt":"2026-04-15T00:34:53","slug":"disney-karlar-ulkesi-elsa-nerede-ara-ve-bul-faaliyet-kitabi-ciltli","status":"publish","type":"product","link":"https:\/\/roveyayinevi.com.tr\/index.php\/urun\/disney-karlar-ulkesi-elsa-nerede-ara-ve-bul-faaliyet-kitabi-ciltli\/","title":{"rendered":"Disney Karlar \u00dclkesi Elsa Nerede? Ara ve Bul Faaliyet Kitab\u0131 (Ciltli)"},"content":{"rendered":"<p>Elsa ve arkada\u015flar\u0131yla e\u011flenceli bir oyun oynamaya ne dersin? Karlar \u00dclkesi \u2019ndeki dostlar\u0131nla bir ke\u015fif yolculu\u011funa \u00e7\u0131k ve Anna, Elsa, Olaf ile arkada\u015flar\u0131n\u0131 ara. Sahnelere gizlenmi\u015f e\u015fyalar\u0131 g\u00f6rmek i\u00e7in g\u00f6zlerini d\u00f6rt a\u00e7may\u0131 unutma! Bakal\u0131m hepsini bulabilecek misin?<\/p>\n","protected":false},"excerpt":{"rendered":"<p>Elsa ve arkada\u015flar\u0131yla e\u011flenceli bir oyun oynamaya ne dersin? Karlar \u00dclkesi \u2019ndeki dostlar\u0131nla bir ke\u015fif yolculu\u011funa \u00e7\u0131k ve Anna, Elsa, Olaf ile arkada\u015flar\u0131n\u0131 ara. Sahnelere gizlenmi\u015f<span class=\"excerpt-hellip\"> [\u2026]<\/span><\/p>\n","protected":false},"featured_media":0,"template":"","meta":{"_monsterinsights_skip_tracking":false,"_monsterinsights_sitenote_active":false,"_monsterinsights_sitenote_note":"","_monsterinsights_sitenote_category":0},"product_brand":[],"product_cat":[12644,12274],"product_tag":[],"class_list":{"0":"post-768885","1":"product","2":"type-product","3":"status-publish","5":"product_cat-boyama-kitaplari","6":"product_cat-cocuk-ve-genclik-kitaplari","7":"pa_cilt-ciltli","8":"pa_tur-kitap","9":"pa_yayinevi-beta-kids","10":"pa_yazar-kolektif","12":"first","13":"instock","14":"sale","15":"shipping-taxable","16":"purchasable","17":"product-type-simple"},"_links":{"self":[{"href":"https:\/\/roveyayinevi.com.tr\/index.php\/wp-json\/wp\/v2\/product\/768885","targetHints":{"allow":["GET"]}}],"collection":[{"href":"https:\/\/roveyayinevi.com.tr\/index.php\/wp-json\/wp\/v2\/product"}],"about":[{"href":"https:\/\/roveyayinevi.com.tr\/index.php\/wp-json\/wp\/v2\/types\/product"}],"wp:attachment":[{"href":"https:\/\/roveyayinevi.com.tr\/index.php\/wp-json\/wp\/v2\/media?parent=768885"}],"wp:term":[{"taxonomy":"product_brand","embeddable":true,"href":"https:\/\/roveyayinevi.com.tr\/index.php\/wp-json\/wp\/v2\/product_brand?post=768885"},{"taxonomy":"product_cat","embeddable":true,"href":"https:\/\/roveyayinevi.com.tr\/index.php\/wp-json\/wp\/v2\/product_cat?post=768885"},{"taxonomy":"product_tag","embeddable":true,"href":"https:\/\/roveyayinevi.com.tr\/index.php\/wp-json\/wp\/v2\/product_tag?post=768885"}],"curies":[{"name":"wp","href":"https:\/\/api.w.org\/{rel}","templated":true}]}}