{"id":768883,"date":"2025-08-28T13:35:20","date_gmt":"2025-08-28T10:35:20","guid":{"rendered":"https:\/\/roveyayinevi.com.tr\/index.php\/urun\/duygulari-gosteren-ayna\/"},"modified":"2026-04-15T03:34:53","modified_gmt":"2026-04-15T00:34:53","slug":"duygulari-gosteren-ayna","status":"publish","type":"product","link":"https:\/\/roveyayinevi.com.tr\/index.php\/urun\/duygulari-gosteren-ayna\/","title":{"rendered":"Duygular\u0131 G\u00f6steren Ayna"},"content":{"rendered":"<p>&#8220;H\u0130SSETT\u0130\u011e\u0130N T\u00dcM DUYGULARINLA ALLAH SEN\u0130 \u00c7OK G\u00dcZEL YARATTI.&#8221; \u00c7ocuklar\u0131m\u0131z\u0131n ya\u015fad\u0131klar\u0131 duygular\u0131 tan\u0131mas\u0131 ve anlamas\u0131 i\u00e7in kitaba ayna koyarak kitab\u0131 oyunla\u015ft\u0131rd\u0131k. \u00c7ocu\u011funuza kitab\u0131 okuyun ve ya\u015fad\u0131\u011f\u0131 duygu de\u011fi\u015fimini hissetmesi i\u00e7in ona alan a\u00e7\u0131n. Duygular\u0131 neden ya\u015fad\u0131\u011f\u0131n\u0131 anlamas\u0131 i\u00e7in rehber olun. Kendilerini daha iyi tan\u0131mas\u0131 ve sa\u011fl\u0131kl\u0131 bir sosyal hayat i\u00e7in \u00e7ocuklar\u0131n\u0131z\u0131n duygular\u0131n\u0131 yak\u0131ndan hissetmesine imkan verin. HAYD\u0130 DUYGULARI G\u00d6STEREN AYNANIN BA\u015eINA!<\/p>\n","protected":false},"excerpt":{"rendered":"<p>&#8220;H\u0130SSETT\u0130\u011e\u0130N T\u00dcM DUYGULARINLA ALLAH SEN\u0130 \u00c7OK G\u00dcZEL YARATTI.&#8221; \u00c7ocuklar\u0131m\u0131z\u0131n ya\u015fad\u0131klar\u0131 duygular\u0131 tan\u0131mas\u0131 ve anlamas\u0131 i\u00e7in kitaba ayna koyarak kitab\u0131 oyunla\u015ft\u0131rd\u0131k. \u00c7ocu\u011funuza kitab\u0131 okuyun ve ya\u015fad\u0131\u011f\u0131 duygu<span class=\"excerpt-hellip\"> [\u2026]<\/span><\/p>\n","protected":false},"featured_media":0,"template":"","meta":{"_monsterinsights_skip_tracking":false,"_monsterinsights_sitenote_active":false,"_monsterinsights_sitenote_note":"","_monsterinsights_sitenote_category":0},"product_brand":[],"product_cat":[12274,15842],"product_tag":[],"class_list":{"0":"post-768883","1":"product","2":"type-product","3":"status-publish","5":"product_cat-cocuk-ve-genclik-kitaplari","6":"product_cat-egitici-kitaplar","7":"pa_cilt-ciltsiz","8":"pa_tur-kitap","9":"pa_yayinevi-gulce-kitap","10":"pa_yazar-seyda-apaydin","12":"first","13":"instock","14":"sale","15":"shipping-taxable","16":"purchasable","17":"product-type-simple"},"_links":{"self":[{"href":"https:\/\/roveyayinevi.com.tr\/index.php\/wp-json\/wp\/v2\/product\/768883","targetHints":{"allow":["GET"]}}],"collection":[{"href":"https:\/\/roveyayinevi.com.tr\/index.php\/wp-json\/wp\/v2\/product"}],"about":[{"href":"https:\/\/roveyayinevi.com.tr\/index.php\/wp-json\/wp\/v2\/types\/product"}],"wp:attachment":[{"href":"https:\/\/roveyayinevi.com.tr\/index.php\/wp-json\/wp\/v2\/media?parent=768883"}],"wp:term":[{"taxonomy":"product_brand","embeddable":true,"href":"https:\/\/roveyayinevi.com.tr\/index.php\/wp-json\/wp\/v2\/product_brand?post=768883"},{"taxonomy":"product_cat","embeddable":true,"href":"https:\/\/roveyayinevi.com.tr\/index.php\/wp-json\/wp\/v2\/product_cat?post=768883"},{"taxonomy":"product_tag","embeddable":true,"href":"https:\/\/roveyayinevi.com.tr\/index.php\/wp-json\/wp\/v2\/product_tag?post=768883"}],"curies":[{"name":"wp","href":"https:\/\/api.w.org\/{rel}","templated":true}]}}