{"id":768879,"date":"2025-08-28T13:35:11","date_gmt":"2025-08-28T10:35:11","guid":{"rendered":"https:\/\/roveyayinevi.com.tr\/index.php\/urun\/isvec-kibritleri\/"},"modified":"2026-04-15T03:34:53","modified_gmt":"2026-04-15T00:34:53","slug":"isvec-kibritleri","status":"publish","type":"product","link":"https:\/\/roveyayinevi.com.tr\/index.php\/urun\/isvec-kibritleri\/","title":{"rendered":"\u0130sve\u00e7 Kibritleri"},"content":{"rendered":"<p>Frans\u0131z edebiyat\u0131ndan ger\u00e7ek\u00e7ilik ve \u015fiirselli\u011fin harmanland\u0131\u011f\u0131 bir ba\u015fyap\u0131t!\u201cKaranl\u0131\u011f\u0131n g\u00f6lgesinde do\u011fan, \u0131\u015f\u0131\u011f\u0131n pe\u015finden ko\u015fan bir ya\u015fam&#8230;\u201dParis\u2019in nostaljik atmosferinde 1930\u2019lar\u0131n Labat Soka\u011f\u0131\u2026 Ne\u015fe ile kederin, hayal ile ger\u00e7e\u011fin i\u00e7 i\u00e7e ge\u00e7ti\u011fi bu dokunakl\u0131 anlat\u0131da, \u00f6ks\u00fcz bir \u00e7ocu\u011fun ya\u015fam m\u00fccadelesi, h\u00fcz\u00fcnle yo\u011frulmu\u015f ama umutla \u0131\u015f\u0131ldayan bir \u00f6yk\u00fcye d\u00f6n\u00fc\u015f\u00fcyor. Robert Sabatier, zarif bir \u015fiirsel dille \u00e7ocuklu\u011fun masumiyetini, dostlu\u011fun iyile\u015ftirici g\u00fcc\u00fcn\u00fc, ya\u015fam\u0131n gizli mucizelerini ve insan olman\u0131n benzersiz hallerini anlat\u0131yor.D\u00fcnyay\u0131 sessizce izleyen k\u00fc\u00e7\u00fck bir \u00e7ift g\u00f6z&#8230; Labat Soka\u011f\u0131\u2019n\u0131n renkli ama karma\u015f\u0131k ve \u00e7o\u011fu zaman ac\u0131mas\u0131z d\u00fcnyas\u0131nda, k\u00fc\u00e7\u00fck Olivier\u2019nin kaderin k\u0131r\u0131lgan ipleriyle \u00f6r\u00fclm\u00fc\u015f ya\u015fam\u0131, her ayr\u0131nt\u0131s\u0131 farkl\u0131 bir duyguyu yans\u0131tan bir mozaik gibi \u015fekilleniyor. Madam Papa\u2019n\u0131n y\u00fcre\u011findeki \u015fefkat, Bougras\u2019\u0131n s\u0131ra d\u0131\u015f\u0131 ruhundan ta\u015fan \u00f6yk\u00fcleri ve Mado\u2019nun b\u00fcy\u00fcleyici d\u00fcnyas\u0131, Olivier\u2019yi ayakta tutan dostluk ba\u011flar\u0131yla sarma\u015f dola\u015f oluyor. Olivier\u2019nin minik y\u00fcre\u011fine a\u011f\u0131r gelen bir ge\u00e7mi\u015f ve ya\u015fam\u0131n sert ger\u00e7ekleriyle \u00e7arp\u0131\u015fan hayalleri onu her ge\u00e7en g\u00fcn daha da karma\u015f\u0131k bir labirentin i\u00e7ine \u00e7ekiyor.<\/p>\n","protected":false},"excerpt":{"rendered":"<p>Frans\u0131z edebiyat\u0131ndan ger\u00e7ek\u00e7ilik ve \u015fiirselli\u011fin harmanland\u0131\u011f\u0131 bir ba\u015fyap\u0131t!\u201cKaranl\u0131\u011f\u0131n g\u00f6lgesinde do\u011fan, \u0131\u015f\u0131\u011f\u0131n pe\u015finden ko\u015fan bir ya\u015fam&#8230;\u201dParis\u2019in nostaljik atmosferinde 1930\u2019lar\u0131n Labat Soka\u011f\u0131\u2026 Ne\u015fe ile kederin, hayal ile ger\u00e7e\u011fin<span class=\"excerpt-hellip\"> [\u2026]<\/span><\/p>\n","protected":false},"featured_media":0,"template":"","meta":{"_monsterinsights_skip_tracking":false,"_monsterinsights_sitenote_active":false,"_monsterinsights_sitenote_note":"","_monsterinsights_sitenote_category":0},"product_brand":[],"product_cat":[12291,12711],"product_tag":[],"class_list":{"0":"post-768879","1":"product","2":"type-product","3":"status-publish","5":"product_cat-edebiyat","6":"product_cat-roman-oyku","7":"pa_cilt-ciltsiz","8":"pa_tur-kitap","9":"pa_yayinevi-eriken-yayinlari","10":"pa_yazar-robert-sabatier","12":"first","13":"instock","14":"sale","15":"shipping-taxable","16":"purchasable","17":"product-type-simple"},"_links":{"self":[{"href":"https:\/\/roveyayinevi.com.tr\/index.php\/wp-json\/wp\/v2\/product\/768879","targetHints":{"allow":["GET"]}}],"collection":[{"href":"https:\/\/roveyayinevi.com.tr\/index.php\/wp-json\/wp\/v2\/product"}],"about":[{"href":"https:\/\/roveyayinevi.com.tr\/index.php\/wp-json\/wp\/v2\/types\/product"}],"wp:attachment":[{"href":"https:\/\/roveyayinevi.com.tr\/index.php\/wp-json\/wp\/v2\/media?parent=768879"}],"wp:term":[{"taxonomy":"product_brand","embeddable":true,"href":"https:\/\/roveyayinevi.com.tr\/index.php\/wp-json\/wp\/v2\/product_brand?post=768879"},{"taxonomy":"product_cat","embeddable":true,"href":"https:\/\/roveyayinevi.com.tr\/index.php\/wp-json\/wp\/v2\/product_cat?post=768879"},{"taxonomy":"product_tag","embeddable":true,"href":"https:\/\/roveyayinevi.com.tr\/index.php\/wp-json\/wp\/v2\/product_tag?post=768879"}],"curies":[{"name":"wp","href":"https:\/\/api.w.org\/{rel}","templated":true}]}}