{"id":768877,"date":"2025-08-28T13:35:07","date_gmt":"2025-08-28T10:35:07","guid":{"rendered":"https:\/\/roveyayinevi.com.tr\/index.php\/urun\/dunyanin-en-komik-hayvani\/"},"modified":"2026-04-15T03:34:53","modified_gmt":"2026-04-15T00:34:53","slug":"dunyanin-en-komik-hayvani","status":"publish","type":"product","link":"https:\/\/roveyayinevi.com.tr\/index.php\/urun\/dunyanin-en-komik-hayvani\/","title":{"rendered":"D\u00fcnyan\u0131n En Komik Hayvan\u0131"},"content":{"rendered":"<p>\u015eempo d\u00fcnyan\u0131n en komik hayvan\u0131! \u015eakalar\u0131yla ormandaki herkesi kahkahaya bo\u011fuyor. \u00d6yle ki uzak ormanlardan \u015eempo\u2019nun \u015fakalar\u0131na g\u00fclmek i\u00e7in gelenler bile var! Konu ciddi meselelere geldi\u011finde ise herkes \u201cHadi \u015eempo, \u015fakan\u0131n s\u0131ras\u0131 de\u011fil!\u201d diyerek onu ge\u00e7i\u015ftiriyor. Oysa \u015eempo\u2019nun da ciddiye al\u0131nmas\u0131n\u0131 istedi\u011fi fikirleri var! Bu durum bir zaman sonra \u015eempo\u2019yu \u00fczmeye ba\u015fl\u0131yor. Ortada ne \u015faka kal\u0131yor ne de g\u00fcl\u00fcmseme! Peki, ormandaki dostlar\u0131 \u015eempo\u2019nun kalbini geri kazanabilecek mi? Yeniden \u015faka dolu g\u00fcnlere d\u00f6nebilecekler mi?CANER SARIO\u011eLU&#8217;NUN KALEM\u0130NDEN, OKUMAYI SEVD\u0130REN, KIKIR KIKIR G\u00dcLD\u00dcREN B\u0130R H\u0130K\u00c2YE&#8230;\u015eEMPO \u0130LE B\u0130RL\u0130KTE, GER\u00c7EK DOSTLU\u011eUN G\u00dcC\u00dcNE VE BOL KAHKAHAYA HAZIR OLUN!<\/p>\n","protected":false},"excerpt":{"rendered":"<p>\u015eempo d\u00fcnyan\u0131n en komik hayvan\u0131! \u015eakalar\u0131yla ormandaki herkesi kahkahaya bo\u011fuyor. \u00d6yle ki uzak ormanlardan \u015eempo\u2019nun \u015fakalar\u0131na g\u00fclmek i\u00e7in gelenler bile var! Konu ciddi meselelere geldi\u011finde ise<span class=\"excerpt-hellip\"> [\u2026]<\/span><\/p>\n","protected":false},"featured_media":0,"template":"","meta":{"_monsterinsights_skip_tracking":false,"_monsterinsights_sitenote_active":false,"_monsterinsights_sitenote_note":"","_monsterinsights_sitenote_category":0},"product_brand":[],"product_cat":[12274,12284],"product_tag":[],"class_list":{"0":"post-768877","1":"product","2":"type-product","3":"status-publish","5":"product_cat-cocuk-ve-genclik-kitaplari","6":"product_cat-hikayeler","7":"pa_cilt-ciltsiz","8":"pa_tur-kitap","9":"pa_yayinevi-timas-cocuk","10":"pa_yazar-caner-sarioglu","12":"first","13":"instock","14":"sale","15":"shipping-taxable","16":"purchasable","17":"product-type-simple"},"_links":{"self":[{"href":"https:\/\/roveyayinevi.com.tr\/index.php\/wp-json\/wp\/v2\/product\/768877","targetHints":{"allow":["GET"]}}],"collection":[{"href":"https:\/\/roveyayinevi.com.tr\/index.php\/wp-json\/wp\/v2\/product"}],"about":[{"href":"https:\/\/roveyayinevi.com.tr\/index.php\/wp-json\/wp\/v2\/types\/product"}],"wp:attachment":[{"href":"https:\/\/roveyayinevi.com.tr\/index.php\/wp-json\/wp\/v2\/media?parent=768877"}],"wp:term":[{"taxonomy":"product_brand","embeddable":true,"href":"https:\/\/roveyayinevi.com.tr\/index.php\/wp-json\/wp\/v2\/product_brand?post=768877"},{"taxonomy":"product_cat","embeddable":true,"href":"https:\/\/roveyayinevi.com.tr\/index.php\/wp-json\/wp\/v2\/product_cat?post=768877"},{"taxonomy":"product_tag","embeddable":true,"href":"https:\/\/roveyayinevi.com.tr\/index.php\/wp-json\/wp\/v2\/product_tag?post=768877"}],"curies":[{"name":"wp","href":"https:\/\/api.w.org\/{rel}","templated":true}]}}