{"id":768875,"date":"2025-08-28T13:35:03","date_gmt":"2025-08-28T10:35:03","guid":{"rendered":"https:\/\/roveyayinevi.com.tr\/index.php\/urun\/bunyo-ile-harika-organlar-diyari\/"},"modified":"2026-04-08T03:31:10","modified_gmt":"2026-04-08T00:31:10","slug":"bunyo-ile-harika-organlar-diyari","status":"publish","type":"product","link":"https:\/\/roveyayinevi.com.tr\/index.php\/urun\/bunyo-ile-harika-organlar-diyari\/","title":{"rendered":"B\u00fcnyo ile Harika Organlar Diyar\u0131"},"content":{"rendered":"<p>Harikalar diyar\u0131 sand\u0131\u011f\u0131n\u0131z kadar uzak de\u011fil! Merhaba, ben Dilara! V\u00fccudumu daha iyi tan\u0131mak isterken kedim B\u00fcnyo ile \u00e7\u0131kt\u0131\u011f\u0131m bu yolculukta kendimi organlar\u0131mla tan\u0131\u015f\u0131rken buldum.  Ama bu, s\u0131radan bir tan\u0131\u015fma de\u011fil! Kalbimin melodisinden akci\u011ferlerimdeki temiz havaya, midemin s\u0131rlar\u0131ndan ba\u011f\u0131rsaklar\u0131m\u0131n bilge yolculu\u011funa uzanan muhte\u015fem bir macera!  Okulda ya\u015fad\u0131\u011f\u0131m zor bir g\u00fcn\u00fcn ard\u0131ndan ba\u015flayan bu yolculukta sadece organlar\u0131m\u0131 tan\u0131makla kalmad\u0131m, kendimi yeniden ke\u015ffettim. Her organ\u0131n benzersiz hik\u00e2yesi ve \u00f6nemi, v\u00fccudumuzun nas\u0131l muhte\u015fem bir uyum i\u00e7inde \u00e7al\u0131\u015ft\u0131\u011f\u0131n\u0131 g\u00f6sterdi. Organlar\u0131n\u0131z\u0131n sizinle nas\u0131l bir i\u015f birli\u011fi i\u00e7inde oldu\u011funu ke\u015ffetmeye, bilge kedi B\u00fcnyo&#8217;nun rehberli\u011finde \u00e7\u0131k\u0131lan bu heyecan verici yolculu\u011fa var m\u0131s\u0131n\u0131z?<\/p>\n","protected":false},"excerpt":{"rendered":"<p>Harikalar diyar\u0131 sand\u0131\u011f\u0131n\u0131z kadar uzak de\u011fil! Merhaba, ben Dilara! V\u00fccudumu daha iyi tan\u0131mak isterken kedim B\u00fcnyo ile \u00e7\u0131kt\u0131\u011f\u0131m bu yolculukta kendimi organlar\u0131mla tan\u0131\u015f\u0131rken buldum. Ama bu,<span class=\"excerpt-hellip\"> [\u2026]<\/span><\/p>\n","protected":false},"featured_media":0,"template":"","meta":{"_monsterinsights_skip_tracking":false,"_monsterinsights_sitenote_active":false,"_monsterinsights_sitenote_note":"","_monsterinsights_sitenote_category":0},"product_brand":[],"product_cat":[12274,12284],"product_tag":[],"class_list":{"0":"post-768875","1":"product","2":"type-product","3":"status-publish","5":"product_cat-cocuk-ve-genclik-kitaplari","6":"product_cat-hikayeler","7":"pa_cilt-ciltsiz","8":"pa_tur-kitap","9":"pa_yayinevi-timas-cocuk","10":"pa_yazar-dilara-sari","12":"first","13":"instock","14":"sale","15":"shipping-taxable","16":"purchasable","17":"product-type-simple"},"_links":{"self":[{"href":"https:\/\/roveyayinevi.com.tr\/index.php\/wp-json\/wp\/v2\/product\/768875","targetHints":{"allow":["GET"]}}],"collection":[{"href":"https:\/\/roveyayinevi.com.tr\/index.php\/wp-json\/wp\/v2\/product"}],"about":[{"href":"https:\/\/roveyayinevi.com.tr\/index.php\/wp-json\/wp\/v2\/types\/product"}],"wp:attachment":[{"href":"https:\/\/roveyayinevi.com.tr\/index.php\/wp-json\/wp\/v2\/media?parent=768875"}],"wp:term":[{"taxonomy":"product_brand","embeddable":true,"href":"https:\/\/roveyayinevi.com.tr\/index.php\/wp-json\/wp\/v2\/product_brand?post=768875"},{"taxonomy":"product_cat","embeddable":true,"href":"https:\/\/roveyayinevi.com.tr\/index.php\/wp-json\/wp\/v2\/product_cat?post=768875"},{"taxonomy":"product_tag","embeddable":true,"href":"https:\/\/roveyayinevi.com.tr\/index.php\/wp-json\/wp\/v2\/product_tag?post=768875"}],"curies":[{"name":"wp","href":"https:\/\/api.w.org\/{rel}","templated":true}]}}