{"id":768873,"date":"2025-08-28T13:35:00","date_gmt":"2025-08-28T10:35:00","guid":{"rendered":"https:\/\/roveyayinevi.com.tr\/index.php\/urun\/hz-muhammedin-a-s-atalari\/"},"modified":"2026-01-27T04:01:33","modified_gmt":"2026-01-27T01:01:33","slug":"hz-muhammedin-a-s-atalari","status":"publish","type":"product","link":"https:\/\/roveyayinevi.com.tr\/index.php\/urun\/hz-muhammedin-a-s-atalari\/","title":{"rendered":"Hz. Muhammed&#8217;in (A.S) Atalar\u0131"},"content":{"rendered":"<p>Peygamberimizin her atas\u0131n\u0131n aln\u0131nda y\u0131ld\u0131z gibi parlayan bir nur vard\u0131. Bu nur \u00c2dem\u2019den (a.s.) o\u011fullar\u0131na ge\u00e7mi\u015fti. Bu nur peygamberimiz kimin sulb\u00fcnden gelecekse o ki\u015finin aln\u0131nda parlar, babadan o\u011fula ge\u00e7erdi. Bu nur atadan ataya ge\u00e7e, ge\u00e7e nihayet Peygamberimizin babas\u0131 Hz Abdullah\u2019a kadar geldi, ondan da peygamberimize ge\u00e7ti. O nefs y\u00f6n\u00fcnden de, soy y\u00f6n\u00fcnden de insanlar\u0131n en hay\u0131rl\u0131s\u0131d\u0131r. O hay\u0131rl\u0131lar\u0131n i\u00e7inden gelen en hay\u0131rl\u0131d\u0131r. O Allah\u2019\u0131n (c.c.) resul\u00fc, kulu ve habibidir. O peygamberlerin sonuncusudur. O \u00c2dem (a.s.) ruh ve ceset aras\u0131ndayken \u00dcmm\u00fcl-kitap\u2019ta Abdullah ve Hatem\u00fclenbiya idi. O atas\u0131 \u0130brahim\u2019in (a.s.) duas\u0131d\u0131r. O \u0130sa\u2019n\u0131n (a.s.) kavmine m\u00fcjdeledi\u011fi peygamberdir. O annesine r\u00fcyas\u0131nda m\u00fcjdelenendir. O Allah\u2019\u0131n (c.c.) \u00c2lemlere \u0130nen Rahmetidir. O\u2019nun y\u00fcz\u00fc suyu h\u00fcrmetine k\u00e2inatlar yarat\u0131lm\u0131\u015ft\u0131r. <\/p>\n","protected":false},"excerpt":{"rendered":"<p>Peygamberimizin her atas\u0131n\u0131n aln\u0131nda y\u0131ld\u0131z gibi parlayan bir nur vard\u0131. Bu nur \u00c2dem\u2019den (a.s.) o\u011fullar\u0131na ge\u00e7mi\u015fti. Bu nur peygamberimiz kimin sulb\u00fcnden gelecekse o ki\u015finin aln\u0131nda parlar,<span class=\"excerpt-hellip\"> [\u2026]<\/span><\/p>\n","protected":false},"featured_media":0,"template":"","meta":{"_monsterinsights_skip_tracking":false,"_monsterinsights_sitenote_active":false,"_monsterinsights_sitenote_note":"","_monsterinsights_sitenote_category":0},"product_brand":[],"product_cat":[12718,12719,18109],"product_tag":[],"class_list":{"0":"post-768873","1":"product","2":"type-product","3":"status-publish","5":"product_cat-din","6":"product_cat-islam","7":"product_cat-islam-tarihi","8":"pa_cilt-ciltsiz","9":"pa_tur-kitap","10":"pa_yayinevi-vova-yayinlari","11":"pa_yazar-hudai-cakmak","13":"first","14":"instock","15":"sale","16":"shipping-taxable","17":"purchasable","18":"product-type-simple"},"_links":{"self":[{"href":"https:\/\/roveyayinevi.com.tr\/index.php\/wp-json\/wp\/v2\/product\/768873","targetHints":{"allow":["GET"]}}],"collection":[{"href":"https:\/\/roveyayinevi.com.tr\/index.php\/wp-json\/wp\/v2\/product"}],"about":[{"href":"https:\/\/roveyayinevi.com.tr\/index.php\/wp-json\/wp\/v2\/types\/product"}],"wp:attachment":[{"href":"https:\/\/roveyayinevi.com.tr\/index.php\/wp-json\/wp\/v2\/media?parent=768873"}],"wp:term":[{"taxonomy":"product_brand","embeddable":true,"href":"https:\/\/roveyayinevi.com.tr\/index.php\/wp-json\/wp\/v2\/product_brand?post=768873"},{"taxonomy":"product_cat","embeddable":true,"href":"https:\/\/roveyayinevi.com.tr\/index.php\/wp-json\/wp\/v2\/product_cat?post=768873"},{"taxonomy":"product_tag","embeddable":true,"href":"https:\/\/roveyayinevi.com.tr\/index.php\/wp-json\/wp\/v2\/product_tag?post=768873"}],"curies":[{"name":"wp","href":"https:\/\/api.w.org\/{rel}","templated":true}]}}