{"id":768872,"date":"2025-08-28T13:34:58","date_gmt":"2025-08-28T10:34:58","guid":{"rendered":"https:\/\/roveyayinevi.com.tr\/index.php\/urun\/cesur-denizci\/"},"modified":"2026-04-15T03:34:53","modified_gmt":"2026-04-15T00:34:53","slug":"cesur-denizci","status":"publish","type":"product","link":"https:\/\/roveyayinevi.com.tr\/index.php\/urun\/cesur-denizci\/","title":{"rendered":"Cesur Denizci"},"content":{"rendered":"<p>Bir g\u00fcn, Kaptan Dora \u00e7ook uzaklarda \u0131ss\u0131z, s\u0131radan bir ada ke\u015ffeder. Dostlar\u0131yla beraber buraya ta\u015f\u0131n\u0131rlar ve art\u0131k ada s\u0131radan de\u011fildir; maceran\u0131n kalbidir!Cesur Denizci Pars, yelkenlerin gergin r\u00fczg\u00e2rla doldu\u011fu bir sabah, denizin tuzlu kokusunu i\u00e7ine \u00e7eker, tayfas\u0131yla beraber gemisine biner ve b\u00f6yle ad\u0131m atar g\u00f6rkemli maceraya!Kaptan Dora\u2019n\u0131n izinden gitmek isteyen gen\u00e7 Pars, bu yolculukta kendini ke\u015ffetmeye ba\u015flar. Vard\u0131\u011f\u0131 her limanda gizemli hik\u00e2yeler ve birbirinden ilgin\u00e7 ya\u015famlara rastlayan Pars, hayallerinin pe\u015finden gitmenin tad\u0131n\u0131 alm\u0131\u015ft\u0131r bir kere; art\u0131k durdurulamaz!Bu kitab\u0131n kapa\u011f\u0131ndaki dalgalar\u0131 dikkatle incele, zamanla o dalgalar\u0131n b\u00fcy\u00fcy\u00fcp \u00fczerine geldi\u011fini hissedebilirsin. Ard\u0131ndan kapa\u011f\u0131n\u0131 a\u00e7 ve okumaya ba\u015flad\u0131\u011f\u0131nda&#8230; Dalgalarla beraber ilerlemeyi g\u00f6ze ald\u0131ysan bu maceral\u0131 denizde kendini kaybedeceksin! Kitab\u0131 bitirdi\u011finde kendi d\u00fcnyana d\u00f6nmeyi unutma, sevgili okur.<\/p>\n","protected":false},"excerpt":{"rendered":"<p>Bir g\u00fcn, Kaptan Dora \u00e7ook uzaklarda \u0131ss\u0131z, s\u0131radan bir ada ke\u015ffeder. Dostlar\u0131yla beraber buraya ta\u015f\u0131n\u0131rlar ve art\u0131k ada s\u0131radan de\u011fildir; maceran\u0131n kalbidir!Cesur Denizci Pars, yelkenlerin gergin<span class=\"excerpt-hellip\"> [\u2026]<\/span><\/p>\n","protected":false},"featured_media":0,"template":"","meta":{"_monsterinsights_skip_tracking":false,"_monsterinsights_sitenote_active":false,"_monsterinsights_sitenote_note":"","_monsterinsights_sitenote_category":0},"product_brand":[],"product_cat":[12274,12284],"product_tag":[],"class_list":{"0":"post-768872","1":"product","2":"type-product","3":"status-publish","5":"product_cat-cocuk-ve-genclik-kitaplari","6":"product_cat-hikayeler","7":"pa_cilt-ciltsiz","8":"pa_tur-kitap","9":"pa_yayinevi-timas-yayinlari","10":"pa_yazar-aysenur-kurtulus-peltek","12":"first","13":"instock","14":"sale","15":"shipping-taxable","16":"purchasable","17":"product-type-simple"},"_links":{"self":[{"href":"https:\/\/roveyayinevi.com.tr\/index.php\/wp-json\/wp\/v2\/product\/768872","targetHints":{"allow":["GET"]}}],"collection":[{"href":"https:\/\/roveyayinevi.com.tr\/index.php\/wp-json\/wp\/v2\/product"}],"about":[{"href":"https:\/\/roveyayinevi.com.tr\/index.php\/wp-json\/wp\/v2\/types\/product"}],"wp:attachment":[{"href":"https:\/\/roveyayinevi.com.tr\/index.php\/wp-json\/wp\/v2\/media?parent=768872"}],"wp:term":[{"taxonomy":"product_brand","embeddable":true,"href":"https:\/\/roveyayinevi.com.tr\/index.php\/wp-json\/wp\/v2\/product_brand?post=768872"},{"taxonomy":"product_cat","embeddable":true,"href":"https:\/\/roveyayinevi.com.tr\/index.php\/wp-json\/wp\/v2\/product_cat?post=768872"},{"taxonomy":"product_tag","embeddable":true,"href":"https:\/\/roveyayinevi.com.tr\/index.php\/wp-json\/wp\/v2\/product_tag?post=768872"}],"curies":[{"name":"wp","href":"https:\/\/api.w.org\/{rel}","templated":true}]}}