{"id":768870,"date":"2025-08-28T13:34:55","date_gmt":"2025-08-28T10:34:55","guid":{"rendered":"https:\/\/roveyayinevi.com.tr\/index.php\/urun\/insanin-evrimi-safsatasi\/"},"modified":"2026-01-30T04:05:47","modified_gmt":"2026-01-30T01:05:47","slug":"insanin-evrimi-safsatasi","status":"publish","type":"product","link":"https:\/\/roveyayinevi.com.tr\/index.php\/urun\/insanin-evrimi-safsatasi\/","title":{"rendered":"\u0130nsan\u0131n Evrimi Safsatas\u0131"},"content":{"rendered":"<p>\u0130nsan\u0131n evrimi konusu evrim teorisinin can damar\u0131d\u0131r. \u00d6yle ki evrimin duayeni Charles Darwin ayr\u0131 bir kitaba konu yapacak kadar \u00f6nem vermi\u015ftir. Ayn\u0131 \u00f6nemi biz de verece\u011fiz. Farkl\u0131 kaynaklardan al\u0131nt\u0131lar yaparak bilimsel yollarla ele\u015ftirece\u011fiz. Di\u011ferlerinden fark\u0131m\u0131z ele\u015ftirilerimizin akla, mant\u0131\u011fa, bilime uygun olaca\u011f\u0131d\u0131r. Ele\u015ftirilerimizde dini arg\u00fcman kullanmayaca\u011f\u0131z. Bilim d\u0131\u015f\u0131 kabul edilen dinlerin \u00f6ng\u00f6rd\u00fcklerini kan\u0131t diye g\u00f6stermeyece\u011fiz. Kaynaklar\u0131m\u0131z g\u00fcn\u00fcm\u00fczde bilimsel kabul edilen ateist evrimci eserleridir. Ateizmin bilimsel y\u00f6nden ger\u00e7ek y\u00fcz\u00fcn\u00fc g\u00f6sterece\u011fiz. Bu nedenle yaz\u0131lar\u0131m\u0131z en tutkulu ateistler taraf\u0131ndan bile bilimsel oldu\u011fu kabul edilmek zorunda kal\u0131nacak. Daha iyi anla\u015f\u0131lmas\u0131 i\u00e7in baz\u0131 konular\u0131n a\u00e7\u0131klanmas\u0131, mant\u0131k d\u00fczeltmesi gerekiyor. Herkesin anlayaca\u011f\u0131 basit bir dille bunu yapmaya \u00e7al\u0131\u015faca\u011f\u0131z. <\/p>\n","protected":false},"excerpt":{"rendered":"<p>\u0130nsan\u0131n evrimi konusu evrim teorisinin can damar\u0131d\u0131r. \u00d6yle ki evrimin duayeni Charles Darwin ayr\u0131 bir kitaba konu yapacak kadar \u00f6nem vermi\u015ftir. Ayn\u0131 \u00f6nemi biz de verece\u011fiz.<span class=\"excerpt-hellip\"> [\u2026]<\/span><\/p>\n","protected":false},"featured_media":0,"template":"","meta":{"_monsterinsights_skip_tracking":false,"_monsterinsights_sitenote_active":false,"_monsterinsights_sitenote_note":"","_monsterinsights_sitenote_category":0},"product_brand":[],"product_cat":[13005],"product_tag":[],"class_list":{"0":"post-768870","1":"product","2":"type-product","3":"status-publish","5":"product_cat-bilim-muhendislik","6":"pa_cilt-ciltsiz","7":"pa_tur-kitap","8":"pa_yayinevi-vova-yayinlari","9":"pa_yazar-hudai-cakmak","11":"first","12":"instock","13":"sale","14":"shipping-taxable","15":"purchasable","16":"product-type-simple"},"_links":{"self":[{"href":"https:\/\/roveyayinevi.com.tr\/index.php\/wp-json\/wp\/v2\/product\/768870","targetHints":{"allow":["GET"]}}],"collection":[{"href":"https:\/\/roveyayinevi.com.tr\/index.php\/wp-json\/wp\/v2\/product"}],"about":[{"href":"https:\/\/roveyayinevi.com.tr\/index.php\/wp-json\/wp\/v2\/types\/product"}],"wp:attachment":[{"href":"https:\/\/roveyayinevi.com.tr\/index.php\/wp-json\/wp\/v2\/media?parent=768870"}],"wp:term":[{"taxonomy":"product_brand","embeddable":true,"href":"https:\/\/roveyayinevi.com.tr\/index.php\/wp-json\/wp\/v2\/product_brand?post=768870"},{"taxonomy":"product_cat","embeddable":true,"href":"https:\/\/roveyayinevi.com.tr\/index.php\/wp-json\/wp\/v2\/product_cat?post=768870"},{"taxonomy":"product_tag","embeddable":true,"href":"https:\/\/roveyayinevi.com.tr\/index.php\/wp-json\/wp\/v2\/product_tag?post=768870"}],"curies":[{"name":"wp","href":"https:\/\/api.w.org\/{rel}","templated":true}]}}