{"id":768868,"date":"2025-08-28T13:34:50","date_gmt":"2025-08-28T10:34:50","guid":{"rendered":"https:\/\/roveyayinevi.com.tr\/index.php\/urun\/her-seyin-isigi\/"},"modified":"2026-04-15T03:34:53","modified_gmt":"2026-04-15T00:34:53","slug":"her-seyin-isigi","status":"publish","type":"product","link":"https:\/\/roveyayinevi.com.tr\/index.php\/urun\/her-seyin-isigi\/","title":{"rendered":"Her \u015eeyin I\u015f\u0131\u011f\u0131"},"content":{"rendered":"<p>Tom ve Zofia birbirine hi\u00e7 benzemeyen iki \u00e7ocuktur: Tom ne kadar sessiz ve utanga\u00e7sa, Zofia da bir o kadar g\u00fcr\u00fclt\u00fcc\u00fc ve d\u0131\u015fa d\u00f6n\u00fckt\u00fcr. Tom&#8217;un annesi ile Zofia&#8217;n\u0131n babas\u0131n\u0131n evlenmesi \u00fczerine bu iki \u00e7ocuk da ayn\u0131 evde ya\u015famaya ba\u015flarlar. Birbirleriyle hi\u00e7 anla\u015famasalar da do\u011facak karde\u015flerine duyduklar\u0131 sevgi, onlar\u0131 bir araya getirir.<\/p>\n","protected":false},"excerpt":{"rendered":"<p>Tom ve Zofia birbirine hi\u00e7 benzemeyen iki \u00e7ocuktur: Tom ne kadar sessiz ve utanga\u00e7sa, Zofia da bir o kadar g\u00fcr\u00fclt\u00fcc\u00fc ve d\u0131\u015fa d\u00f6n\u00fckt\u00fcr. Tom&#8217;un annesi ile<span class=\"excerpt-hellip\"> [\u2026]<\/span><\/p>\n","protected":false},"featured_media":0,"template":"","meta":{"_monsterinsights_skip_tracking":false,"_monsterinsights_sitenote_active":false,"_monsterinsights_sitenote_note":"","_monsterinsights_sitenote_category":0},"product_brand":[],"product_cat":[12291,12711],"product_tag":[],"class_list":{"0":"post-768868","1":"product","2":"type-product","3":"status-publish","5":"product_cat-edebiyat","6":"product_cat-roman-oyku","7":"pa_cilt-ciltsiz","8":"pa_tur-kitap","9":"pa_yayinevi-genc-timas","10":"pa_yazar-katya-balen","12":"first","13":"instock","14":"sale","15":"shipping-taxable","16":"purchasable","17":"product-type-simple"},"_links":{"self":[{"href":"https:\/\/roveyayinevi.com.tr\/index.php\/wp-json\/wp\/v2\/product\/768868","targetHints":{"allow":["GET"]}}],"collection":[{"href":"https:\/\/roveyayinevi.com.tr\/index.php\/wp-json\/wp\/v2\/product"}],"about":[{"href":"https:\/\/roveyayinevi.com.tr\/index.php\/wp-json\/wp\/v2\/types\/product"}],"wp:attachment":[{"href":"https:\/\/roveyayinevi.com.tr\/index.php\/wp-json\/wp\/v2\/media?parent=768868"}],"wp:term":[{"taxonomy":"product_brand","embeddable":true,"href":"https:\/\/roveyayinevi.com.tr\/index.php\/wp-json\/wp\/v2\/product_brand?post=768868"},{"taxonomy":"product_cat","embeddable":true,"href":"https:\/\/roveyayinevi.com.tr\/index.php\/wp-json\/wp\/v2\/product_cat?post=768868"},{"taxonomy":"product_tag","embeddable":true,"href":"https:\/\/roveyayinevi.com.tr\/index.php\/wp-json\/wp\/v2\/product_tag?post=768868"}],"curies":[{"name":"wp","href":"https:\/\/api.w.org\/{rel}","templated":true}]}}