{"id":768867,"date":"2025-08-28T13:34:48","date_gmt":"2025-08-28T10:34:48","guid":{"rendered":"https:\/\/roveyayinevi.com.tr\/index.php\/urun\/25-muhtesem-icat\/"},"modified":"2026-04-15T03:34:53","modified_gmt":"2026-04-15T00:34:53","slug":"25-muhtesem-icat","status":"publish","type":"product","link":"https:\/\/roveyayinevi.com.tr\/index.php\/urun\/25-muhtesem-icat\/","title":{"rendered":"25 Muhte\u015fem \u0130cat"},"content":{"rendered":"<p>D\u00fcnyay\u0131 de\u011fi\u015ftiren ve hayat\u0131m\u0131z\u0131 yerinden hop hop oynatan icatlar\u0131n ilgin\u00e7 hik\u00e2yelerini okumaya haz\u0131r m\u0131s\u0131n? \u00c7ama\u015f\u0131r makinesinden televizyona, kalemden radyoya, gemiden fermuara, matbaadan bisiklete, mikrodalga f\u0131r\u0131ndan telefona kadar 25 muhte\u015fem icad\u0131n s\u0131rr\u0131 bu kitapta seni bekliyor. Ke\u015fif d\u00fcnyanda yepyeni kap\u0131lar a\u00e7acak bu kitap, ayn\u0131 zamanda esprili karikat\u00fcrlerle okuma heyecan\u0131na e\u011flenceyi de katacak.Haydi, kapa\u011f\u0131 arala ve mucitlerin d\u00fcnyas\u0131na ad\u0131m at!<\/p>\n","protected":false},"excerpt":{"rendered":"<p>D\u00fcnyay\u0131 de\u011fi\u015ftiren ve hayat\u0131m\u0131z\u0131 yerinden hop hop oynatan icatlar\u0131n ilgin\u00e7 hik\u00e2yelerini okumaya haz\u0131r m\u0131s\u0131n? \u00c7ama\u015f\u0131r makinesinden televizyona, kalemden radyoya, gemiden fermuara, matbaadan bisiklete, mikrodalga f\u0131r\u0131ndan telefona<span class=\"excerpt-hellip\"> [\u2026]<\/span><\/p>\n","protected":false},"featured_media":0,"template":"","meta":{"_monsterinsights_skip_tracking":false,"_monsterinsights_sitenote_active":false,"_monsterinsights_sitenote_note":"","_monsterinsights_sitenote_category":0},"product_brand":[],"product_cat":[12274,15842],"product_tag":[],"class_list":{"0":"post-768867","1":"product","2":"type-product","3":"status-publish","5":"product_cat-cocuk-ve-genclik-kitaplari","6":"product_cat-egitici-kitaplar","7":"pa_cilt-ciltsiz","8":"pa_tur-kitap","9":"pa_yayinevi-eglenceli-bilgi-yayinlari","10":"pa_yazar-yasar-bayraktar","12":"first","13":"instock","14":"sale","15":"shipping-taxable","16":"purchasable","17":"product-type-simple"},"_links":{"self":[{"href":"https:\/\/roveyayinevi.com.tr\/index.php\/wp-json\/wp\/v2\/product\/768867","targetHints":{"allow":["GET"]}}],"collection":[{"href":"https:\/\/roveyayinevi.com.tr\/index.php\/wp-json\/wp\/v2\/product"}],"about":[{"href":"https:\/\/roveyayinevi.com.tr\/index.php\/wp-json\/wp\/v2\/types\/product"}],"wp:attachment":[{"href":"https:\/\/roveyayinevi.com.tr\/index.php\/wp-json\/wp\/v2\/media?parent=768867"}],"wp:term":[{"taxonomy":"product_brand","embeddable":true,"href":"https:\/\/roveyayinevi.com.tr\/index.php\/wp-json\/wp\/v2\/product_brand?post=768867"},{"taxonomy":"product_cat","embeddable":true,"href":"https:\/\/roveyayinevi.com.tr\/index.php\/wp-json\/wp\/v2\/product_cat?post=768867"},{"taxonomy":"product_tag","embeddable":true,"href":"https:\/\/roveyayinevi.com.tr\/index.php\/wp-json\/wp\/v2\/product_tag?post=768867"}],"curies":[{"name":"wp","href":"https:\/\/api.w.org\/{rel}","templated":true}]}}