{"id":768866,"date":"2025-08-28T13:34:46","date_gmt":"2025-08-28T10:34:46","guid":{"rendered":"https:\/\/roveyayinevi.com.tr\/index.php\/urun\/kordugum-egitim\/"},"modified":"2026-01-30T04:05:46","modified_gmt":"2026-01-30T01:05:46","slug":"kordugum-egitim","status":"publish","type":"product","link":"https:\/\/roveyayinevi.com.tr\/index.php\/urun\/kordugum-egitim\/","title":{"rendered":"K\u00f6rd\u00fc\u011f\u00fcm E\u011fitim"},"content":{"rendered":"<p>Ya\u015fam \u00f6yle karma\u015f\u0131k olmu\u015f hepten k\u00f6rd\u00fc\u011f\u00fcm Haf\u0131zadan silinmez \u00e7ok \u015feyler var g\u00f6rd\u00fc\u011f\u00fcm Yenilen kaz\u0131klar\u0131n bile\u015fkesi deneyim Do\u011fum g\u00fcn\u00fc kutlan\u0131r at\u0131l\u0131r orda d\u00fc\u011f\u00fcm.   Zarar varsa bir i\u015fte o zarardan d\u00f6nelim I\u015f\u0131\u011f\u0131m\u0131z yanmazsa s\u00f6nersek de s\u00f6nelim Ya\u015fama olumlu bak sen erken yat erken kalk Ac\u0131lar\u0131 bal edip mevtas\u0131n\u0131 g\u00f6melim.   D\u00fc\u015f\u00fcn\u00fcyorum var\u0131m kapasitem kadar\u0131m \u00d6yle bir n\u00fcvem var ki insanl\u0131\u011fa adar\u0131m E\u011fitim denilince \u0131\u015f\u0131k olup yanar\u0131m Vatan bekas\u0131 i\u00e7in ayazda da yatar\u0131m.   A\u011flamakla g\u00fclmeyi ayn\u0131 terazi tartar Ge\u00e7im s\u0131k\u0131nt\u0131lar\u0131 sorun olur da batar B\u00f6yle gitmez bu kervan g\u00fcn olur devran d\u00f6ner Mutluluk yoku\u015funda g\u00fclmek dereler katar.   K\u00f6rd\u00fc\u011f\u00fcm der ya\u015fam\u0131n olur e\u011fri b\u00fc\u011fr\u00fcs\u00fc A\u011flasam m\u0131? G\u00fclsem mi? \u015ea\u015ft\u0131m kald\u0131m do\u011frusu. Bunlara lay\u0131k m\u0131y\u0131z? Neler geliyor ba\u015fa? Yoksa sat\u0131ld\u0131k m\u0131 biz? Akla gelir sorusu.<\/p>\n","protected":false},"excerpt":{"rendered":"<p>Ya\u015fam \u00f6yle karma\u015f\u0131k olmu\u015f hepten k\u00f6rd\u00fc\u011f\u00fcm Haf\u0131zadan silinmez \u00e7ok \u015feyler var g\u00f6rd\u00fc\u011f\u00fcm Yenilen kaz\u0131klar\u0131n bile\u015fkesi deneyim Do\u011fum g\u00fcn\u00fc kutlan\u0131r at\u0131l\u0131r orda d\u00fc\u011f\u00fcm. Zarar varsa bir i\u015fte<span class=\"excerpt-hellip\"> [\u2026]<\/span><\/p>\n","protected":false},"featured_media":0,"template":"","meta":{"_monsterinsights_skip_tracking":false,"_monsterinsights_sitenote_active":false,"_monsterinsights_sitenote_note":"","_monsterinsights_sitenote_category":0},"product_brand":[],"product_cat":[12291,12509],"product_tag":[],"class_list":{"0":"post-768866","1":"product","2":"type-product","3":"status-publish","5":"product_cat-edebiyat","6":"product_cat-siir","7":"pa_cilt-ciltsiz","8":"pa_tur-kitap","9":"pa_yayinevi-vova-yayinlari","10":"pa_yazar-huseyin-kara","12":"first","13":"instock","14":"sale","15":"shipping-taxable","16":"purchasable","17":"product-type-simple"},"_links":{"self":[{"href":"https:\/\/roveyayinevi.com.tr\/index.php\/wp-json\/wp\/v2\/product\/768866","targetHints":{"allow":["GET"]}}],"collection":[{"href":"https:\/\/roveyayinevi.com.tr\/index.php\/wp-json\/wp\/v2\/product"}],"about":[{"href":"https:\/\/roveyayinevi.com.tr\/index.php\/wp-json\/wp\/v2\/types\/product"}],"wp:attachment":[{"href":"https:\/\/roveyayinevi.com.tr\/index.php\/wp-json\/wp\/v2\/media?parent=768866"}],"wp:term":[{"taxonomy":"product_brand","embeddable":true,"href":"https:\/\/roveyayinevi.com.tr\/index.php\/wp-json\/wp\/v2\/product_brand?post=768866"},{"taxonomy":"product_cat","embeddable":true,"href":"https:\/\/roveyayinevi.com.tr\/index.php\/wp-json\/wp\/v2\/product_cat?post=768866"},{"taxonomy":"product_tag","embeddable":true,"href":"https:\/\/roveyayinevi.com.tr\/index.php\/wp-json\/wp\/v2\/product_tag?post=768866"}],"curies":[{"name":"wp","href":"https:\/\/api.w.org\/{rel}","templated":true}]}}