{"id":768864,"date":"2025-08-28T13:34:43","date_gmt":"2025-08-28T10:34:43","guid":{"rendered":"https:\/\/roveyayinevi.com.tr\/index.php\/urun\/olum-ve-otesi\/"},"modified":"2026-04-15T03:34:53","modified_gmt":"2026-04-15T00:34:53","slug":"olum-ve-otesi","status":"publish","type":"product","link":"https:\/\/roveyayinevi.com.tr\/index.php\/urun\/olum-ve-otesi\/","title":{"rendered":"\u00d6l\u00fcm ve \u00d6tesi"},"content":{"rendered":"<p>Ey Rabbimiz! Bize ihsan etti\u011fin hidayetten sonra kalplerimizi haktan sapt\u0131rma, bize kendi kat\u0131ndan rahmet ihsan eyle! \u015e\u00fcphesiz ki Sen bol ihsan sahibisin! (\u00c2l-i \u0130mr\u00e2n Suresi, 8) Yani, bundan \u00f6nce bize iman\u0131 iletti\u011fin gibi \u00f6l\u00fcm an\u0131nda da kalplerimizi sapt\u0131rma, iman \u00fczere sebat ettir.    Allah Te\u00e2l\u00e2, insan\u0131 d\u00fcnya hayat\u0131nda belirli bir s\u00fcre i\u00e7in var etmi\u015f, ona takdir etti\u011fi r\u0131zk\u0131 ula\u015ft\u0131rm\u0131\u015f ve yaz\u0131l\u0131 olan amellerini tamamlamas\u0131na f\u0131rsat vermi\u015ftir. \u0130nsano\u011flunun d\u00fcnyadaki bu yolcu\u011fu \u201cHer nefis \u00f6l\u00fcm\u00fc tadacakt\u0131r.\u201d ayetinin tecellisiyle bir g\u00fcn son bulacakt\u0131r. \u00d6l\u00fcm ve \u00d6tesi ismiyle dilimize kazand\u0131rd\u0131\u011f\u0131m\u0131z bu kitap, \u00f6zellikle modern d\u00fcnyan\u0131n tuzaklar\u0131na d\u00fc\u015fen insanlara, kalplerini \u00f6l\u00fcm bilinciyle tekrar diriltme \u00e7a\u011fr\u0131s\u0131n\u0131 mu\u015ftulamaktad\u0131r.B\u00fcy\u00fck \u0130slam d\u00fc\u015f\u00fcn\u00fcr\u00fc Gazz\u00e2l\u00ee, bu kitab\u0131nda \u00f6l\u00fcm ve ahiretin ger\u00e7ekli\u011fini \u00e7arp\u0131c\u0131 \u00f6rnekler ve kuvvetli delillerle a\u00e7\u0131kl\u0131yor.<\/p>\n","protected":false},"excerpt":{"rendered":"<p>Ey Rabbimiz! Bize ihsan etti\u011fin hidayetten sonra kalplerimizi haktan sapt\u0131rma, bize kendi kat\u0131ndan rahmet ihsan eyle! \u015e\u00fcphesiz ki Sen bol ihsan sahibisin! (\u00c2l-i \u0130mr\u00e2n Suresi, 8)<span class=\"excerpt-hellip\"> [\u2026]<\/span><\/p>\n","protected":false},"featured_media":0,"template":"","meta":{"_monsterinsights_skip_tracking":false,"_monsterinsights_sitenote_active":false,"_monsterinsights_sitenote_note":"","_monsterinsights_sitenote_category":0},"product_brand":[],"product_cat":[12718,12719,15238],"product_tag":[],"class_list":{"0":"post-768864","1":"product","2":"type-product","3":"status-publish","5":"product_cat-din","6":"product_cat-islam","7":"product_cat-tasavvuf","8":"pa_cilt-ciltsiz","9":"pa_tur-kitap","10":"pa_yayinevi-sufi-kitap","11":"pa_yazar-imam-gazali","13":"first","14":"instock","15":"sale","16":"shipping-taxable","17":"purchasable","18":"product-type-simple"},"_links":{"self":[{"href":"https:\/\/roveyayinevi.com.tr\/index.php\/wp-json\/wp\/v2\/product\/768864","targetHints":{"allow":["GET"]}}],"collection":[{"href":"https:\/\/roveyayinevi.com.tr\/index.php\/wp-json\/wp\/v2\/product"}],"about":[{"href":"https:\/\/roveyayinevi.com.tr\/index.php\/wp-json\/wp\/v2\/types\/product"}],"wp:attachment":[{"href":"https:\/\/roveyayinevi.com.tr\/index.php\/wp-json\/wp\/v2\/media?parent=768864"}],"wp:term":[{"taxonomy":"product_brand","embeddable":true,"href":"https:\/\/roveyayinevi.com.tr\/index.php\/wp-json\/wp\/v2\/product_brand?post=768864"},{"taxonomy":"product_cat","embeddable":true,"href":"https:\/\/roveyayinevi.com.tr\/index.php\/wp-json\/wp\/v2\/product_cat?post=768864"},{"taxonomy":"product_tag","embeddable":true,"href":"https:\/\/roveyayinevi.com.tr\/index.php\/wp-json\/wp\/v2\/product_tag?post=768864"}],"curies":[{"name":"wp","href":"https:\/\/api.w.org\/{rel}","templated":true}]}}