{"id":768863,"date":"2025-08-28T13:34:41","date_gmt":"2025-08-28T10:34:41","guid":{"rendered":"https:\/\/roveyayinevi.com.tr\/index.php\/urun\/xviii-yuzyilda-osmanli-prusya-munasebetleri\/"},"modified":"2026-04-15T03:34:53","modified_gmt":"2026-04-15T00:34:53","slug":"xviii-yuzyilda-osmanli-prusya-munasebetleri","status":"publish","type":"product","link":"https:\/\/roveyayinevi.com.tr\/index.php\/urun\/xviii-yuzyilda-osmanli-prusya-munasebetleri\/","title":{"rendered":"XVIII. Y\u00fczy\u0131lda Osmanl\u0131-Prusya M\u00fcnasebetleri"},"content":{"rendered":"<p>\u201cPolitika her \u015feyden evvel, elveri\u015fli durumlar yaratmaya \u00e7al\u0131\u015fmaktansa, mevcut bu gibi durumlardan istifade etmek sanat\u0131d\u0131r. Bu y\u00fczden \u00f6nceden sonu belirsiz olaylar hakk\u0131nda ileriye matuf antla\u015fmalar yapmaman\u0131z\u0131 ve ellerinizi ba\u011flamaman\u0131z\u0131 tavsiye ediyorum. B\u00f6ylece zaman, yer ve \u015fartlar\u0131n el verdi\u011fi gibi olaylara m\u00fcdahale etmeniz, yani bir kelime ile menfaatlerinize g\u00f6re davranman\u0131z m\u00fcmk\u00fcn olur.\u201dPrusya Kral\u0131 II. FriedrichUsta tarih\u00e7i Prof. Dr. Kemal Beydilli\u2019nin bu \u00e7al\u0131\u015fmas\u0131, do\u00e7entlik tezi olarak haz\u0131rlad\u0131\u011f\u0131 iki kitab\u0131n\u0131n birle\u015ftirilmi\u015f, tekrar g\u00f6zden ge\u00e7irilmi\u015f, yeni bilgilerle takviye edilmi\u015f ve geni\u015fletilmi\u015f h\u00e2lidir.II. Friedrich devrinde (1740-1786) Avusturya ve Rusya\u2019ya kar\u015f\u0131 amans\u0131z bir m\u00fccadele veren ve zor durumda kalan Prusya\u2019n\u0131n, bu devletleri arka cephelerinden s\u0131k\u0131\u015ft\u0131racak bir kuvvet olarak Osmanl\u0131 \u0130mparatorlu\u011fu\u2019nu do\u011fal bir m\u00fcttefik olarak g\u00f6rmesiyle \u00f6nem kazanan bu m\u00fcnasebet, giderek her iki devletin m\u00fc\u015fterek \u201ckom\u015fu ve d\u00fc\u015fmanlar\u0131na\u201d kar\u015f\u0131 ortak bir cephe olu\u015fturmas\u0131 zorunlulu\u011funun a\u00e7\u0131k bir \u015fekilde belirmesine kadar varan bir geli\u015fme g\u00f6stermi\u015ftir. Ba\u015flang\u0131\u00e7ta Prusya i\u00e7in hayat\u00ee bir zorunluluk h\u00e2line gelen \u201cT\u00fcrkler\u201d ile bir ittifak yapmak ve kurtulu\u015fu bir \u201cT\u00fcrk m\u00fcdahalesi\u201dnde g\u00f6rmek arzusunun; giderek \u00f6zellikle 1774 K\u00fc\u00e7\u00fck Kaynarca Antla\u015fmas\u0131\u2019ndan sonra \u201cPrusya\u201d ile bir ittifak yapmak ve bir \u201cPrusya m\u00fcdahalesi\u201dni temin ederek, d\u00fc\u015fmanlarla ba\u015f edebilmek amac\u0131na d\u00f6n\u00fc\u015fmesi ve b\u00f6ylece m\u00fcnasebetlerdeki kar\u015f\u0131l\u0131kl\u0131 menfaat dengesinin yer de\u011fi\u015ftirmesi, konuya ayr\u0131 bir \u00f6nem kazand\u0131rmaktad\u0131r.Co\u011frafi konumu itibariyle birbirlerinden \u00e7ok uzak ve ilgisiz gibi g\u00f6r\u00fcnen bu iki devletin, \u201cm\u00fc\u015fterek kom\u015fu ve d\u00fc\u015fman\u201d kar\u015f\u0131s\u0131nda ortak bir politik davran\u0131\u015f ve mukadderat birli\u011fi i\u00e7inde bulunmalar\u0131, etkinliklerini yak\u0131n zamanlara kadar s\u00fcrd\u00fcrecek bir geli\u015fmenin ana karakterini olu\u015fturuyor.<\/p>\n","protected":false},"excerpt":{"rendered":"<p>\u201cPolitika her \u015feyden evvel, elveri\u015fli durumlar yaratmaya \u00e7al\u0131\u015fmaktansa, mevcut bu gibi durumlardan istifade etmek sanat\u0131d\u0131r. Bu y\u00fczden \u00f6nceden sonu belirsiz olaylar hakk\u0131nda ileriye matuf antla\u015fmalar yapmaman\u0131z\u0131<span class=\"excerpt-hellip\"> [\u2026]<\/span><\/p>\n","protected":false},"featured_media":0,"template":"","meta":{"_monsterinsights_skip_tracking":false,"_monsterinsights_sitenote_active":false,"_monsterinsights_sitenote_note":"","_monsterinsights_sitenote_category":0},"product_brand":[],"product_cat":[13517,12304],"product_tag":[],"class_list":{"0":"post-768863","1":"product","2":"type-product","3":"status-publish","5":"product_cat-osmanli-tarihi","6":"product_cat-tarih","7":"pa_cilt-ciltsiz","8":"pa_tur-kitap","9":"pa_yayinevi-timas-yayinlari","10":"pa_yazar-kemal-beydilli","12":"first","13":"instock","14":"sale","15":"shipping-taxable","16":"purchasable","17":"product-type-simple"},"_links":{"self":[{"href":"https:\/\/roveyayinevi.com.tr\/index.php\/wp-json\/wp\/v2\/product\/768863","targetHints":{"allow":["GET"]}}],"collection":[{"href":"https:\/\/roveyayinevi.com.tr\/index.php\/wp-json\/wp\/v2\/product"}],"about":[{"href":"https:\/\/roveyayinevi.com.tr\/index.php\/wp-json\/wp\/v2\/types\/product"}],"wp:attachment":[{"href":"https:\/\/roveyayinevi.com.tr\/index.php\/wp-json\/wp\/v2\/media?parent=768863"}],"wp:term":[{"taxonomy":"product_brand","embeddable":true,"href":"https:\/\/roveyayinevi.com.tr\/index.php\/wp-json\/wp\/v2\/product_brand?post=768863"},{"taxonomy":"product_cat","embeddable":true,"href":"https:\/\/roveyayinevi.com.tr\/index.php\/wp-json\/wp\/v2\/product_cat?post=768863"},{"taxonomy":"product_tag","embeddable":true,"href":"https:\/\/roveyayinevi.com.tr\/index.php\/wp-json\/wp\/v2\/product_tag?post=768863"}],"curies":[{"name":"wp","href":"https:\/\/api.w.org\/{rel}","templated":true}]}}