{"id":768862,"date":"2025-08-28T13:34:40","date_gmt":"2025-08-28T10:34:40","guid":{"rendered":"https:\/\/roveyayinevi.com.tr\/index.php\/urun\/erken-modern-ingilterede-turk-imgesi\/"},"modified":"2026-04-15T03:34:53","modified_gmt":"2026-04-15T00:34:53","slug":"erken-modern-ingilterede-turk-imgesi","status":"publish","type":"product","link":"https:\/\/roveyayinevi.com.tr\/index.php\/urun\/erken-modern-ingilterede-turk-imgesi\/","title":{"rendered":"Erken Modern \u0130ngiltere&#8217;de T\u00fcrk \u0130mgesi"},"content":{"rendered":"<p>Osmanl\u0131lar\u0131n Balkanlardaki ilerlemesi 16. y\u00fczy\u0131l\u0131n ba\u015flar\u0131ndan itibaren Orta Avrupa\u2019ya do\u011fru y\u00f6nelince \u00f6nce K\u0131ta Avrupas\u0131, ard\u0131ndan da \u0130ngiliz siyaseti Osmanl\u0131 ger\u00e7e\u011fi ile tan\u0131\u015fmak zorunda kald\u0131. \u0130talyan s\u0131n\u0131r\u0131na dayanan Osmanl\u0131lara kar\u015f\u0131 Avrupa\u2019da \u0130spanya\u2019n\u0131n, Fransa\u2019n\u0131n ve hatta t\u00fcm Hristiyan \u00e2leminin dahi kar\u015f\u0131 koyamayaca\u011f\u0131 alg\u0131s\u0131 olu\u015ftu. \u00c7\u00fcnk\u00fc kendi ifadeleriyle \u201cB\u00fcy\u00fck T\u00fcrk, t\u00fcm Hristiyan krallar\u0131n sahip oldu\u011fundan daha fazla zenginli\u011fe, daha fazla ata, hepsinin yapabilece\u011finden daha fazla topa sahipti.\u201dBu ilerleyi\u015f kar\u015f\u0131s\u0131nda olu\u015fan bir T\u00fcrk tarihi yazma gelene\u011fi \u00e7o\u011fu zaman genelde Do\u011fulu, \u00f6zelde T\u00fcrk k\u00f6kenli toplumlar\u0131 sabit kategoriler i\u00e7inde sunma ve kli\u015felerle tan\u0131mlama gibi zaaflarla malul olsa da zaman i\u00e7inde, \u00f6zellikle de Avrupal\u0131 y\u00f6netimlerin Osmanl\u0131\u2019y\u0131 Levant b\u00f6lgesinde bir ticaret orta\u011f\u0131 olarak g\u00f6rmeye ba\u015flamalar\u0131ndan sonra yumu\u015fayan tonlara ve do\u011frudan g\u00f6zlemlere dayanan eserlere alan a\u00e7m\u0131\u015ft\u0131r.Erken Modern \u0130ngiltere\u2019de T\u00fcrk \u0130mgesi adl\u0131 bu \u00e7al\u0131\u015fmada Dr. Anders Ingram, \u0130stanbul\u2019un fethinden Karlof\u00e7a Antla\u015fmas\u0131\u2019na kadar Osmanl\u0131lar\u0131n Avrupa\u2019daki ilerlemesinin \u0130ngiliz kaynaklar\u0131na ve \u0130ngiliz tarihyaz\u0131m\u0131na nas\u0131l yans\u0131d\u0131\u011f\u0131 \u00fczerinde duruyor. K\u00fclt\u00fcr tarih\u00e7isi kimli\u011fi ile \u0130ngilizlerin Osmanl\u0131 ve \u0130slam d\u00fcnyas\u0131 alg\u0131s\u0131n\u0131 pop\u00fcler siyaset kitaplar\u0131, seyahat yaz\u0131lar\u0131, iki d\u00fcnya aras\u0131ndaki geli\u015f gidi\u015fler ve s\u00f6ylenceler \u00fczerinden inceliyor.<\/p>\n","protected":false},"excerpt":{"rendered":"<p>Osmanl\u0131lar\u0131n Balkanlardaki ilerlemesi 16. y\u00fczy\u0131l\u0131n ba\u015flar\u0131ndan itibaren Orta Avrupa\u2019ya do\u011fru y\u00f6nelince \u00f6nce K\u0131ta Avrupas\u0131, ard\u0131ndan da \u0130ngiliz siyaseti Osmanl\u0131 ger\u00e7e\u011fi ile tan\u0131\u015fmak zorunda kald\u0131. \u0130talyan s\u0131n\u0131r\u0131na<span class=\"excerpt-hellip\"> [\u2026]<\/span><\/p>\n","protected":false},"featured_media":0,"template":"","meta":{"_monsterinsights_skip_tracking":false,"_monsterinsights_sitenote_active":false,"_monsterinsights_sitenote_note":"","_monsterinsights_sitenote_category":0},"product_brand":[],"product_cat":[13517,12304],"product_tag":[],"class_list":{"0":"post-768862","1":"product","2":"type-product","3":"status-publish","5":"product_cat-osmanli-tarihi","6":"product_cat-tarih","7":"pa_cilt-ciltsiz","8":"pa_tur-kitap","9":"pa_yayinevi-timas-yayinlari","10":"pa_yazar-anders-ingram","12":"first","13":"instock","14":"sale","15":"shipping-taxable","16":"purchasable","17":"product-type-simple"},"_links":{"self":[{"href":"https:\/\/roveyayinevi.com.tr\/index.php\/wp-json\/wp\/v2\/product\/768862","targetHints":{"allow":["GET"]}}],"collection":[{"href":"https:\/\/roveyayinevi.com.tr\/index.php\/wp-json\/wp\/v2\/product"}],"about":[{"href":"https:\/\/roveyayinevi.com.tr\/index.php\/wp-json\/wp\/v2\/types\/product"}],"wp:attachment":[{"href":"https:\/\/roveyayinevi.com.tr\/index.php\/wp-json\/wp\/v2\/media?parent=768862"}],"wp:term":[{"taxonomy":"product_brand","embeddable":true,"href":"https:\/\/roveyayinevi.com.tr\/index.php\/wp-json\/wp\/v2\/product_brand?post=768862"},{"taxonomy":"product_cat","embeddable":true,"href":"https:\/\/roveyayinevi.com.tr\/index.php\/wp-json\/wp\/v2\/product_cat?post=768862"},{"taxonomy":"product_tag","embeddable":true,"href":"https:\/\/roveyayinevi.com.tr\/index.php\/wp-json\/wp\/v2\/product_tag?post=768862"}],"curies":[{"name":"wp","href":"https:\/\/api.w.org\/{rel}","templated":true}]}}