{"id":768860,"date":"2025-08-28T13:34:35","date_gmt":"2025-08-28T10:34:35","guid":{"rendered":"https:\/\/roveyayinevi.com.tr\/index.php\/urun\/fakir-oksuz-koylu-cerkes-kizinin-basari-oykusu-gupse\/"},"modified":"2026-01-30T04:05:46","modified_gmt":"2026-01-30T01:05:46","slug":"fakir-oksuz-koylu-cerkes-kizinin-basari-oykusu-gupse","status":"publish","type":"product","link":"https:\/\/roveyayinevi.com.tr\/index.php\/urun\/fakir-oksuz-koylu-cerkes-kizinin-basari-oykusu-gupse\/","title":{"rendered":"Fakir, \u00d6ks\u00fcz, K\u00f6yl\u00fc, \u00c7erkes K\u0131z\u0131n\u0131n Ba\u015far\u0131 \u00d6yk\u00fcs\u00fc Gupse"},"content":{"rendered":"<p>1949 tarihinde Amasya Hamam\u00f6z\u00fc il\u00e7esinde do\u011fdu. \u0130lkokulu Hamam\u00f6z\u00fc\u2019nde, ortaokulu Sungurluda teyzesinin yan\u0131nda okudu. \u00c7orum \u00d6\u011fretmen Okulu\u2019nu bitirdikten sonra bir y\u0131l ilkokul \u00f6\u011fretmenli\u011fi yapt\u0131. Sonra Trabzon Fatih E\u011fitim Enstit\u00fcs\u00fc Matematik b\u00f6l\u00fcm\u00fcn\u00fc (KT\u00dc E\u011fitim Fak\u00fcltesi) bitirdi. \u00dc\u00e7 y\u0131l \u00c7ank\u0131r\u0131 Kur\u015funlu Lisesinde \u00f6\u011fretmenlik yapt\u0131. Amasya Hamamoz\u00fc ortaokul m\u00fcd\u00fcrl\u00fc\u011f\u00fc, Amasya Ziyaret kasabas\u0131 ortaokul m\u00fcd\u00fcrl\u00fc\u011f\u00fc,  \u00c7orum Merkez Bedrikarafakio\u011flu \u0130lk\u00f6\u011fretim Okulu M\u00fcd\u00fcrl\u00fc\u011f\u00fc yapt\u0131. Burada okula \u0130ngilizce dil laboratuvar\u0131 a\u00e7t\u0131. T\u00fcrkiye\u2019de bir ilk olarak okulda S\u00fcr\u00fcc\u00fc Kursu a\u00e7t\u0131. \u0130stanbul \u015ei\u015fli Lisesinde Matematik \u00f6\u011fretmenli\u011fi yapt\u0131. Sabah gazetesinin a\u00e7t\u0131\u011f\u0131 bir kampanyada 6 bin 700 ki\u015fi aras\u0131ndan \u2018Vatanda\u015f Ali Bey\u2019 olarak gazetecili\u011fe ba\u015flad\u0131.  Sar\u0131 bas\u0131n kart\u0131 ald\u0131. Emekli oldu. Ba\u011fc\u0131lar Belediye Ba\u015fkan dan\u0131\u015fmanl\u0131\u011f\u0131 yapt\u0131. Meltem televizyonun da y\u0131llarca \u2018EKOSEKT\u00d6R\u2019 ad\u0131yla ekonomi programlar\u0131 yapt\u0131.<\/p>\n","protected":false},"excerpt":{"rendered":"<p>1949 tarihinde Amasya Hamam\u00f6z\u00fc il\u00e7esinde do\u011fdu. \u0130lkokulu Hamam\u00f6z\u00fc\u2019nde, ortaokulu Sungurluda teyzesinin yan\u0131nda okudu. \u00c7orum \u00d6\u011fretmen Okulu\u2019nu bitirdikten sonra bir y\u0131l ilkokul \u00f6\u011fretmenli\u011fi yapt\u0131. Sonra Trabzon Fatih<span class=\"excerpt-hellip\"> [\u2026]<\/span><\/p>\n","protected":false},"featured_media":0,"template":"","meta":{"_monsterinsights_skip_tracking":false,"_monsterinsights_sitenote_active":false,"_monsterinsights_sitenote_note":"","_monsterinsights_sitenote_category":0},"product_brand":[],"product_cat":[12291,12711],"product_tag":[],"class_list":{"0":"post-768860","1":"product","2":"type-product","3":"status-publish","5":"product_cat-edebiyat","6":"product_cat-roman-oyku","7":"pa_cilt-ciltsiz","8":"pa_tur-kitap","9":"pa_yayinevi-vova-yayinlari","10":"pa_yazar-burhan-cinar","12":"first","13":"instock","14":"sale","15":"shipping-taxable","16":"purchasable","17":"product-type-simple"},"_links":{"self":[{"href":"https:\/\/roveyayinevi.com.tr\/index.php\/wp-json\/wp\/v2\/product\/768860","targetHints":{"allow":["GET"]}}],"collection":[{"href":"https:\/\/roveyayinevi.com.tr\/index.php\/wp-json\/wp\/v2\/product"}],"about":[{"href":"https:\/\/roveyayinevi.com.tr\/index.php\/wp-json\/wp\/v2\/types\/product"}],"wp:attachment":[{"href":"https:\/\/roveyayinevi.com.tr\/index.php\/wp-json\/wp\/v2\/media?parent=768860"}],"wp:term":[{"taxonomy":"product_brand","embeddable":true,"href":"https:\/\/roveyayinevi.com.tr\/index.php\/wp-json\/wp\/v2\/product_brand?post=768860"},{"taxonomy":"product_cat","embeddable":true,"href":"https:\/\/roveyayinevi.com.tr\/index.php\/wp-json\/wp\/v2\/product_cat?post=768860"},{"taxonomy":"product_tag","embeddable":true,"href":"https:\/\/roveyayinevi.com.tr\/index.php\/wp-json\/wp\/v2\/product_tag?post=768860"}],"curies":[{"name":"wp","href":"https:\/\/api.w.org\/{rel}","templated":true}]}}