{"id":768859,"date":"2025-08-28T13:34:34","date_gmt":"2025-08-28T10:34:34","guid":{"rendered":"https:\/\/roveyayinevi.com.tr\/index.php\/urun\/varligin-ilahi-enerjisi\/"},"modified":"2026-04-15T03:34:53","modified_gmt":"2026-04-15T00:34:53","slug":"varligin-ilahi-enerjisi","status":"publish","type":"product","link":"https:\/\/roveyayinevi.com.tr\/index.php\/urun\/varligin-ilahi-enerjisi\/","title":{"rendered":"Varl\u0131\u011f\u0131n \u0130lahi Enerjisi"},"content":{"rendered":"<p>Evrende g\u00f6r\u00fcnen, g\u00f6r\u00fcnmeyen her bir varl\u0131\u011f\u0131n kendine has enerjisi vard\u0131r. Ruhumuz kuantumsal enerjinin b\u00fct\u00fcn\u00fcd\u00fcr. \u201cRuh\u201d enerji iletimiyle bedenle b\u00fct\u00fcnle\u015firken insan da Allah ile ba\u011flant\u0131s\u0131n\u0131 ruh ile sa\u011flar. Ruhsal enerjimiz, ya\u015fam\u0131m\u0131z\u0131n her \u00e2n\u0131 i\u00e7in g\u00fc\u00e7 kayna\u011f\u0131d\u0131r. \u00d6zellikle \u00e7ocukluk ve gen\u00e7lik y\u0131llar\u0131nda ruhi tahribat ya\u015fayanlar, belli bir ya\u015fa geldiklerinde \u201ct\u00fckenmi\u015flik sendromu\u201d ile ba\u015f etmeye \u00e7al\u0131\u015f\u0131r. Dua eden insanlar\u0131n ruhsal enerjileri y\u00fckselir. Sedef \u00d6naler\u2019in 36 y\u0131ll\u0131k birikimi ve derin tecr\u00fcbeleriyle \u015fekillenen Varl\u0131\u011f\u0131n \u0130lahi Enerjisi, modern d\u00fcnyan\u0131n karma\u015fas\u0131nda manevi denge arayanlar i\u00e7in rehber niteli\u011fi ta\u015f\u0131yor.\u2022    D\u00fc\u015f\u00fcnce ve niyetlerin enerjisi hayat\u0131m\u0131z\u0131 nas\u0131l etkiler?\u2022    Hayat kalitesini art\u0131rmak i\u00e7in ruhsal enerji nas\u0131l g\u00fc\u00e7lendirilir?\u2022    Dualar\u0131n, surelerin ve ibadetlerin enerjisi ile hayat\u0131m\u0131z nas\u0131l iyi h\u00e2le gelir?\u2022    Olumsuz enerjilerden nas\u0131l korunabiliriz?\u2022    Mek\u00e2nlar\u0131n, renklerin, kokular\u0131n ve do\u011fal ta\u015flar\u0131n insan\u0131n enerjisine etkileri nelerdir?Bu kitapla i\u00e7sel enerji alanlar\u0131m\u0131z\u0131 tan\u0131mam\u0131z\u0131 ve dengelememizi sa\u011flayarak ilahi enerjinin rehberli\u011finde, hayat\u0131m\u0131z\u0131n enerjisini ke\u015ffedece\u011fiz.<\/p>\n","protected":false},"excerpt":{"rendered":"<p>Evrende g\u00f6r\u00fcnen, g\u00f6r\u00fcnmeyen her bir varl\u0131\u011f\u0131n kendine has enerjisi vard\u0131r. Ruhumuz kuantumsal enerjinin b\u00fct\u00fcn\u00fcd\u00fcr. \u201cRuh\u201d enerji iletimiyle bedenle b\u00fct\u00fcnle\u015firken insan da Allah ile ba\u011flant\u0131s\u0131n\u0131 ruh ile<span class=\"excerpt-hellip\"> [\u2026]<\/span><\/p>\n","protected":false},"featured_media":0,"template":"","meta":{"_monsterinsights_skip_tracking":false,"_monsterinsights_sitenote_active":false,"_monsterinsights_sitenote_note":"","_monsterinsights_sitenote_category":0},"product_brand":[],"product_cat":[12718,12858],"product_tag":[],"class_list":{"0":"post-768859","1":"product","2":"type-product","3":"status-publish","5":"product_cat-din","6":"product_cat-mitolojiler","7":"pa_cilt-ciltsiz","8":"pa_tur-kitap","9":"pa_yayinevi-hayat-yayinlari","10":"pa_yazar-sedef-onaler","12":"first","13":"instock","14":"sale","15":"shipping-taxable","16":"purchasable","17":"product-type-simple"},"_links":{"self":[{"href":"https:\/\/roveyayinevi.com.tr\/index.php\/wp-json\/wp\/v2\/product\/768859","targetHints":{"allow":["GET"]}}],"collection":[{"href":"https:\/\/roveyayinevi.com.tr\/index.php\/wp-json\/wp\/v2\/product"}],"about":[{"href":"https:\/\/roveyayinevi.com.tr\/index.php\/wp-json\/wp\/v2\/types\/product"}],"wp:attachment":[{"href":"https:\/\/roveyayinevi.com.tr\/index.php\/wp-json\/wp\/v2\/media?parent=768859"}],"wp:term":[{"taxonomy":"product_brand","embeddable":true,"href":"https:\/\/roveyayinevi.com.tr\/index.php\/wp-json\/wp\/v2\/product_brand?post=768859"},{"taxonomy":"product_cat","embeddable":true,"href":"https:\/\/roveyayinevi.com.tr\/index.php\/wp-json\/wp\/v2\/product_cat?post=768859"},{"taxonomy":"product_tag","embeddable":true,"href":"https:\/\/roveyayinevi.com.tr\/index.php\/wp-json\/wp\/v2\/product_tag?post=768859"}],"curies":[{"name":"wp","href":"https:\/\/api.w.org\/{rel}","templated":true}]}}