{"id":768858,"date":"2025-08-28T13:34:32","date_gmt":"2025-08-28T10:34:32","guid":{"rendered":"https:\/\/roveyayinevi.com.tr\/index.php\/urun\/adile-sultan-musrif-mumin-muin-sair\/"},"modified":"2026-04-15T03:34:53","modified_gmt":"2026-04-15T00:34:53","slug":"adile-sultan-musrif-mumin-muin-sair","status":"publish","type":"product","link":"https:\/\/roveyayinevi.com.tr\/index.php\/urun\/adile-sultan-musrif-mumin-muin-sair\/","title":{"rendered":"Adile Sultan: M\u00fcsrif- M\u00fcmin  Muin &#8211; \u015eair"},"content":{"rendered":"<p>Yapt\u0131\u011f\u0131 \u00f6zg\u00fcn \u00e7al\u0131\u015fmalarla T\u00fcrk ve d\u00fcnya tarih literat\u00fcr\u00fcne \u00f6nemli katk\u0131larda bulunmu\u015f \u00e7ok de\u011ferli bir isim olan Prof. Dr. Ali Aky\u0131ld\u0131z bu kitab\u0131nda II. Mahmud\u2019un \u015fair, dindar, hay\u0131rsever, hassas ve asab\u00ee bir karaktere sahip ve babas\u0131 dahil be\u015f padi\u015fah d\u00f6nemini g\u00f6ren k\u0131z\u0131 Adile Sultan\u2019\u0131n hayat\u0131n\u0131 anlat\u0131yor.Hanedan k\u0131zlar\u0131 aras\u0131nda divan sahibi yeg\u00e2ne \u015fair sultan olarak dikkat \u00e7eken Adile Sultan\u2019\u0131n divan\u0131n\u0131n biyografisi a\u00e7\u0131s\u0131ndan de\u011feri\u2026Adile Sultan\u2019\u0131n evlili\u011finden sonra piyasaya yapt\u0131\u011f\u0131 b\u00fcy\u00fck bor\u00e7lar ve nedenleri\u2026Adile Sultan\u2019\u0131n yerli ve yabanc\u0131 bas\u0131n\u0131n takip etti\u011fi dillere destan d\u00fc\u011f\u00fcn\u00fc ve ayr\u0131nt\u0131lar\u0131\u2026E\u015fi Mehmed Ali Pa\u015fa\u2019n\u0131n karakteri\u2026Adile Sultan\u2019la evli olan Mehmed Ali Pa\u015fa\u2019n\u0131n team\u00fcllere ayk\u0131r\u0131 olarak yapt\u0131\u011f\u0131 ikinci ve s\u0131ra d\u0131\u015f\u0131 evlili\u011fi\u2026Hayat\u0131n\u0131n ilk y\u0131llar\u0131nda olduk\u00e7a d\u0131\u015fa d\u00f6n\u00fck ve sosyal bir insan olan Adile Sultan\u2019\u0131n daha sonra m\u00fcnzevi bir hayat\u0131 tercih etme nedenleri\u2026Hanedan\u0131n en zengin kad\u0131nlar\u0131ndan biri olan Adile Sultan\u2019\u0131n mal varl\u0131\u011f\u0131\u2026II. Abd\u00fclhamid\u2019in Adile Sultan\u2019\u0131 hafiyelerine takip ettirmesi\u2026Adile Sultan\u2019\u0131n \u0130ttihat\u00e7\u0131larla ili\u015fkileri\u2026Adile Sultan\u2019\u0131n \u015f\u00f6hreti \u00fclke s\u0131n\u0131rlar\u0131n\u0131 a\u015fan hay\u0131rseverli\u011fi ve kurdu\u011fu vak\u0131flar\u2026Aky\u0131ld\u0131z, birinci el kaynaklar\u0131 merkeze alarak kurgulad\u0131\u011f\u0131 Adile Sultan: M\u00fcsrif, M\u00fcmin, Muin, \u015eair adl\u0131 bu kitab\u0131nda, belgeleri, yerli ve yabanc\u0131 bas\u0131n\u0131, hat\u0131ralar\u0131 ve mevcut literat\u00fcr\u00fc mukayeseli bir bi\u00e7imde kullanarak sultan\u0131n hayat\u0131, evlili\u011fi, karakteri, d\u00fc\u015f\u00fcnceleri, ya\u015fad\u0131\u011f\u0131 saraylar ve hane halk\u0131 gibi baz\u0131 ana konular\u0131 a\u00e7\u0131klamaya ve problemleri \u00e7\u00f6zmeye gayret etti.<\/p>\n","protected":false},"excerpt":{"rendered":"<p>Yapt\u0131\u011f\u0131 \u00f6zg\u00fcn \u00e7al\u0131\u015fmalarla T\u00fcrk ve d\u00fcnya tarih literat\u00fcr\u00fcne \u00f6nemli katk\u0131larda bulunmu\u015f \u00e7ok de\u011ferli bir isim olan Prof. Dr. Ali Aky\u0131ld\u0131z bu kitab\u0131nda II. Mahmud\u2019un \u015fair, dindar,<span class=\"excerpt-hellip\"> [\u2026]<\/span><\/p>\n","protected":false},"featured_media":0,"template":"","meta":{"_monsterinsights_skip_tracking":false,"_monsterinsights_sitenote_active":false,"_monsterinsights_sitenote_note":"","_monsterinsights_sitenote_category":0},"product_brand":[],"product_cat":[13517,12304],"product_tag":[],"class_list":{"0":"post-768858","1":"product","2":"type-product","3":"status-publish","5":"product_cat-osmanli-tarihi","6":"product_cat-tarih","7":"pa_cilt-ciltsiz","8":"pa_tur-kitap","9":"pa_yayinevi-timas-yayinlari","10":"pa_yazar-ali-akyildiz","12":"first","13":"instock","14":"sale","15":"shipping-taxable","16":"purchasable","17":"product-type-simple"},"_links":{"self":[{"href":"https:\/\/roveyayinevi.com.tr\/index.php\/wp-json\/wp\/v2\/product\/768858","targetHints":{"allow":["GET"]}}],"collection":[{"href":"https:\/\/roveyayinevi.com.tr\/index.php\/wp-json\/wp\/v2\/product"}],"about":[{"href":"https:\/\/roveyayinevi.com.tr\/index.php\/wp-json\/wp\/v2\/types\/product"}],"wp:attachment":[{"href":"https:\/\/roveyayinevi.com.tr\/index.php\/wp-json\/wp\/v2\/media?parent=768858"}],"wp:term":[{"taxonomy":"product_brand","embeddable":true,"href":"https:\/\/roveyayinevi.com.tr\/index.php\/wp-json\/wp\/v2\/product_brand?post=768858"},{"taxonomy":"product_cat","embeddable":true,"href":"https:\/\/roveyayinevi.com.tr\/index.php\/wp-json\/wp\/v2\/product_cat?post=768858"},{"taxonomy":"product_tag","embeddable":true,"href":"https:\/\/roveyayinevi.com.tr\/index.php\/wp-json\/wp\/v2\/product_tag?post=768858"}],"curies":[{"name":"wp","href":"https:\/\/api.w.org\/{rel}","templated":true}]}}