{"id":768855,"date":"2025-08-28T13:34:26","date_gmt":"2025-08-28T10:34:26","guid":{"rendered":"https:\/\/roveyayinevi.com.tr\/index.php\/urun\/golge-imparator\/"},"modified":"2026-01-30T04:05:46","modified_gmt":"2026-01-30T01:05:46","slug":"golge-imparator","status":"publish","type":"product","link":"https:\/\/roveyayinevi.com.tr\/index.php\/urun\/golge-imparator\/","title":{"rendered":"G\u00f6lge \u0130mparator"},"content":{"rendered":"<p>\u015eahabettin, yirminci y\u00fczy\u0131l\u0131n ba\u015flar\u0131nda, yery\u00fcz\u00fcn\u00fcn en g\u00fczel, en bereketli topraklar\u0131ndan Anadolu&#8217;nun bir ta\u015fra \u015fehrindeki bir \u00e7iftlikte d\u00fcnyaya gelip, kendisine d\u00fcnya \u00e7ap\u0131nda ticari ruhani organize bir imparatorluk kurmu\u015ftu. \u0130\u015f hayat\u0131n\u0131n b\u00fct\u00fcn \u015fifrelerini \u00e7\u00f6zm\u00fc\u015f, tan\u0131d\u0131\u011f\u0131 tan\u0131mad\u0131\u011f\u0131 t\u00fcm insanlar\u0131n \u00fczerinde bir yerde, kendini in\u015fa etmi\u015fti. Kral olmak buysa; o bir krald\u0131. Elinizde, \u015eahabettin&#8217;in imparatorlu\u011funun ba\u015far\u0131 hik\u00e2yesini, imparatorlu\u011fun kurulma s\u00fcrecini, bu uzun s\u00fcre\u00e7teki \u00f6nemli \u00f6nemsiz detaylar\u0131n analizini tutuyorsunuz. \u00c7\u00fcnk\u00fc b\u00fct\u00fcn hik\u00e2yelerin s\u0131rr\u0131; \u00f6nemli \u00f6nemsiz detaylarda sakl\u0131d\u0131r. Detaylarda; hik\u00e2ye i\u00e7inde bir\u00e7ok yan hik\u00e2ye vard\u0131r. Genel olarak, zenginlerin hik\u00e2yesi birbirine, fakirlerin hik\u00e2yesi birbirine benzese de; her hik\u00e2yenin detaylar\u0131 di\u011ferinden fevkalade farkl\u0131d\u0131r ve hik\u00e2yenin \u00f6z\u00fc de, rengi de oradad\u0131r. \u015eahabettin&#8217;in kurdu\u011fu imparatorlu\u011fun ticari ve organize k\u0131sm\u0131n\u0131n temeli; dedesi Nizamettin Efendi&#8217;nin hayat felsefesi, devasa serveti, onu kazanma harcama bi\u00e7iminin detaylar\u0131 ve ailedeki yans\u0131malar\u0131 \u00fczerine kurulmu\u015ftu. Ruhani k\u0131sm\u0131n\u0131n temelini ise; travmalarla dolu \u00e7ocuklu\u011funun detaylar\u0131 olu\u015fturmu\u015ftu. \u00c7\u00fcnk\u00fc insan\u0131n ruhani yap\u0131s\u0131n\u0131n temeli; \u00e7ocukluk \u00fczerine kuruludur. \u00c7ocuklu\u011funda ya\u015fad\u0131\u011f\u0131 olaylar\u0131n detaylar\u0131; insan\u0131n ruhani felsefesinin, travmalar ise davran\u0131\u015f bi\u00e7iminin temelini olu\u015fturur. Her travma insan\u0131n \u00f6zg\u00fcvenini eksiltir. \u00d6zg\u00fcveni eksilen insan, e\u011fer yetenekleriyle onu yenileyemezse ya ezik ya da sald\u0131rgan olur. Siz de \u015eahabettin&#8217;in hayat hik\u00e2yesinde; kendi travmalar\u0131n\u0131za rastlayacak, fark\u0131nda olmad\u0131\u011f\u0131n\u0131z travmalar\u0131n\u0131z\u0131 ke\u015ffedecek, \u00f6zg\u00fcveninizi sorgulayacak, unuttu\u011funuzu sand\u0131\u011f\u0131n\u0131z sizi siz yapan pek \u00e7ok detay\u0131 hat\u0131rlayacaks\u0131n\u0131z. <\/p>\n","protected":false},"excerpt":{"rendered":"<p>\u015eahabettin, yirminci y\u00fczy\u0131l\u0131n ba\u015flar\u0131nda, yery\u00fcz\u00fcn\u00fcn en g\u00fczel, en bereketli topraklar\u0131ndan Anadolu&#8217;nun bir ta\u015fra \u015fehrindeki bir \u00e7iftlikte d\u00fcnyaya gelip, kendisine d\u00fcnya \u00e7ap\u0131nda ticari ruhani organize bir imparatorluk<span class=\"excerpt-hellip\"> [\u2026]<\/span><\/p>\n","protected":false},"featured_media":0,"template":"","meta":{"_monsterinsights_skip_tracking":false,"_monsterinsights_sitenote_active":false,"_monsterinsights_sitenote_note":"","_monsterinsights_sitenote_category":0},"product_brand":[],"product_cat":[12291,12711],"product_tag":[],"class_list":{"0":"post-768855","1":"product","2":"type-product","3":"status-publish","5":"product_cat-edebiyat","6":"product_cat-roman-oyku","7":"pa_cilt-ciltsiz","8":"pa_tur-kitap","9":"pa_yayinevi-vova-yayinlari","10":"pa_yazar-hurriyet-celen-tasbasli","12":"first","13":"instock","14":"sale","15":"shipping-taxable","16":"purchasable","17":"product-type-simple"},"_links":{"self":[{"href":"https:\/\/roveyayinevi.com.tr\/index.php\/wp-json\/wp\/v2\/product\/768855","targetHints":{"allow":["GET"]}}],"collection":[{"href":"https:\/\/roveyayinevi.com.tr\/index.php\/wp-json\/wp\/v2\/product"}],"about":[{"href":"https:\/\/roveyayinevi.com.tr\/index.php\/wp-json\/wp\/v2\/types\/product"}],"wp:attachment":[{"href":"https:\/\/roveyayinevi.com.tr\/index.php\/wp-json\/wp\/v2\/media?parent=768855"}],"wp:term":[{"taxonomy":"product_brand","embeddable":true,"href":"https:\/\/roveyayinevi.com.tr\/index.php\/wp-json\/wp\/v2\/product_brand?post=768855"},{"taxonomy":"product_cat","embeddable":true,"href":"https:\/\/roveyayinevi.com.tr\/index.php\/wp-json\/wp\/v2\/product_cat?post=768855"},{"taxonomy":"product_tag","embeddable":true,"href":"https:\/\/roveyayinevi.com.tr\/index.php\/wp-json\/wp\/v2\/product_tag?post=768855"}],"curies":[{"name":"wp","href":"https:\/\/api.w.org\/{rel}","templated":true}]}}