{"id":768852,"date":"2025-08-28T13:34:22","date_gmt":"2025-08-28T10:34:22","guid":{"rendered":"https:\/\/roveyayinevi.com.tr\/index.php\/urun\/insanin-potansiyeli\/"},"modified":"2026-04-08T03:31:09","modified_gmt":"2026-04-08T00:31:09","slug":"insanin-potansiyeli","status":"publish","type":"product","link":"https:\/\/roveyayinevi.com.tr\/index.php\/urun\/insanin-potansiyeli\/","title":{"rendered":"\u0130nsan\u0131n Potansiyeli"},"content":{"rendered":"<p>\u0130nsan, Bir defa ya\u015fayacak. Asla tekrar bir d\u00fcnya hayat\u0131 ya\u015famas\u0131 m\u00fcmk\u00fcn de\u011fil. \u00dcstelik hayat\u0131m\u0131z \u00e7ok k\u0131sa. K\u0131yamet \u00f6ncesinde ya\u015fad\u0131\u011f\u0131m\u0131z i\u00e7in nimetler \u00e7ok fazla ve \u00e7e\u015fitlidir. Bunlar yap\u0131c\u0131 kullan\u0131lmazsa \u00e7ok me\u015fgul edici ve kaybettiricidir. Ki\u015fili\u011fimizi geli\u015ftirmede kullan\u0131rsak, istifademiz \u00e7ok fazla olur. Bunu verimli yapabilmek, potansiyelimizi bilmekle olabilir. Ayr\u0131ca potansiyel kabiliyetlerimizi nas\u0131l ve hangi s\u0131rayla kullanmam\u0131z gerekti\u011fini bilip, ona g\u00f6re hayat tarz\u0131m\u0131z\u0131 programlamam\u0131z da \u00f6nemlidir. \u0130\u015fte bunlar\u0131 Kur\u2019\u00e2n\u2019\u0131 Ker\u00eem, tasavvuf, t\u0131p vb.\u2019nin b\u00fct\u00fcnl\u00fc\u011f\u00fcnde sunma gayretindeyiz. Sonsuz ahiret hayat\u0131m\u0131z\u0131 en iyi bir \u015fekilde haz\u0131rlayabilmek i\u00e7in.<\/p>\n","protected":false},"excerpt":{"rendered":"<p>\u0130nsan, Bir defa ya\u015fayacak. Asla tekrar bir d\u00fcnya hayat\u0131 ya\u015famas\u0131 m\u00fcmk\u00fcn de\u011fil. \u00dcstelik hayat\u0131m\u0131z \u00e7ok k\u0131sa. K\u0131yamet \u00f6ncesinde ya\u015fad\u0131\u011f\u0131m\u0131z i\u00e7in nimetler \u00e7ok fazla ve \u00e7e\u015fitlidir. Bunlar<span class=\"excerpt-hellip\"> [\u2026]<\/span><\/p>\n","protected":false},"featured_media":0,"template":"","meta":{"_monsterinsights_skip_tracking":false,"_monsterinsights_sitenote_active":false,"_monsterinsights_sitenote_note":"","_monsterinsights_sitenote_category":0},"product_brand":[],"product_cat":[12364,12376],"product_tag":[],"class_list":{"0":"post-768852","1":"product","2":"type-product","3":"status-publish","5":"product_cat-genel-konular","6":"product_cat-kisisel-gelisim","7":"pa_cilt-ciltsiz","8":"pa_tur-kitap","9":"pa_yayinevi-vaveyla-yayincilik","10":"pa_yazar-celaleddin-ozbek","12":"first","13":"instock","14":"sale","15":"shipping-taxable","16":"purchasable","17":"product-type-simple"},"_links":{"self":[{"href":"https:\/\/roveyayinevi.com.tr\/index.php\/wp-json\/wp\/v2\/product\/768852","targetHints":{"allow":["GET"]}}],"collection":[{"href":"https:\/\/roveyayinevi.com.tr\/index.php\/wp-json\/wp\/v2\/product"}],"about":[{"href":"https:\/\/roveyayinevi.com.tr\/index.php\/wp-json\/wp\/v2\/types\/product"}],"wp:attachment":[{"href":"https:\/\/roveyayinevi.com.tr\/index.php\/wp-json\/wp\/v2\/media?parent=768852"}],"wp:term":[{"taxonomy":"product_brand","embeddable":true,"href":"https:\/\/roveyayinevi.com.tr\/index.php\/wp-json\/wp\/v2\/product_brand?post=768852"},{"taxonomy":"product_cat","embeddable":true,"href":"https:\/\/roveyayinevi.com.tr\/index.php\/wp-json\/wp\/v2\/product_cat?post=768852"},{"taxonomy":"product_tag","embeddable":true,"href":"https:\/\/roveyayinevi.com.tr\/index.php\/wp-json\/wp\/v2\/product_tag?post=768852"}],"curies":[{"name":"wp","href":"https:\/\/api.w.org\/{rel}","templated":true}]}}