{"id":768851,"date":"2025-08-28T13:34:21","date_gmt":"2025-08-28T10:34:21","guid":{"rendered":"https:\/\/roveyayinevi.com.tr\/index.php\/urun\/basit-terapi-duse-kalka-yasamayi-ogrenmek\/"},"modified":"2026-04-15T03:34:53","modified_gmt":"2026-04-15T00:34:53","slug":"basit-terapi-duse-kalka-yasamayi-ogrenmek","status":"publish","type":"product","link":"https:\/\/roveyayinevi.com.tr\/index.php\/urun\/basit-terapi-duse-kalka-yasamayi-ogrenmek\/","title":{"rendered":"Basit Terapi D\u00fc\u015fe Kalka Ya\u015famay\u0131 \u00d6\u011frenmek"},"content":{"rendered":"<p>Hayat her zaman istedi\u011fimiz ve bekledi\u011fimiz gibi gitmez. \u0130ni\u015f \u00e7\u0131k\u0131\u015flarla dolu bu yolculukta kar\u015f\u0131la\u015ft\u0131\u011f\u0131m\u0131z zorluklar, ald\u0131\u011f\u0131m\u0131z yaralar ve ya\u015fad\u0131\u011f\u0131m\u0131z gelgitler kim oldu\u011fumuzu \u015fekillendirir. Klinik Psikolog B\u00fc\u015fra Naz F\u0131rat\u2019\u0131n kaleminden Basit Terapi: D\u00fc\u015fe Kalka Ya\u015famay\u0131 \u00d6\u011frenmek, hayat\u0131n t\u00fcmsekli yollar\u0131nda kendimizi yeniden ke\u015ffetmek, modern ya\u015fam\u0131n kayg\u0131lar\u0131n\u0131 hafifletmek, kendimize \u015fefkatle yakla\u015fmak ve hayata yeniden umutla sar\u0131lmak i\u00e7in ipu\u00e7lar\u0131yla dolu bir rehber.Yaln\u0131zca fiziksel de\u011fil, duygusal bedenimizin verdi\u011fi sinyalleri de fark etmemiz i\u00e7in bize \u0131\u015f\u0131k tutan kitap; kayg\u0131y\u0131, \u00f6fkeyi, sevgiyi nas\u0131l hissetti\u011fimize mercek tutuyor. Neden \u00e7o\u011fu zaman en b\u00fcy\u00fck ele\u015ftirileri kendimize y\u00f6neltti\u011fimizi anlamam\u0131z\u0131 sa\u011flarken hepimizi \u201csiyah beyaz\u201d d\u00fc\u015f\u00fcnce tarz\u0131ndan \u00e7\u0131k\u0131p hayat\u0131n t\u00fcm renklerini g\u00f6rmeye davet ediyor. Ne de olsa hayat yolculu\u011funda d\u00fc\u015fe kalka da olsa daha emin ad\u0131mlarla ilerlemek i\u00e7in hepimizin bir pusulaya ihtiyac\u0131 var.<\/p>\n","protected":false},"excerpt":{"rendered":"<p>Hayat her zaman istedi\u011fimiz ve bekledi\u011fimiz gibi gitmez. \u0130ni\u015f \u00e7\u0131k\u0131\u015flarla dolu bu yolculukta kar\u015f\u0131la\u015ft\u0131\u011f\u0131m\u0131z zorluklar, ald\u0131\u011f\u0131m\u0131z yaralar ve ya\u015fad\u0131\u011f\u0131m\u0131z gelgitler kim oldu\u011fumuzu \u015fekillendirir. Klinik Psikolog B\u00fc\u015fra<span class=\"excerpt-hellip\"> [\u2026]<\/span><\/p>\n","protected":false},"featured_media":0,"template":"","meta":{"_monsterinsights_skip_tracking":false,"_monsterinsights_sitenote_active":false,"_monsterinsights_sitenote_note":"","_monsterinsights_sitenote_category":0},"product_brand":[],"product_cat":[20502,12357],"product_tag":[],"class_list":{"0":"post-768851","1":"product","2":"type-product","3":"status-publish","5":"product_cat-basvuru-kitaplari-psikoloji","6":"product_cat-psikoloji","7":"pa_cilt-ciltsiz","8":"pa_tur-kitap","9":"pa_yayinevi-timas-yayinlari","10":"pa_yazar-busra-naz-kandemir","12":"first","13":"instock","14":"sale","15":"shipping-taxable","16":"purchasable","17":"product-type-simple"},"_links":{"self":[{"href":"https:\/\/roveyayinevi.com.tr\/index.php\/wp-json\/wp\/v2\/product\/768851","targetHints":{"allow":["GET"]}}],"collection":[{"href":"https:\/\/roveyayinevi.com.tr\/index.php\/wp-json\/wp\/v2\/product"}],"about":[{"href":"https:\/\/roveyayinevi.com.tr\/index.php\/wp-json\/wp\/v2\/types\/product"}],"wp:attachment":[{"href":"https:\/\/roveyayinevi.com.tr\/index.php\/wp-json\/wp\/v2\/media?parent=768851"}],"wp:term":[{"taxonomy":"product_brand","embeddable":true,"href":"https:\/\/roveyayinevi.com.tr\/index.php\/wp-json\/wp\/v2\/product_brand?post=768851"},{"taxonomy":"product_cat","embeddable":true,"href":"https:\/\/roveyayinevi.com.tr\/index.php\/wp-json\/wp\/v2\/product_cat?post=768851"},{"taxonomy":"product_tag","embeddable":true,"href":"https:\/\/roveyayinevi.com.tr\/index.php\/wp-json\/wp\/v2\/product_tag?post=768851"}],"curies":[{"name":"wp","href":"https:\/\/api.w.org\/{rel}","templated":true}]}}