{"id":768848,"date":"2025-08-28T13:34:16","date_gmt":"2025-08-28T10:34:16","guid":{"rendered":"https:\/\/roveyayinevi.com.tr\/index.php\/urun\/insan-metaforu-uzerine-denemeler\/"},"modified":"2026-04-15T03:34:53","modified_gmt":"2026-04-15T00:34:53","slug":"insan-metaforu-uzerine-denemeler","status":"publish","type":"product","link":"https:\/\/roveyayinevi.com.tr\/index.php\/urun\/insan-metaforu-uzerine-denemeler\/","title":{"rendered":"\u0130nsan Metaforu \u00dczerine Denemeler"},"content":{"rendered":"<p>K\u00e2inat belirli fizik kanunlar\u0131 \u00e7evresinde \u015fekillenmi\u015ftir. Enerji de belirli kanunlar \u00e7evresinde ak\u0131p gidiyor. Enerjiye h\u00fckmeden ekonomiye, ekonomiye h\u00fckmeden d\u00fcnyaya h\u00fckmediyor. Bize d\u00fc\u015fen k\u00fcreselle\u015fen D\u00fcnya&#8217;da hem kendi \u00fclkemize hem de \u00e7evremize uygun yatirimlari yapabilmeli. H\u0131zla ak\u0131p giden bu as\u0131rda treni bir daha kacirmamaliyiz. Gelece\u011fin d\u00fcnyas\u0131nda elbette bizimde yerimiz olmal\u0131. Yazd\u0131\u011f\u0131m deneme kitab\u0131n\u0131n \u00f6ncelikle t\u00fcm insanlar\u0131m\u0131za y\u00fcrekten bir faydas\u0131 olmas\u0131 dile\u011fiyle. Sayg\u0131lar\u0131m\u0131 sunar\u0131m.<\/p>\n","protected":false},"excerpt":{"rendered":"<p>K\u00e2inat belirli fizik kanunlar\u0131 \u00e7evresinde \u015fekillenmi\u015ftir. Enerji de belirli kanunlar \u00e7evresinde ak\u0131p gidiyor. Enerjiye h\u00fckmeden ekonomiye, ekonomiye h\u00fckmeden d\u00fcnyaya h\u00fckmediyor. Bize d\u00fc\u015fen k\u00fcreselle\u015fen D\u00fcnya&#8217;da hem kendi<span class=\"excerpt-hellip\"> [\u2026]<\/span><\/p>\n","protected":false},"featured_media":0,"template":"","meta":{"_monsterinsights_skip_tracking":false,"_monsterinsights_sitenote_active":false,"_monsterinsights_sitenote_note":"","_monsterinsights_sitenote_category":0},"product_brand":[],"product_cat":[52477],"product_tag":[],"class_list":{"0":"post-768848","1":"product","2":"type-product","3":"status-publish","5":"product_cat-arastirma","6":"pa_cilt-ciltsiz","7":"pa_tur-kitap","8":"pa_yayinevi-vaveyla-yayincilik","9":"pa_yazar-yusuf-keskin","11":"first","12":"instock","13":"sale","14":"shipping-taxable","15":"purchasable","16":"product-type-simple"},"_links":{"self":[{"href":"https:\/\/roveyayinevi.com.tr\/index.php\/wp-json\/wp\/v2\/product\/768848","targetHints":{"allow":["GET"]}}],"collection":[{"href":"https:\/\/roveyayinevi.com.tr\/index.php\/wp-json\/wp\/v2\/product"}],"about":[{"href":"https:\/\/roveyayinevi.com.tr\/index.php\/wp-json\/wp\/v2\/types\/product"}],"wp:attachment":[{"href":"https:\/\/roveyayinevi.com.tr\/index.php\/wp-json\/wp\/v2\/media?parent=768848"}],"wp:term":[{"taxonomy":"product_brand","embeddable":true,"href":"https:\/\/roveyayinevi.com.tr\/index.php\/wp-json\/wp\/v2\/product_brand?post=768848"},{"taxonomy":"product_cat","embeddable":true,"href":"https:\/\/roveyayinevi.com.tr\/index.php\/wp-json\/wp\/v2\/product_cat?post=768848"},{"taxonomy":"product_tag","embeddable":true,"href":"https:\/\/roveyayinevi.com.tr\/index.php\/wp-json\/wp\/v2\/product_tag?post=768848"}],"curies":[{"name":"wp","href":"https:\/\/api.w.org\/{rel}","templated":true}]}}