{"id":768845,"date":"2025-08-28T13:34:11","date_gmt":"2025-08-28T10:34:11","guid":{"rendered":"https:\/\/roveyayinevi.com.tr\/index.php\/urun\/insanin-hikayesi-2\/"},"modified":"2026-04-15T03:34:53","modified_gmt":"2026-04-15T00:34:53","slug":"insanin-hikayesi-2","status":"publish","type":"product","link":"https:\/\/roveyayinevi.com.tr\/index.php\/urun\/insanin-hikayesi-2\/","title":{"rendered":"\u0130nsan\u0131n Hikayesi"},"content":{"rendered":"<p>\u0130nsan\u0131 yaratan Allah, onu kendi haline b\u0131rakmad\u0131. Ona ni\u00e7in yarat\u0131ld\u0131\u011f\u0131n\u0131, nereden gelip nereye gitti\u011fini bildiren kitaplar ve el\u00e7iler g\u00f6nderdi. Kimileri k\u00e2inat\u0131n her bir noktas\u0131nda izlerini ve i\u015faretlerini g\u00f6rd\u00fckleri Rablerini tan\u0131d\u0131, O&#8217;nun el\u00e7ilerine ve kitaplar\u0131na iman etti. Yarat\u0131l\u0131\u015f amac\u0131n\u0131 bildi, buldu ve o yolda y\u00fcr\u00fcmeye gayret etti. Allah\u2019\u0131n nuru ile ayd\u0131nlanan bu bahtiyar kullar hayata ayd\u0131nl\u0131k bir ufuktan bakt\u0131lar. Hayatlar\u0131n\u0131 Allah hesab\u0131na ya\u015fad\u0131lar. Kimileri ise k\u00e2inatta tecelli eden \u00e2yetlere g\u00f6zlerini kapatt\u0131, el\u00e7iler taraf\u0131ndan okunan\u00e2yetlere kulaklar\u0131n\u0131 kapatt\u0131. Rabbini ink\u00e2r etti. U\u00e7suz bucaks\u0131z \u00e7\u00f6llerde, k\u0131lavuzsuz ve rehbersiz kald\u0131. Engin deniz ve okyanuslarda pusulas\u0131z bir gemi gibi dalgalar\u0131n aras\u0131nda kald\u0131.Kimileri ise k\u00e2inatta tecelli eden \u00e2yetlere g\u00f6zlerini yumdu, el\u00e7iler taraf\u0131ndan okunan \u00e2yetlere kulaklar\u0131n\u0131 kapatt\u0131, Rabbini ink\u00e2r etti. U\u00e7suz bucaks\u0131z \u00e7\u00f6llerde, k\u0131lavuzsuz ve rehbersiz kald\u0131. Engin deniz ve okyanuslarda pusulas\u0131z bir gemi gibi dalgalar\u0131n aras\u0131nda kayboldu.Prof. Dr. Soner Duman bu kitab\u0131nda, iman\u0131n ayd\u0131nl\u0131\u011f\u0131 ve ink\u00e2r\u0131n karanl\u0131klar\u0131 aras\u0131nda insan\u0131n durumunu ele al\u0131rken hayat\u0131n bir anlam ve amac\u0131n\u0131n oldu\u011funu, bu anlam ve amac\u0131 bilen ve buna uygun davrananlar\u0131n d\u00fcnyada da \u00e2hirette de sonsuz bir mutlulu\u011fa kavu\u015facaklar\u0131n\u0131, buna kar\u015f\u0131l\u0131k Allah\u2019\u0131n rehberli\u011fine kulaklar\u0131n\u0131, g\u00f6zlerini ve g\u00f6n\u00fcllerini kapatanlar\u0131n d\u00fcnyada da \u00e2hirette de mutsuz, huzursuz bir hayat ya\u015fayacaklar\u0131n\u0131 Kur\u2019an \u00e2yetleri ve Allah Res\u00fbl\u00fc\u2019n\u00fcn (s.a.v.) s\u00f6zleri ile a\u00e7\u0131kl\u0131yor.<\/p>\n","protected":false},"excerpt":{"rendered":"<p>\u0130nsan\u0131 yaratan Allah, onu kendi haline b\u0131rakmad\u0131. Ona ni\u00e7in yarat\u0131ld\u0131\u011f\u0131n\u0131, nereden gelip nereye gitti\u011fini bildiren kitaplar ve el\u00e7iler g\u00f6nderdi. Kimileri k\u00e2inat\u0131n her bir noktas\u0131nda izlerini ve<span class=\"excerpt-hellip\"> [\u2026]<\/span><\/p>\n","protected":false},"featured_media":0,"template":"","meta":{"_monsterinsights_skip_tracking":false,"_monsterinsights_sitenote_active":false,"_monsterinsights_sitenote_note":"","_monsterinsights_sitenote_category":0},"product_brand":[],"product_cat":[12718,12719],"product_tag":[],"class_list":{"0":"post-768845","1":"product","2":"type-product","3":"status-publish","5":"product_cat-din","6":"product_cat-islam","7":"pa_cilt-ciltsiz","8":"pa_tur-kitap","9":"pa_yayinevi-timas-yayinlari","10":"pa_yazar-soner-duman","12":"first","13":"instock","14":"sale","15":"shipping-taxable","16":"purchasable","17":"product-type-simple"},"_links":{"self":[{"href":"https:\/\/roveyayinevi.com.tr\/index.php\/wp-json\/wp\/v2\/product\/768845","targetHints":{"allow":["GET"]}}],"collection":[{"href":"https:\/\/roveyayinevi.com.tr\/index.php\/wp-json\/wp\/v2\/product"}],"about":[{"href":"https:\/\/roveyayinevi.com.tr\/index.php\/wp-json\/wp\/v2\/types\/product"}],"wp:attachment":[{"href":"https:\/\/roveyayinevi.com.tr\/index.php\/wp-json\/wp\/v2\/media?parent=768845"}],"wp:term":[{"taxonomy":"product_brand","embeddable":true,"href":"https:\/\/roveyayinevi.com.tr\/index.php\/wp-json\/wp\/v2\/product_brand?post=768845"},{"taxonomy":"product_cat","embeddable":true,"href":"https:\/\/roveyayinevi.com.tr\/index.php\/wp-json\/wp\/v2\/product_cat?post=768845"},{"taxonomy":"product_tag","embeddable":true,"href":"https:\/\/roveyayinevi.com.tr\/index.php\/wp-json\/wp\/v2\/product_tag?post=768845"}],"curies":[{"name":"wp","href":"https:\/\/api.w.org\/{rel}","templated":true}]}}