{"id":768844,"date":"2025-08-28T13:34:09","date_gmt":"2025-08-28T10:34:09","guid":{"rendered":"https:\/\/roveyayinevi.com.tr\/index.php\/urun\/olume-surgun\/"},"modified":"2026-04-15T03:34:52","modified_gmt":"2026-04-15T00:34:52","slug":"olume-surgun","status":"publish","type":"product","link":"https:\/\/roveyayinevi.com.tr\/index.php\/urun\/olume-surgun\/","title":{"rendered":"\u00d6l\u00fcme S\u00fcrg\u00fcn"},"content":{"rendered":"<p>Yazar Zeki MARAKO\u011eLU\u2019nun tarihin tozlu raflar\u0131ndan indirdi\u011fi, unutulan ya da az bilinen tarihi olaylara \u0131\u015f\u0131k tuttu\u011fu tarihi roman serisinin 5\u2019inci kitab\u0131 olan \u201c\u00d6l\u00fcme S\u00fcrg\u00fcn\u201d ile sizleri heyecanl\u0131 bir ser\u00fcvenin i\u00e7erisine davet ediyor. \u0130kinci D\u00fcnya Sava\u015f\u0131, d\u00fcnyan\u0131n en kanl\u0131 sava\u015flar\u0131ndan biridir. \u00d6zellikle sivil halklara kar\u015f\u0131 uygulanan zul\u00fcmler, soyk\u0131r\u0131mlar ve s\u00fcrg\u00fcnlerle milyonlarca insan\u0131n \u00f6l\u00fcm\u00fcne sebep olan k\u00fcresel bir felaketin kendisiydi. \u00d6zellikle Hitler\u2019in Nazi Almanya\u2019s\u0131 ile Stalin\u2019in Sovyetlerinin ac\u0131mas\u0131zl\u0131kta birbiriyle yar\u0131\u015f\u0131yor olmas\u0131; tarihin en korkun\u00e7 ve en deh\u015fet verici sahnelerini ortaya \u00e7\u0131kartm\u0131\u015ft\u0131. Nazilerin Sovyet topraklar\u0131ndaki ilerleyi\u015fi s\u0131ras\u0131nda iki ate\u015f aras\u0131nda kalan K\u0131r\u0131ml\u0131 T\u00fcrkler ile Kuzey Kafkasyal\u0131lar i\u00e7in bir se\u00e7im yapma zaman\u0131 gelmi\u015fti. Hangi taraf\u0131 se\u00e7seler di\u011fer taraf onlar\u0131 d\u00fc\u015fman olarak g\u00f6r\u00fcyordu. Bu, \u00e7ok zor bir karard\u0131. H\u00fcrriyet sevdal\u0131s\u0131 bu insanlar\u0131n bir k\u0131sm\u0131, Sovyet zulm\u00fcnden kurtulmak ve vatanlar\u0131nda h\u00fcr bir \u015fekilde ya\u015famak i\u00e7in Nazi Almanya\u2019s\u0131n\u0131n saflar\u0131na kat\u0131ld\u0131. Ancak bu se\u00e7im, belki de bir sonun ba\u015flang\u0131c\u0131yd\u0131. Bir satran\u00e7 dehas\u0131 olan Giray\u2019\u0131n biyografik ya\u015fam\u0131 \u00fczerinden d\u00f6nemin ger\u00e7eklerini, Drau Facias\u0131\u2019n\u0131 ve Mavi Alay\u2019\u0131n dramatik \u00f6yk\u00fcs\u00fcn\u00fc \u00f6\u011frenmeye ne dersiniz? Tarihi olaylar\u0131n \u0131\u015f\u0131\u011f\u0131 alt\u0131nda, okuyucular\u0131n\u0131 s\u00fcr\u00fckleyici bir maceraya ve romantik bir a\u015fk hik\u00e2yesine davet eden yazar\u0131m\u0131z; sizleri tarih okumaya de\u011fil, tarihi ya\u015famaya davet ediyor. <\/p>\n","protected":false},"excerpt":{"rendered":"<p>Yazar Zeki MARAKO\u011eLU\u2019nun tarihin tozlu raflar\u0131ndan indirdi\u011fi, unutulan ya da az bilinen tarihi olaylara \u0131\u015f\u0131k tuttu\u011fu tarihi roman serisinin 5\u2019inci kitab\u0131 olan \u201c\u00d6l\u00fcme S\u00fcrg\u00fcn\u201d ile sizleri<span class=\"excerpt-hellip\"> [\u2026]<\/span><\/p>\n","protected":false},"featured_media":0,"template":"","meta":{"_monsterinsights_skip_tracking":false,"_monsterinsights_sitenote_active":false,"_monsterinsights_sitenote_note":"","_monsterinsights_sitenote_category":0},"product_brand":[],"product_cat":[12291,12745],"product_tag":[],"class_list":{"0":"post-768844","1":"product","2":"type-product","3":"status-publish","5":"product_cat-edebiyat","6":"product_cat-tarihi-roman","7":"pa_cilt-ciltsiz","8":"pa_tur-kitap","9":"pa_yayinevi-kitap-muptelasi-yayinlari","10":"pa_yazar-zeki-marakoglu","12":"first","13":"instock","14":"sale","15":"shipping-taxable","16":"purchasable","17":"product-type-simple"},"_links":{"self":[{"href":"https:\/\/roveyayinevi.com.tr\/index.php\/wp-json\/wp\/v2\/product\/768844","targetHints":{"allow":["GET"]}}],"collection":[{"href":"https:\/\/roveyayinevi.com.tr\/index.php\/wp-json\/wp\/v2\/product"}],"about":[{"href":"https:\/\/roveyayinevi.com.tr\/index.php\/wp-json\/wp\/v2\/types\/product"}],"wp:attachment":[{"href":"https:\/\/roveyayinevi.com.tr\/index.php\/wp-json\/wp\/v2\/media?parent=768844"}],"wp:term":[{"taxonomy":"product_brand","embeddable":true,"href":"https:\/\/roveyayinevi.com.tr\/index.php\/wp-json\/wp\/v2\/product_brand?post=768844"},{"taxonomy":"product_cat","embeddable":true,"href":"https:\/\/roveyayinevi.com.tr\/index.php\/wp-json\/wp\/v2\/product_cat?post=768844"},{"taxonomy":"product_tag","embeddable":true,"href":"https:\/\/roveyayinevi.com.tr\/index.php\/wp-json\/wp\/v2\/product_tag?post=768844"}],"curies":[{"name":"wp","href":"https:\/\/api.w.org\/{rel}","templated":true}]}}