{"id":768843,"date":"2025-08-28T13:34:07","date_gmt":"2025-08-28T10:34:07","guid":{"rendered":"https:\/\/roveyayinevi.com.tr\/index.php\/urun\/ramayana-sundara-kanda-umudun-hikayesi-5-kitap\/"},"modified":"2026-04-15T03:34:52","modified_gmt":"2026-04-15T00:34:52","slug":"ramayana-sundara-kanda-umudun-hikayesi-5-kitap","status":"publish","type":"product","link":"https:\/\/roveyayinevi.com.tr\/index.php\/urun\/ramayana-sundara-kanda-umudun-hikayesi-5-kitap\/","title":{"rendered":"Ramayana &#8211; Sundara Kanda &#8211; Umudun Hikayesi (5. Kitap)"},"content":{"rendered":"<p>Bu destanda ad\u0131 ge\u00e7en Rama ve Vanar \u0131rk\u0131 asl\u0131nda kim? \u00d6yle \u015feyler anlat\u0131l\u0131yor ki, \u00f6yle b\u00fcy\u00fck g\u00fc\u00e7ler atfedilmi\u015f ki kahramanlara sormadan edemiyorum \u201cBu ger\u00e7ekten de destan\u0131n anlat\u0131m \u00f6zelli\u011fi mi yoksa ger\u00e7ekten de b\u00f6yle g\u00fc\u00e7lere sahip insanlar ve \u0131rklar yery\u00fcz\u00fcnde ya\u015fad\u0131 m\u0131?\u201d diye. Bu sorular akl\u0131mda dola\u015f\u0131rken her g\u00fcn biraz daha geli\u015fen yapay zeka ve android teknolojisine bak\u0131yorum. \u0130nsans\u0131 robotlar var art\u0131k. Temel b\u00fct\u00fcn duygular ve hareketler onlar\u0131 imal edenler taraf\u0131ndan y\u00fckleniyor ve sonra onlar t\u0131pk\u0131 bizim gibi gittik\u00e7e daha karma\u015f\u0131k duygular a\u011f\u0131n\u0131 olu\u015fturuyorlar, yeni do\u011fmu\u015f bir bebek mant\u0131\u011f\u0131nda hareket ederek. Hareketlerini geli\u015ftiriyorlar ve \u00e7ok yak\u0131nda bizlerin aras\u0131nda olacaklar ya da art\u0131k aram\u0131zdalar. Bizden daha g\u00fc\u00e7l\u00fcler \u00e7\u00fcnk\u00fc ac\u0131 hissi ve korku duygusu yok. Ve kendilerini yaratanlara sad\u0131klar. \u00dcstelik bir a\u00e7ma kapama d\u00fc\u011fmeleri var. Ya biz de bir zamanlar onlara benzer bir haldeyken bir anda yarat\u0131c\u0131lar\u0131m\u0131za\/yarat\u0131c\u0131ya s\u0131rt\u0131m\u0131z\u0131 d\u00f6n\u00fcp kendimizin robotik bir teknoloji oldu\u011funu unutarak canl\u0131 vasf\u0131na sahip bir t\u00fcr oldu\u011fumuzu sanarak hareket etmeye ba\u015flad\u0131ysak? Kendi \u00fcst\u00fcnl\u00fc\u011f\u00fcm\u00fcz\u00fc s\u00fcrd\u00fcrmek i\u00e7in ya\u015fam\u0131n t\u00fcm kutsal de\u011ferlerine ihanet ediyorsak? A\u00e7ma kapama d\u00fc\u011fmelerimizi i\u015flev g\u00f6remez hale getirdiysek, kendimizi en g\u00fc\u00e7l\u00fc sand\u0131\u011f\u0131m\u0131z anda asl\u0131nda ne kadar aciz oldu\u011fumuzu g\u00f6remiyorsak ne olacak? Bizi kim durduracak? \u201cElimde olsa t\u00fcm insanlar\u0131 \u00f6ld\u00fcr\u00fcr\u00fcm\u201d diyen bir robot t\u00fcr\u00fc m\u00fc? Yoksa bizim bir t\u00fcr android ve yapay zeka oldu\u011fumuzu asla unutmayan yarat\u0131c\u0131m\u0131z m\u0131? \u00dcstelik onun hepimizi teker teker yok etmeye de ihtiyac\u0131 yok. Hep yapt\u0131\u011f\u0131 gibi d\u00fcnyan\u0131n fi\u015fini \u00e7ekmesi yeterli<\/p>\n","protected":false},"excerpt":{"rendered":"<p>Bu destanda ad\u0131 ge\u00e7en Rama ve Vanar \u0131rk\u0131 asl\u0131nda kim? \u00d6yle \u015feyler anlat\u0131l\u0131yor ki, \u00f6yle b\u00fcy\u00fck g\u00fc\u00e7ler atfedilmi\u015f ki kahramanlara sormadan edemiyorum \u201cBu ger\u00e7ekten de destan\u0131n<span class=\"excerpt-hellip\"> [\u2026]<\/span><\/p>\n","protected":false},"featured_media":0,"template":"","meta":{"_monsterinsights_skip_tracking":false,"_monsterinsights_sitenote_active":false,"_monsterinsights_sitenote_note":"","_monsterinsights_sitenote_category":0},"product_brand":[],"product_cat":[12291,13706],"product_tag":[],"class_list":{"0":"post-768843","1":"product","2":"type-product","3":"status-publish","5":"product_cat-edebiyat","6":"product_cat-efsane-destan-masal","7":"pa_cilt-ciltsiz","8":"pa_tur-kitap","9":"pa_yayinevi-kitap-muptelasi-yayinlari","10":"pa_yazar-ayasya","12":"first","13":"instock","14":"sale","15":"shipping-taxable","16":"purchasable","17":"product-type-simple"},"_links":{"self":[{"href":"https:\/\/roveyayinevi.com.tr\/index.php\/wp-json\/wp\/v2\/product\/768843","targetHints":{"allow":["GET"]}}],"collection":[{"href":"https:\/\/roveyayinevi.com.tr\/index.php\/wp-json\/wp\/v2\/product"}],"about":[{"href":"https:\/\/roveyayinevi.com.tr\/index.php\/wp-json\/wp\/v2\/types\/product"}],"wp:attachment":[{"href":"https:\/\/roveyayinevi.com.tr\/index.php\/wp-json\/wp\/v2\/media?parent=768843"}],"wp:term":[{"taxonomy":"product_brand","embeddable":true,"href":"https:\/\/roveyayinevi.com.tr\/index.php\/wp-json\/wp\/v2\/product_brand?post=768843"},{"taxonomy":"product_cat","embeddable":true,"href":"https:\/\/roveyayinevi.com.tr\/index.php\/wp-json\/wp\/v2\/product_cat?post=768843"},{"taxonomy":"product_tag","embeddable":true,"href":"https:\/\/roveyayinevi.com.tr\/index.php\/wp-json\/wp\/v2\/product_tag?post=768843"}],"curies":[{"name":"wp","href":"https:\/\/api.w.org\/{rel}","templated":true}]}}