{"id":768841,"date":"2025-08-28T13:34:02","date_gmt":"2025-08-28T10:34:02","guid":{"rendered":"https:\/\/roveyayinevi.com.tr\/index.php\/urun\/boyle\/"},"modified":"2026-04-15T03:34:52","modified_gmt":"2026-04-15T00:34:52","slug":"boyle","status":"publish","type":"product","link":"https:\/\/roveyayinevi.com.tr\/index.php\/urun\/boyle\/","title":{"rendered":"B\u00f6yle"},"content":{"rendered":"<p>\u201cEdit\u00f6r kitab\u0131n her yerindedir. Vallahi!\u201d    Selahattin \u00d6zpalab\u0131y\u0131klar\u2019dan bir yaz\u0131, yan\u0131t, s\u00f6yle\u015fi, an\u0131 (ilki i\u00e7in bkz. G\u00f6ndermeler, ikincisi i\u00e7in bkz. \u0130talik Benim) kitab\u0131 daha! (Everest Deneme dizisindeki \u00fc\u00e7\u00fcnc\u00fc kitab\u0131 oldu\u011funu da eklemeli tabii buraya.) B\u00f6yle\u2019de (neden \u201cb\u00f6yle\u201d oldu\u011funu merakl\u0131 okur \u00e7\u00f6zecektir) metini\u00e7i ve metind\u0131\u015f\u0131 meseleler, \u00f6ne \u00e7\u0131kan tan\u0131t\u0131m, sunu\u015f ve arka kapak yaz\u0131lar\u0131, \u00d6zpalab\u0131y\u0131klar\u2019la yap\u0131lan s\u00f6yle\u015filer bir araya geliyor. Edit\u00f6r\u00fcn kim oldu\u011fundan kulland\u0131\u011f\u0131 bilgisayar programlar\u0131na (dahi!) varan konu\u015fmalar\u0131yla, yay\u0131nc\u0131l\u0131kta i\u00e7eri\u011fi ve tekni\u011fi birlikte didikliyor \u00d6zpalab\u0131y\u0131klar (Yay\u0131nc\u0131l\u0131k 101 desek deriz); dipnotlar\u0131, sonnotlar\u0131, alt\u0131n\u0131 \u00e7izmeyi, bold vurgulamay\u0131 ve italikleri (elbette!) unutmuyor. B\u00f6yle, uzun zaman \u00f6nce tasarlanm\u0131\u015f \u00fc\u00e7lemeye son noktay\u0131 koyuyor. \u00d6yleyse: \u201cAlk\u0131\u015f olsun Selahattin \u00d6zpalab\u0131y\u0131klar\u2019a!\u201d   \u0130lk defa edit\u00f6rl\u00fck yapmay\u0131 d\u00fc\u015f\u00fcnen birine ne tavsiye edersin: Elindeki o kitab\u0131 b\u0131rak ve hemen uzakla\u015f!<\/p>\n","protected":false},"excerpt":{"rendered":"<p>\u201cEdit\u00f6r kitab\u0131n her yerindedir. Vallahi!\u201d Selahattin \u00d6zpalab\u0131y\u0131klar\u2019dan bir yaz\u0131, yan\u0131t, s\u00f6yle\u015fi, an\u0131 (ilki i\u00e7in bkz. G\u00f6ndermeler, ikincisi i\u00e7in bkz. \u0130talik Benim) kitab\u0131 daha! (Everest Deneme dizisindeki<span class=\"excerpt-hellip\"> [\u2026]<\/span><\/p>\n","protected":false},"featured_media":0,"template":"","meta":{"_monsterinsights_skip_tracking":false,"_monsterinsights_sitenote_active":false,"_monsterinsights_sitenote_note":"","_monsterinsights_sitenote_category":0},"product_brand":[],"product_cat":[12777,12291],"product_tag":[],"class_list":{"0":"post-768841","1":"product","2":"type-product","3":"status-publish","5":"product_cat-deneme","6":"product_cat-edebiyat","7":"pa_cilt-ciltsiz","8":"pa_tur-kitap","9":"pa_yayinevi-everest-yayinlari","10":"pa_yazar-selahattin-ozpalabiyiklar","12":"first","13":"instock","14":"sale","15":"shipping-taxable","16":"purchasable","17":"product-type-simple"},"_links":{"self":[{"href":"https:\/\/roveyayinevi.com.tr\/index.php\/wp-json\/wp\/v2\/product\/768841","targetHints":{"allow":["GET"]}}],"collection":[{"href":"https:\/\/roveyayinevi.com.tr\/index.php\/wp-json\/wp\/v2\/product"}],"about":[{"href":"https:\/\/roveyayinevi.com.tr\/index.php\/wp-json\/wp\/v2\/types\/product"}],"wp:attachment":[{"href":"https:\/\/roveyayinevi.com.tr\/index.php\/wp-json\/wp\/v2\/media?parent=768841"}],"wp:term":[{"taxonomy":"product_brand","embeddable":true,"href":"https:\/\/roveyayinevi.com.tr\/index.php\/wp-json\/wp\/v2\/product_brand?post=768841"},{"taxonomy":"product_cat","embeddable":true,"href":"https:\/\/roveyayinevi.com.tr\/index.php\/wp-json\/wp\/v2\/product_cat?post=768841"},{"taxonomy":"product_tag","embeddable":true,"href":"https:\/\/roveyayinevi.com.tr\/index.php\/wp-json\/wp\/v2\/product_tag?post=768841"}],"curies":[{"name":"wp","href":"https:\/\/api.w.org\/{rel}","templated":true}]}}