{"id":768840,"date":"2025-08-28T13:33:59","date_gmt":"2025-08-28T10:33:59","guid":{"rendered":"https:\/\/roveyayinevi.com.tr\/index.php\/urun\/ben-bilge\/"},"modified":"2026-04-15T03:34:52","modified_gmt":"2026-04-15T00:34:52","slug":"ben-bilge","status":"publish","type":"product","link":"https:\/\/roveyayinevi.com.tr\/index.php\/urun\/ben-bilge\/","title":{"rendered":"Ben Bilge"},"content":{"rendered":"<p>K\u00fc\u00e7\u00fckl\u00fc\u011f\u00fcmden beri Allah\u2019\u0131 buluta benzetirim. Asl\u0131nda Allah hi\u00e7bir \u015feye benzemez ve benzetilemez ama ortaokuldaki din hocam, \u201c\u0130leriye gitmeden bir \u015feye benzetebiliriz,\u201d demi\u015fti. O g\u00fcnden beri kafam\u0131 kald\u0131r\u0131p ne zaman baksam orada olduklar\u0131 i\u00e7in Allah\u2019\u0131 bulutlara benzetiyorum. Bir kitaptan okudu\u011fum \u015feyi sizle payla\u015fmak istiyorum: Kendine bazen \u00e7ok y\u00fcklenirsin. Bazen ald\u0131\u011f\u0131n nefes bile fazla gelir. Ya\u015fad\u0131\u011f\u0131n g\u00fcnleri bitsin diye ya\u015fars\u0131n. Ne yedi\u011finden tat al\u0131rs\u0131n ne i\u00e7ti\u011finden. \u0130\u015fte o zaman Allah\u2019\u0131n sana verdi\u011fi bedene hakaret etmi\u015f olursun. Kimseyi k\u0131rma, kimseyi \u00fczme. Akl\u0131na hep Allah\u2019\u0131 getir. Allah daima seninle. Ben Bilge Ben Bilge, \u015fu an yirmi ya\u015f\u0131nday\u0131m. Okuyaca\u011f\u0131n\u0131z her \u015feyi eksiksiz, fazlas\u0131yla ya\u015fad\u0131m. Yazarken kolay, ya\u015farken \u00e7ok zor. Biliyorum, Allah\u2019\u0131n izniyle \u00f6n\u00fcmde daha g\u00fczel y\u0131llar var. Pes etmek yok, yola devam. Do\u011fumundan itibaren sa\u011fl\u0131k sorunlar\u0131 ya\u015fam\u0131\u015f, on alt\u0131 ya\u015f\u0131nda kanser te\u015fhisi konmu\u015f ve kanseri yenmi\u015f bir gen\u00e7 k\u0131z\u0131n hik\u00e2yesi.<\/p>\n","protected":false},"excerpt":{"rendered":"<p>K\u00fc\u00e7\u00fckl\u00fc\u011f\u00fcmden beri Allah\u2019\u0131 buluta benzetirim. Asl\u0131nda Allah hi\u00e7bir \u015feye benzemez ve benzetilemez ama ortaokuldaki din hocam, \u201c\u0130leriye gitmeden bir \u015feye benzetebiliriz,\u201d demi\u015fti. O g\u00fcnden beri kafam\u0131<span class=\"excerpt-hellip\"> [\u2026]<\/span><\/p>\n","protected":false},"featured_media":0,"template":"","meta":{"_monsterinsights_skip_tracking":false,"_monsterinsights_sitenote_active":false,"_monsterinsights_sitenote_note":"","_monsterinsights_sitenote_category":0},"product_brand":[],"product_cat":[13701,12291],"product_tag":[],"class_list":{"0":"post-768840","1":"product","2":"type-product","3":"status-publish","5":"product_cat-ani-mektup-gunluk","6":"product_cat-edebiyat","7":"pa_cilt-ciltsiz","8":"pa_tur-kitap","9":"pa_yayinevi-hayykitap","10":"pa_yazar-bilgenur-ucar","12":"first","13":"instock","14":"sale","15":"shipping-taxable","16":"purchasable","17":"product-type-simple"},"_links":{"self":[{"href":"https:\/\/roveyayinevi.com.tr\/index.php\/wp-json\/wp\/v2\/product\/768840","targetHints":{"allow":["GET"]}}],"collection":[{"href":"https:\/\/roveyayinevi.com.tr\/index.php\/wp-json\/wp\/v2\/product"}],"about":[{"href":"https:\/\/roveyayinevi.com.tr\/index.php\/wp-json\/wp\/v2\/types\/product"}],"wp:attachment":[{"href":"https:\/\/roveyayinevi.com.tr\/index.php\/wp-json\/wp\/v2\/media?parent=768840"}],"wp:term":[{"taxonomy":"product_brand","embeddable":true,"href":"https:\/\/roveyayinevi.com.tr\/index.php\/wp-json\/wp\/v2\/product_brand?post=768840"},{"taxonomy":"product_cat","embeddable":true,"href":"https:\/\/roveyayinevi.com.tr\/index.php\/wp-json\/wp\/v2\/product_cat?post=768840"},{"taxonomy":"product_tag","embeddable":true,"href":"https:\/\/roveyayinevi.com.tr\/index.php\/wp-json\/wp\/v2\/product_tag?post=768840"}],"curies":[{"name":"wp","href":"https:\/\/api.w.org\/{rel}","templated":true}]}}