{"id":768837,"date":"2025-08-28T13:33:54","date_gmt":"2025-08-28T10:33:54","guid":{"rendered":"https:\/\/roveyayinevi.com.tr\/index.php\/urun\/pozitif-psikolojinin-gucu\/"},"modified":"2026-04-15T03:34:52","modified_gmt":"2026-04-15T00:34:52","slug":"pozitif-psikolojinin-gucu","status":"publish","type":"product","link":"https:\/\/roveyayinevi.com.tr\/index.php\/urun\/pozitif-psikolojinin-gucu\/","title":{"rendered":"Pozitif Psikolojinin G\u00fcc\u00fc"},"content":{"rendered":"<p>Kendinizin en b\u00fcy\u00fck ele\u015ftirmeni misiniz? Kimi zaman fikirlerinizi a\u00e7\u0131k\u00e7a belirtip kendinizi savunmakta zorlan\u0131yor musunuz? Ba\u015fkalar\u0131n\u0131n ne d\u00fc\u015f\u00fcnece\u011finden \u00e7ekinip kolayca huzursuz mu oluyorsunuz? Stresli durumlarda bile ne\u015fesini kaybetmeden dik durabilen ve kusursuz g\u00f6r\u00fcnen insanlara hayret mi ediyorsunuz? D\u00fcr\u00fcst olal\u0131m, hepimiz bazen etraf\u0131m\u0131zdakilerin so\u011fukkanl\u0131l\u0131\u011f\u0131na imrenerek bakar\u0131z. Bunun en yayg\u0131n nedenleri aras\u0131nda \u00f6z g\u00fcven ve \u00f6z fark\u0131ndal\u0131k eksikli\u011fi yer al\u0131r. Bir de durmadan bizi ele\u015ftiren i\u00e7imizdeki o ses!    Bu kitap size i\u00e7inizdeki ele\u015ftirmenle nas\u0131l y\u00fczle\u015fece\u011finizi g\u00f6steriyor. Kendinize g\u00fcvenmeyi \u00f6\u011frenmek, \u00f6z g\u00fcveninizi g\u00fc\u00e7lendirmek, kendinizi haks\u0131z d\u0131\u015f ele\u015ftirilere kar\u015f\u0131 savunmak ve ba\u015fkalar\u0131n\u0131n g\u00f6r\u00fc\u015flerinden kurtulmak sadece sizin elinizde. G\u00fczel konu\u015fma ve ileti\u015fim ko\u00e7u, \u00e7oksatan yazar Wladislaw Jachtchenko, Pozitif Psikoloji\u2019nin yedi anahtar\u0131 sayesinde daha g\u00fc\u00e7l\u00fc, daha sakin, daha \u00f6z g\u00fcvenli bir hayata giden yolu bulman\u0131za yard\u0131m edecek. <\/p>\n","protected":false},"excerpt":{"rendered":"<p>Kendinizin en b\u00fcy\u00fck ele\u015ftirmeni misiniz? Kimi zaman fikirlerinizi a\u00e7\u0131k\u00e7a belirtip kendinizi savunmakta zorlan\u0131yor musunuz? Ba\u015fkalar\u0131n\u0131n ne d\u00fc\u015f\u00fcnece\u011finden \u00e7ekinip kolayca huzursuz mu oluyorsunuz? Stresli durumlarda bile ne\u015fesini<span class=\"excerpt-hellip\"> [\u2026]<\/span><\/p>\n","protected":false},"featured_media":0,"template":"","meta":{"_monsterinsights_skip_tracking":false,"_monsterinsights_sitenote_active":false,"_monsterinsights_sitenote_note":"","_monsterinsights_sitenote_category":0},"product_brand":[],"product_cat":[20502,12357],"product_tag":[],"class_list":{"0":"post-768837","1":"product","2":"type-product","3":"status-publish","5":"product_cat-basvuru-kitaplari-psikoloji","6":"product_cat-psikoloji","7":"pa_cilt-ciltsiz","8":"pa_tur-kitap","9":"pa_yayinevi-mona-kitap","10":"pa_yazar-wladislaw-jachtchenko","12":"first","13":"instock","14":"sale","15":"shipping-taxable","16":"purchasable","17":"product-type-simple"},"_links":{"self":[{"href":"https:\/\/roveyayinevi.com.tr\/index.php\/wp-json\/wp\/v2\/product\/768837","targetHints":{"allow":["GET"]}}],"collection":[{"href":"https:\/\/roveyayinevi.com.tr\/index.php\/wp-json\/wp\/v2\/product"}],"about":[{"href":"https:\/\/roveyayinevi.com.tr\/index.php\/wp-json\/wp\/v2\/types\/product"}],"wp:attachment":[{"href":"https:\/\/roveyayinevi.com.tr\/index.php\/wp-json\/wp\/v2\/media?parent=768837"}],"wp:term":[{"taxonomy":"product_brand","embeddable":true,"href":"https:\/\/roveyayinevi.com.tr\/index.php\/wp-json\/wp\/v2\/product_brand?post=768837"},{"taxonomy":"product_cat","embeddable":true,"href":"https:\/\/roveyayinevi.com.tr\/index.php\/wp-json\/wp\/v2\/product_cat?post=768837"},{"taxonomy":"product_tag","embeddable":true,"href":"https:\/\/roveyayinevi.com.tr\/index.php\/wp-json\/wp\/v2\/product_tag?post=768837"}],"curies":[{"name":"wp","href":"https:\/\/api.w.org\/{rel}","templated":true}]}}