{"id":768836,"date":"2025-08-28T13:33:51","date_gmt":"2025-08-28T10:33:51","guid":{"rendered":"https:\/\/roveyayinevi.com.tr\/index.php\/urun\/kaybolmus-hayatlar\/"},"modified":"2026-04-15T03:34:52","modified_gmt":"2026-04-15T00:34:52","slug":"kaybolmus-hayatlar","status":"publish","type":"product","link":"https:\/\/roveyayinevi.com.tr\/index.php\/urun\/kaybolmus-hayatlar\/","title":{"rendered":"Kaybolmu\u015f Hayatlar"},"content":{"rendered":"<p>Diyarbak\u0131r\u2019da ba\u015flay\u0131p Adana\u2019da noktalanan bir ya\u015fam\u2026 Diyarbak\u0131r\u2019dan Adana\u2019ya \u00e7o\u011falan ac\u0131lar\u2026 Bir annenin h\u0131rs\u0131nda y\u00f6n\u00fcn\u00fc yitiren bir adam\u2026 Bir adam\u0131n yar\u0131m b\u0131rakt\u0131klar\u0131n\u0131 tamamlamaya \u00e7al\u0131\u015fan bir kad\u0131n\u2026 Bir kad\u0131n\u0131n kanatlar\u0131 alt\u0131nda anne sevgisi bulan d\u00f6rt \u00e7ocuk\u2026 Ya\u015famdan alaca\u011f\u0131 olanlar\u0131n Ya\u015famla hi\u00e7 bitmeyen kavgalar\u0131n\u0131 anlat\u0131yor Kaybolmu\u015f Hayatlar&#8230; <\/p>\n","protected":false},"excerpt":{"rendered":"<p>Diyarbak\u0131r\u2019da ba\u015flay\u0131p Adana\u2019da noktalanan bir ya\u015fam\u2026 Diyarbak\u0131r\u2019dan Adana\u2019ya \u00e7o\u011falan ac\u0131lar\u2026 Bir annenin h\u0131rs\u0131nda y\u00f6n\u00fcn\u00fc yitiren bir adam\u2026 Bir adam\u0131n yar\u0131m b\u0131rakt\u0131klar\u0131n\u0131 tamamlamaya \u00e7al\u0131\u015fan bir kad\u0131n\u2026 Bir<span class=\"excerpt-hellip\"> [\u2026]<\/span><\/p>\n","protected":false},"featured_media":0,"template":"","meta":{"_monsterinsights_skip_tracking":false,"_monsterinsights_sitenote_active":false,"_monsterinsights_sitenote_note":"","_monsterinsights_sitenote_category":0},"product_brand":[],"product_cat":[12291,12711],"product_tag":[],"class_list":{"0":"post-768836","1":"product","2":"type-product","3":"status-publish","5":"product_cat-edebiyat","6":"product_cat-roman-oyku","7":"pa_cilt-ciltsiz","8":"pa_tur-kitap","9":"pa_yayinevi-alden-yayinlari","10":"pa_yazar-fatin-murat-seferbeyoglu","12":"first","13":"instock","14":"sale","15":"shipping-taxable","16":"purchasable","17":"product-type-simple"},"_links":{"self":[{"href":"https:\/\/roveyayinevi.com.tr\/index.php\/wp-json\/wp\/v2\/product\/768836","targetHints":{"allow":["GET"]}}],"collection":[{"href":"https:\/\/roveyayinevi.com.tr\/index.php\/wp-json\/wp\/v2\/product"}],"about":[{"href":"https:\/\/roveyayinevi.com.tr\/index.php\/wp-json\/wp\/v2\/types\/product"}],"wp:attachment":[{"href":"https:\/\/roveyayinevi.com.tr\/index.php\/wp-json\/wp\/v2\/media?parent=768836"}],"wp:term":[{"taxonomy":"product_brand","embeddable":true,"href":"https:\/\/roveyayinevi.com.tr\/index.php\/wp-json\/wp\/v2\/product_brand?post=768836"},{"taxonomy":"product_cat","embeddable":true,"href":"https:\/\/roveyayinevi.com.tr\/index.php\/wp-json\/wp\/v2\/product_cat?post=768836"},{"taxonomy":"product_tag","embeddable":true,"href":"https:\/\/roveyayinevi.com.tr\/index.php\/wp-json\/wp\/v2\/product_tag?post=768836"}],"curies":[{"name":"wp","href":"https:\/\/api.w.org\/{rel}","templated":true}]}}