{"id":768832,"date":"2025-08-28T13:33:42","date_gmt":"2025-08-28T10:33:42","guid":{"rendered":"https:\/\/roveyayinevi.com.tr\/index.php\/urun\/iz-kalmasin\/"},"modified":"2026-04-15T03:34:52","modified_gmt":"2026-04-15T00:34:52","slug":"iz-kalmasin","status":"publish","type":"product","link":"https:\/\/roveyayinevi.com.tr\/index.php\/urun\/iz-kalmasin\/","title":{"rendered":"\u0130z Kalmas\u0131n"},"content":{"rendered":"<p>\u0130Z KALMASIN, yazar\u0131n da i\u00e7inde oldu\u011fu ya\u015fanm\u0131\u015f olaylar ve zamanla savrulup kaybolan ya\u015fam \u00f6yk\u00fclerinin canl\u0131 tan\u0131\u011f\u0131 olarak y\u00f6resel dil ve geleneksel k\u00fclt\u00fcr\u00fcm\u00fcz\u00fcn kayna\u015farak anlat\u0131ld\u0131\u011f\u0131 bir romand\u0131r. Ad\u0131n\u0131 duydu\u011funuz ama hi\u00e7 gitmedi\u011finiz bir co\u011frafyada, do\u011fal ya\u015fam i\u00e7inde as\u0131rlarca s\u00fcren g\u00f6\u00e7erlik k\u00fclt\u00fcr\u00fcn\u00fcn derin izlerini siz okuyucularla kucakla\u015ft\u0131ran bu romand\u0131r. \u0130Z KALMASIN, asl\u0131nda hepimizin ya\u015fad\u0131\u011f\u0131 ama gizli kalm\u0131\u015f sosyal ve k\u00fclt\u00fcrel ya\u015fam\u0131m\u0131z\u0131n ba\u015fka bir ad\u0131d\u0131r. Bu kitap, Toroslar\u2019da binlerce y\u0131l hi\u00e7 kesilmeden s\u00fcren g\u00f6\u00e7erlik ya\u015fam\u0131n\u0131n trajik bir \u015fekilde biti\u015f hik\u00e2yesidir. \u0130Z KALMASIN\u2019da okuyucular tarihsel ve k\u00fclt\u00fcrel ge\u00e7mi\u015flerini yeniden bulup sorgulayacaklar\u0131n\u0131 umuyoruz. <\/p>\n","protected":false},"excerpt":{"rendered":"<p>\u0130Z KALMASIN, yazar\u0131n da i\u00e7inde oldu\u011fu ya\u015fanm\u0131\u015f olaylar ve zamanla savrulup kaybolan ya\u015fam \u00f6yk\u00fclerinin canl\u0131 tan\u0131\u011f\u0131 olarak y\u00f6resel dil ve geleneksel k\u00fclt\u00fcr\u00fcm\u00fcz\u00fcn kayna\u015farak anlat\u0131ld\u0131\u011f\u0131 bir romand\u0131r.<span class=\"excerpt-hellip\"> [\u2026]<\/span><\/p>\n","protected":false},"featured_media":0,"template":"","meta":{"_monsterinsights_skip_tracking":false,"_monsterinsights_sitenote_active":false,"_monsterinsights_sitenote_note":"","_monsterinsights_sitenote_category":0},"product_brand":[],"product_cat":[12291,12711],"product_tag":[],"class_list":{"0":"post-768832","1":"product","2":"type-product","3":"status-publish","5":"product_cat-edebiyat","6":"product_cat-roman-oyku","7":"pa_cilt-ciltsiz","8":"pa_tur-kitap","9":"pa_yayinevi-denizkizi-yayinlari","10":"pa_yazar-selehattin-sert","12":"first","13":"instock","14":"sale","15":"shipping-taxable","16":"purchasable","17":"product-type-simple"},"_links":{"self":[{"href":"https:\/\/roveyayinevi.com.tr\/index.php\/wp-json\/wp\/v2\/product\/768832","targetHints":{"allow":["GET"]}}],"collection":[{"href":"https:\/\/roveyayinevi.com.tr\/index.php\/wp-json\/wp\/v2\/product"}],"about":[{"href":"https:\/\/roveyayinevi.com.tr\/index.php\/wp-json\/wp\/v2\/types\/product"}],"wp:attachment":[{"href":"https:\/\/roveyayinevi.com.tr\/index.php\/wp-json\/wp\/v2\/media?parent=768832"}],"wp:term":[{"taxonomy":"product_brand","embeddable":true,"href":"https:\/\/roveyayinevi.com.tr\/index.php\/wp-json\/wp\/v2\/product_brand?post=768832"},{"taxonomy":"product_cat","embeddable":true,"href":"https:\/\/roveyayinevi.com.tr\/index.php\/wp-json\/wp\/v2\/product_cat?post=768832"},{"taxonomy":"product_tag","embeddable":true,"href":"https:\/\/roveyayinevi.com.tr\/index.php\/wp-json\/wp\/v2\/product_tag?post=768832"}],"curies":[{"name":"wp","href":"https:\/\/api.w.org\/{rel}","templated":true}]}}