{"id":768831,"date":"2025-08-28T13:33:39","date_gmt":"2025-08-28T10:33:39","guid":{"rendered":"https:\/\/roveyayinevi.com.tr\/index.php\/urun\/filedelfiya-hikayeleri\/"},"modified":"2026-04-15T03:34:52","modified_gmt":"2026-04-15T00:34:52","slug":"filedelfiya-hikayeleri","status":"publish","type":"product","link":"https:\/\/roveyayinevi.com.tr\/index.php\/urun\/filedelfiya-hikayeleri\/","title":{"rendered":"Filedelfiya Hikayeleri"},"content":{"rendered":"<p>\u201cBizim mahallede kimse kimseyle y\u00fczle\u015fmezdi. Y\u00fczle\u015fmenin samimiyetinin kald\u0131r\u0131labilece\u011fi bir ili\u015fki tarz\u0131 yoktu. O sadece aile i\u00e7inde olur ve orada kal\u0131rd\u0131. Kom\u015fuculukta herkes edebiyle davran\u0131r, edebiyle konu\u015furdu. Asl\u0131nda annem s\u00f6ylentilere inan\u0131yor, Reyhan Teyze de bunu biliyor, annem de onun bunu bildi\u011fini biliyordu. Dahas\u0131, Reyhan Teyze, bu s\u00f6ylentilerin do\u011fru oldu\u011funu da biliyordu. Ama t\u00fcm bunlar\u0131 itiraf ettikleri anda, geriye d\u00f6n\u00fc\u015f yoktu. Birbirlerinin y\u00fcz\u00fcne h\u00e2l\u00e2 bakabilmek istiyorlarsa, bu konuyu samimiyetle konu\u015fmalar\u0131 m\u00fcmk\u00fcn de\u011fildi. Reyhan Teyze\u2019nin \u00e7\u0131k\u0131\u015f\u0131 c\u00fcretliydi ama y\u00fczle\u015fme iste\u011fi de\u011fildi. \u00c7\u00fcnk\u00fc s\u00f6ylentinin inan\u0131l\u0131r olmad\u0131\u011f\u0131n\u0131 ima ediyordu. Sadece, yaln\u0131zla\u015ft\u0131r\u0131lmak istemedi\u011fini, bu oyunu kural\u0131na g\u00f6re oynayaca\u011f\u0131n\u0131 s\u00f6ylemeye \u00e7al\u0131\u015f\u0131yordu.\u201d  Filedelfiya Hik\u00e2yeleri, ayn\u0131 mahallede d\u00f6n\u00fcp dola\u015fan, karakterlerin her birini bir di\u011ferine b\u00fcy\u00fck bir ustal\u0131kla teyelleyen, hayatlar\u0131 zamanla i\u00e7 i\u00e7e ge\u00e7en insanlar\u0131n hik\u00e2yesini g\u00fcn y\u00fcz\u00fcne \u00e7\u0131kar\u0131yor. B\u00fcy\u00fcme m\u00fccadelesi verenler, s\u0131rr\u0131n\u0131 kimseyle payla\u015famayanlar, g\u00f6z\u00fcn\u00fc kom\u015fu evden alamayanlar, ilk a\u015fk heyecan\u0131yla ba\u015f\u0131 d\u00f6nenler ve bir baltaya sap olamayanlar bu hik\u00e2yelerde bir araya geliyor.  Ye\u015fim Erdem, ilk kitab\u0131 Filedelfiya Hik\u00e2yeleri\u2019nde topluma farkl\u0131 bir g\u00f6zle bakarken usul usul akan, her bir karakterine b\u00fcy\u00fck bir d\u00fcr\u00fcstl\u00fckle yakla\u015fan, herkesi anlamaya \u00e7al\u0131\u015fan usta i\u015fi bir metin \u00e7\u0131kar\u0131yor ortaya.<\/p>\n","protected":false},"excerpt":{"rendered":"<p>\u201cBizim mahallede kimse kimseyle y\u00fczle\u015fmezdi. Y\u00fczle\u015fmenin samimiyetinin kald\u0131r\u0131labilece\u011fi bir ili\u015fki tarz\u0131 yoktu. O sadece aile i\u00e7inde olur ve orada kal\u0131rd\u0131. Kom\u015fuculukta herkes edebiyle davran\u0131r, edebiyle konu\u015furdu.<span class=\"excerpt-hellip\"> [\u2026]<\/span><\/p>\n","protected":false},"featured_media":0,"template":"","meta":{"_monsterinsights_skip_tracking":false,"_monsterinsights_sitenote_active":false,"_monsterinsights_sitenote_note":"","_monsterinsights_sitenote_category":0},"product_brand":[],"product_cat":[12291,12711],"product_tag":[],"class_list":{"0":"post-768831","1":"product","2":"type-product","3":"status-publish","5":"product_cat-edebiyat","6":"product_cat-roman-oyku","7":"pa_cilt-ciltsiz","8":"pa_tur-kitap","9":"pa_yayinevi-can-yayinlari","10":"pa_yazar-yesim-erdem","12":"first","13":"instock","14":"sale","15":"shipping-taxable","16":"purchasable","17":"product-type-simple"},"_links":{"self":[{"href":"https:\/\/roveyayinevi.com.tr\/index.php\/wp-json\/wp\/v2\/product\/768831","targetHints":{"allow":["GET"]}}],"collection":[{"href":"https:\/\/roveyayinevi.com.tr\/index.php\/wp-json\/wp\/v2\/product"}],"about":[{"href":"https:\/\/roveyayinevi.com.tr\/index.php\/wp-json\/wp\/v2\/types\/product"}],"wp:attachment":[{"href":"https:\/\/roveyayinevi.com.tr\/index.php\/wp-json\/wp\/v2\/media?parent=768831"}],"wp:term":[{"taxonomy":"product_brand","embeddable":true,"href":"https:\/\/roveyayinevi.com.tr\/index.php\/wp-json\/wp\/v2\/product_brand?post=768831"},{"taxonomy":"product_cat","embeddable":true,"href":"https:\/\/roveyayinevi.com.tr\/index.php\/wp-json\/wp\/v2\/product_cat?post=768831"},{"taxonomy":"product_tag","embeddable":true,"href":"https:\/\/roveyayinevi.com.tr\/index.php\/wp-json\/wp\/v2\/product_tag?post=768831"}],"curies":[{"name":"wp","href":"https:\/\/api.w.org\/{rel}","templated":true}]}}