{"id":768830,"date":"2025-08-28T13:33:38","date_gmt":"2025-08-28T10:33:38","guid":{"rendered":"https:\/\/roveyayinevi.com.tr\/index.php\/urun\/6-subat-2023-depremlerinin-fotografik-atlasi-ciltli\/"},"modified":"2026-04-15T03:34:52","modified_gmt":"2026-04-15T00:34:52","slug":"6-subat-2023-depremlerinin-fotografik-atlasi-ciltli","status":"publish","type":"product","link":"https:\/\/roveyayinevi.com.tr\/index.php\/urun\/6-subat-2023-depremlerinin-fotografik-atlasi-ciltli\/","title":{"rendered":"6 \u015eubat 2023 Depremlerinin Foto\u011frafik Atlas\u0131 (Ciltli)"},"content":{"rendered":"<p>Bu \u00e7al\u0131\u015fma, deprem s\u00fcrecinin ve afet y\u00f6netimi a\u015famalar\u0131n\u0131n g\u00f6rsel olarak belgelenmesi ve sunulmas\u0131 amac\u0131yla haz\u0131rlanm\u0131\u015f \u00f6nemli bir kaynakt\u0131r. Bir taraftan asr\u0131n felaketinin etkilerini, yap\u0131lan m\u00fcdahale ve iyile\u015ftirme \u00e7al\u0131\u015fmalar\u0131n\u0131, toplumsal belle\u011fi g\u00f6rsel olarak kay\u0131t alt\u0131na alarak di\u011fer taraftan halk\u0131m\u0131z\u0131 gelecekte meydana gelebilecek afetlere kar\u015f\u0131 daha bilin\u00e7li hale getirmeyi ve afet y\u00f6netimini iyile\u015ftirmeyi ama\u00e7layan bir belge olarak haz\u0131rlanm\u0131\u015ft\u0131r. M\u00fcdahale ve iyile\u015ftirme ad\u0131mlar\u0131n\u0131n boyutlar\u0131n\u0131 g\u00f6rselle\u015ftirerek, gelecekte meydana gelebilecek afetlere haz\u0131rl\u0131k i\u00e7in ger\u00e7ekle\u015ftirilen \u00e7al\u0131\u015fmalar\u0131n payla\u015f\u0131lmas\u0131n\u0131 ve ya\u015fan\u0131lan felaketten ders \u00e7\u0131kar\u0131lmas\u0131n\u0131 hedeflemektedir. Bu \u00e7al\u0131\u015fma, empati ve dayan\u0131\u015fma ruhunu \u00f6n plana \u00e7\u0131kar\u0131rken, uluslararas\u0131 d\u00fczeyde bilgi ve deneyim payla\u015f\u0131m\u0131na olanak sa\u011flayacak ve afet y\u00f6netimi alan\u0131nda k\u00fcresel i\u015f birli\u011fine \u00f6nemli bir referans kayna\u011f\u0131 olu\u015fturacakt\u0131r. <\/p>\n","protected":false},"excerpt":{"rendered":"<p>Bu \u00e7al\u0131\u015fma, deprem s\u00fcrecinin ve afet y\u00f6netimi a\u015famalar\u0131n\u0131n g\u00f6rsel olarak belgelenmesi ve sunulmas\u0131 amac\u0131yla haz\u0131rlanm\u0131\u015f \u00f6nemli bir kaynakt\u0131r. Bir taraftan asr\u0131n felaketinin etkilerini, yap\u0131lan m\u00fcdahale ve<span class=\"excerpt-hellip\"> [\u2026]<\/span><\/p>\n","protected":false},"featured_media":0,"template":"","meta":{"_monsterinsights_skip_tracking":false,"_monsterinsights_sitenote_active":false,"_monsterinsights_sitenote_note":"","_monsterinsights_sitenote_category":0},"product_brand":[],"product_cat":[52477],"product_tag":[],"class_list":{"0":"post-768830","1":"product","2":"type-product","3":"status-publish","5":"product_cat-arastirma","6":"pa_cilt-ciltli","7":"pa_tur-kitap","8":"pa_yayinevi-tiav","9":"pa_yazar-senay-ozden","11":"first","12":"instock","13":"sale","14":"shipping-taxable","15":"purchasable","16":"product-type-simple"},"_links":{"self":[{"href":"https:\/\/roveyayinevi.com.tr\/index.php\/wp-json\/wp\/v2\/product\/768830","targetHints":{"allow":["GET"]}}],"collection":[{"href":"https:\/\/roveyayinevi.com.tr\/index.php\/wp-json\/wp\/v2\/product"}],"about":[{"href":"https:\/\/roveyayinevi.com.tr\/index.php\/wp-json\/wp\/v2\/types\/product"}],"wp:attachment":[{"href":"https:\/\/roveyayinevi.com.tr\/index.php\/wp-json\/wp\/v2\/media?parent=768830"}],"wp:term":[{"taxonomy":"product_brand","embeddable":true,"href":"https:\/\/roveyayinevi.com.tr\/index.php\/wp-json\/wp\/v2\/product_brand?post=768830"},{"taxonomy":"product_cat","embeddable":true,"href":"https:\/\/roveyayinevi.com.tr\/index.php\/wp-json\/wp\/v2\/product_cat?post=768830"},{"taxonomy":"product_tag","embeddable":true,"href":"https:\/\/roveyayinevi.com.tr\/index.php\/wp-json\/wp\/v2\/product_tag?post=768830"}],"curies":[{"name":"wp","href":"https:\/\/api.w.org\/{rel}","templated":true}]}}