{"id":768828,"date":"2025-08-28T13:33:29","date_gmt":"2025-08-28T10:33:29","guid":{"rendered":"https:\/\/roveyayinevi.com.tr\/index.php\/urun\/kendine-ait-bir-oda-yeni-kapak\/"},"modified":"2026-04-15T03:34:52","modified_gmt":"2026-04-15T00:34:52","slug":"kendine-ait-bir-oda-yeni-kapak","status":"publish","type":"product","link":"https:\/\/roveyayinevi.com.tr\/index.php\/urun\/kendine-ait-bir-oda-yeni-kapak\/","title":{"rendered":"Kendine Ait Bir Oda (Yeni Kapak)"},"content":{"rendered":"<p>Sizden bir oda d\u00fc\u015f\u00fcnmenizi rica ediyorum, di\u011fer binlerce oda gibi bir oda, penceresi insanlar\u0131n \u015fapkalar\u0131n\u0131n, kamyonetlerin, otomobillerin \u00fcst\u00fcnden ba\u015fka pencerelere bak\u0131yor, i\u00e7erideki bir masada ise bo\u015f bir k\u00e2\u011f\u0131d\u0131n \u00fcst\u00fcnde b\u00fcy\u00fck harflerle \u201cKADINLAR VE KURMACA\u201d yaz\u0131yor, ba\u015fka da bir \u015fey yazm\u0131yor.   \u0130lk kez 24 Ekim 1929&#8217;da yay\u0131mlanan Kendine Ait Bir Oda, Virginia Woolf&#8217;un kad\u0131nlar\u0131n entelekt\u00fcel ve ekonomik ba\u011f\u0131ms\u0131zl\u0131\u011fa sahip olmas\u0131 gerekti\u011fini savunan, uzun y\u0131llar boyunca erkeklerin tekelindeki edebiyat d\u00fcnyas\u0131n\u0131n kap\u0131lar\u0131n\u0131 cesurca \u00e7alan ve bug\u00fcn dahi g\u00fcncelli\u011fini koruyan ilham verici bir deneme.   \u201cFeminist d\u00fc\u015f\u00fcncenin d\u00f6n\u00fcm noktas\u0131 ve retorik bir ba\u015fyap\u0131t.\u201d The Guardian <\/p>\n","protected":false},"excerpt":{"rendered":"<p>Sizden bir oda d\u00fc\u015f\u00fcnmenizi rica ediyorum, di\u011fer binlerce oda gibi bir oda, penceresi insanlar\u0131n \u015fapkalar\u0131n\u0131n, kamyonetlerin, otomobillerin \u00fcst\u00fcnden ba\u015fka pencerelere bak\u0131yor, i\u00e7erideki bir masada ise bo\u015f<span class=\"excerpt-hellip\"> [\u2026]<\/span><\/p>\n","protected":false},"featured_media":0,"template":"","meta":{"_monsterinsights_skip_tracking":false,"_monsterinsights_sitenote_active":false,"_monsterinsights_sitenote_note":"","_monsterinsights_sitenote_category":0},"product_brand":[],"product_cat":[12777,12291],"product_tag":[],"class_list":{"0":"post-768828","1":"product","2":"type-product","3":"status-publish","5":"product_cat-deneme","6":"product_cat-edebiyat","7":"pa_cilt-ciltsiz","8":"pa_tur-kitap","9":"pa_yayinevi-can-yayinlari","10":"pa_yazar-virginia-wolf","12":"first","13":"instock","14":"sale","15":"shipping-taxable","16":"purchasable","17":"product-type-simple"},"_links":{"self":[{"href":"https:\/\/roveyayinevi.com.tr\/index.php\/wp-json\/wp\/v2\/product\/768828","targetHints":{"allow":["GET"]}}],"collection":[{"href":"https:\/\/roveyayinevi.com.tr\/index.php\/wp-json\/wp\/v2\/product"}],"about":[{"href":"https:\/\/roveyayinevi.com.tr\/index.php\/wp-json\/wp\/v2\/types\/product"}],"wp:attachment":[{"href":"https:\/\/roveyayinevi.com.tr\/index.php\/wp-json\/wp\/v2\/media?parent=768828"}],"wp:term":[{"taxonomy":"product_brand","embeddable":true,"href":"https:\/\/roveyayinevi.com.tr\/index.php\/wp-json\/wp\/v2\/product_brand?post=768828"},{"taxonomy":"product_cat","embeddable":true,"href":"https:\/\/roveyayinevi.com.tr\/index.php\/wp-json\/wp\/v2\/product_cat?post=768828"},{"taxonomy":"product_tag","embeddable":true,"href":"https:\/\/roveyayinevi.com.tr\/index.php\/wp-json\/wp\/v2\/product_tag?post=768828"}],"curies":[{"name":"wp","href":"https:\/\/api.w.org\/{rel}","templated":true}]}}